{"id":33072,"date":"2021-03-01T11:16:53","date_gmt":"2021-03-01T09:16:53","guid":{"rendered":"https:\/\/www.pussycatmerida.com\/eshop\/product\/rocks-off-prism-bala-vibradora\/"},"modified":"2026-03-11T12:38:11","modified_gmt":"2026-03-11T11:38:11","slug":"rocks-off-prism-bala-vibradora","status":"publish","type":"product","link":"https:\/\/www.pussycatmerida.com\/eshop\/producto\/rocks-off-prism-bala-vibradora\/","title":{"rendered":"ROCKS-OFF PRISM BALA VIBRADORA"},"content":{"rendered":"<p>Prism es una belleza elegante y esbelta dise\u00f1ada para las chicas que desean una bala de placer con un peque\u00f1o extra, pero con una longitud extremadamente elegante.<\/p>\n<p>Bello, lujoso y con 10 intensas vibraciones al alcance de tus dedos, puedes estar seguro de que Prism te har\u00e1 caer en una colorida bruma de sensual deleite org\u00e1smico. Recuerda, siempre hay oro al final del arco\u00edris &#8230;&#8230;&#8230;.<\/p>\n<ul>\n<li>Estimulaci\u00f3n precisa<\/li>\n<li>10 funciones<\/li>\n<li>100% resistente al agua<\/li>\n<li>Material de grado medico<\/li>\n<\/ul>\n","protected":false},"excerpt":{"rendered":"<p>ROCKS-OFF PRISM VIBRATING BULLET<\/p>\n","protected":false},"featured_media":58717,"template":"","meta":[],"pwb-brand":[52],"product_brand":[],"product_cat":[429,274,471],"product_tag":[],"class_list":{"0":"post-33072","1":"product","2":"type-product","3":"status-publish","4":"has-post-thumbnail","6":"pwb-brand-rocks-off","7":"product_cat-juguetes-sexuales-xxxbalas-vibradoras","8":"product_cat-juguetes-sexuales-xxx","9":"product_cat-novedades","10":"post_count_is_0","11":"boutique_post_style_4","13":"first","14":"instock","15":"taxable","16":"shipping-taxable","17":"purchasable","18":"product-type-simple","19":"boutique_image_style_2"},"brands":[{"id":52,"name":"ROCKS OFF","slug":"rocks-off"}],"_links":{"self":[{"href":"https:\/\/www.pussycatmerida.com\/eshop\/wp-json\/wp\/v2\/product\/33072","targetHints":{"allow":["GET"]}}],"collection":[{"href":"https:\/\/www.pussycatmerida.com\/eshop\/wp-json\/wp\/v2\/product"}],"about":[{"href":"https:\/\/www.pussycatmerida.com\/eshop\/wp-json\/wp\/v2\/types\/product"}],"wp:featuredmedia":[{"embeddable":true,"href":"https:\/\/www.pussycatmerida.com\/eshop\/wp-json\/wp\/v2\/media\/58717"}],"wp:attachment":[{"href":"https:\/\/www.pussycatmerida.com\/eshop\/wp-json\/wp\/v2\/media?parent=33072"}],"wp:term":[{"taxonomy":"pwb-brand","embeddable":true,"href":"https:\/\/www.pussycatmerida.com\/eshop\/wp-json\/wp\/v2\/pwb-brand?post=33072"},{"taxonomy":"product_brand","embeddable":true,"href":"https:\/\/www.pussycatmerida.com\/eshop\/wp-json\/wp\/v2\/product_brand?post=33072"},{"taxonomy":"product_cat","embeddable":true,"href":"https:\/\/www.pussycatmerida.com\/eshop\/wp-json\/wp\/v2\/product_cat?post=33072"},{"taxonomy":"product_tag","embeddable":true,"href":"https:\/\/www.pussycatmerida.com\/eshop\/wp-json\/wp\/v2\/product_tag?post=33072"}],"curies":[{"name":"wp","href":"https:\/\/api.w.org\/{rel}","templated":true}]}}