{"id":33285,"date":"2021-02-26T10:52:21","date_gmt":"2021-02-26T08:52:21","guid":{"rendered":"https:\/\/www.pussycatmerida.com\/eshop\/product\/wearwatch-vibrador-dual-technology-watchme-agua-marina-rosoral\/"},"modified":"2026-03-11T12:38:11","modified_gmt":"2026-03-11T11:38:11","slug":"wearwatch-vibrador-dual-technology-watchme-agua-marina-rosoral","status":"publish","type":"product","link":"https:\/\/www.pussycatmerida.com\/eshop\/producto\/wearwatch-vibrador-dual-technology-watchme-agua-marina-rosoral\/","title":{"rendered":"WEARWATCH VIBRADOR DUAL TECHNOLOGY WATCHME AGUA MARINA \/ ROSORAL"},"content":{"rendered":"<p>Juguetes prometedores en colores vivos que tambi\u00e9n cumplen lo que prometen: innovaci\u00f3n, nuevas experiencias y alegr\u00eda, ya sea solo o en pareja. La marca de estilo de vida Europea representa conceptos modernos y juguetes para adultos con atractivos elementos de dise\u00f1o. Est\u00e9tica y funci\u00f3n se dan la mano aqu\u00ed.<\/p>\n<p>WEARWATCH no solo quiere hacer juguetes sexuales simples, sino tambi\u00e9n mejorar la experiencia interpersonal. Una meta alta que se est\u00e1 alcanzando constantemente. Todos los juguetes son de alta calidad y agregan diversi\u00f3n y variedad a cada caj\u00f3n de la mesita de noche.<\/p>\n<p align=\"center\">BE HAPPY<\/p>\n<p>Nuestros juguetes son coloridos y vienen en todas e incluyen la tecnolog\u00eda WATCHME, Representan la sexualidad libre, juguetona y apasionada, para todos los sexos, g\u00e9neros y orientaciones, ya sea que est\u00e9n solos, juntos, en la cama, en una ba\u00f1era o en un autom\u00f3vil. \u00a1Lo importante es sentirse bien, re\u00edr y divertirse mucho!<\/p>\n<p>Hay tantas formas de excitarse. \u00a1Por eso hacemos una selecci\u00f3n de juguetes exclusivos! Esperamos ayudarlo a explorar sus deseos, cambiar sus h\u00e1bitos y mantenerse abierto a cosas nuevas. Defendemos los juguetes sexuales que hacen m\u00e1s que obtener excelentes cr\u00edticas dar felicidad a personas.\u00a0 Queremos satisfacerte en todos los sentidos. \u00a1Porque la vida es demasiado corta para no tener sexo realmente divertido!<\/p>\n<p>4 Colores y formas de combinarlos posibles culminan nuestro objetivo de BE HAPPY,\u00a0 Vas al gym? Coge la combinaci\u00f3n con reloj Rosa o Verde. Vas al cine o de cena? Coge la combinaci\u00f3n del reloj en Blanco o Negro.\u00a0\u00a0 Te levantas Happy? Coge colores alegres, tienes un d\u00eda neutro? Coge el blanco o Negro\u2026. Tu estado de \u00e1nimo marca la diversi\u00f3n en el sexo.<\/p>\n<p align=\"center\">PORQUE USAR WEARWATCH?<\/p>\n<p align=\"center\">Te damos razones de porque estamos aqu\u00ed, y porque lanzamos una marca para todos y para todos los estilos de vida.<\/p>\n<p>D\u00eda tras d\u00eda, hemos puesto todo lo que sabemos en nuestros productos. WEARWATCH nace de la filosof\u00eda de vida, la alegr\u00eda, el sexo y la complicidad. Todo nuestro conocimiento, habilidades y experiencia. Nuestro nombre lo dice todo: WEARWATCH es sin\u00f3nimo de juguetes de alta calidad que te hacen volver\u2026 volver por m\u00e1s. Para que eso suceda, siempre estamos probando cosas nuevas. Aprendemos, innovamos e investigamos nuevas t\u00e9cnicas todos los d\u00edas. La creaci\u00f3n de un nuevo motor o programa consiste en encontrar la estimulaci\u00f3n adecuada para adaptarse a cualquier estado de \u00e1nimo, punto de acceso o cuerpo en forma de formas que hablen por s\u00ed mismas.<\/p>\n<p>Amamos nuestro trabajo por eso debes saber que WEARWATCH se ensambla en Sevilla. amor y atenci\u00f3n para ensamblar el producto final que termina en sus manos. Todos los procesos, el trabajo de dise\u00f1o, los equipos, la fabricaci\u00f3n y el posicionamiento, lo hacemos todo aqu\u00ed en un solo lugar porque es nuestro objetivo, porque nos encanta crear nuestros juguetes y esperamos que a ti tambi\u00e9n te encanten tanto como a nosotros.<\/p>\n<p>Ahora hablemos de las novedades de WEARWATCH.<\/p>\n<p>Los toys WEARWATCH\u00a0 incluyen la tecnolog\u00eda reloj WATCHME, con el reloj incluido y listos para usar con el control remoto o sin el. Pero es que es esta tecnolog\u00eda?\u00a0<\/p>\n<p>Es un reloj inteligente sexual que te ayudar\u00e1 a controlar los juguetes sexuales WEARWATCH,\u00a0 Podemos sincronizarlos con los juguetes sexuales que utilicen la tecnolog\u00eda watchme para controlar las vibraciones y las funciones de nuestro sextoy .<\/p>\n<p>Funciones de un reloj WATCHME<\/p>\n<p>En un reloj WATCHME existen algunas funciones destacadas que pasamos a detallar:<\/p>\n<ul>\n<li>Activar \/ Desactivar la vibraci\u00f3n.<\/li>\n<li>Modificar los modos de vibraci\u00f3n<\/li>\n<li>Modificar las intensidades en cada modo de vibraci\u00f3n.<\/li>\n<\/ul>\n<p>Pero adem\u00e1s los juguetes WEARWATCH son impermeables?<\/p>\n<p>Si por supuesto, es impermeable y ser\u00e1 tu acompa\u00f1ante perfecto tanto en una rom\u00e1ntica ba\u00f1era de hidromasaje como bajo las c\u00f3modas s\u00e1banas de tu casa. Las vibraciones debajo del agua de este compa\u00f1ero de diversi\u00f3n son percibidas por muchas parejas como particularmente intensas.<\/p>\n<p><strong>WEAR WATCH DUAL<\/strong>\u00a0es un vibrador para parejas, tanto para ella como para \u00e9l. Su especial forma permite estimular a ambos miembros de la pareja con vibraciones espectaculares durante el sexo. La mujer lleva el vibrador durante el sexo, de modo que no solo estimula su punto G y el cl\u00edtoris, sino tambi\u00e9n el pene de su pareja. El extremo m\u00e1s delgado de este juguete de bienestar sexual proveedor de placer se introduce primero en la vagina y el extremo m\u00e1s grande se coloca sobre el cl\u00edtoris. Dos potentes motores excitan el cl\u00edtoris, la vagina y el pene al mismo tiempo de una forma excitante y hacen que vuestro acto sexual sea impresionante. La ajustada forma en U ofrece una reconfortante y adicional firmeza y una maravillosa presi\u00f3n en tus partes m\u00e1s bellas de la lujuria.<\/p>\n<p>Dual puede utilizarse para la masturbaci\u00f3n en solitario.<\/p>\n<p>Este vibrador est\u00e1 hecho de silicona m\u00e9dica flexible y se puede colocar de forma c\u00f3moda y suave sobre la piel. Lo especial de este producto de bienestar sexual es el control remoto inal\u00e1mbrico, con el que se puede controlar f\u00e1cilmente el placer desde el reloj sin necesidad de romper el estado de excitaci\u00f3n. Puedes seleccionar entre 7 emocionantes programas de vibraci\u00f3n con diferentes grados de intensidad.<\/p>\n<ul>\n<li>Vibrador frecuencia pulsante soft<\/li>\n<li>Silicona grado medico<\/li>\n<li>Recargable por USB<\/li>\n<li>7 Modos de vibraci\u00f3n<\/li>\n<li>Control de intensidad en cada modo<\/li>\n<li>Reloj control remoto tecnolog\u00eda WATCHME<\/li>\n<li>Contorneado para estimular con precisi\u00f3n sus puntos de placer<\/li>\n<li>Adecuado para estimulaci\u00f3n interna y externa.<\/li>\n<li>100% resistente al agua para una f\u00e1cil limpieza y ba\u00f1os m\u00e1s calientes que calientes<\/li>\n<li>Vibrador 100% vegano<\/li>\n<\/ul>\n<p>Pero esto no es todo, juega con garant\u00eda porque te ofrecemos 2 a\u00f1os de garant\u00eda para que tu juguete dure mucho tiempo.<\/p>\n","protected":false},"excerpt":{"rendered":"<p>WEARWATCH DUAL PLEASURE  WIRELESS TECHNOLOGY WATCHME LIGHT AQUAMARINE \/ CORAL<\/p>\n","protected":false},"featured_media":40562,"template":"","meta":[],"pwb-brand":[558],"product_brand":[],"product_cat":[284,288,274,471,893,299,298],"product_tag":[],"class_list":{"0":"post-33285","1":"product","2":"type-product","3":"status-publish","4":"has-post-thumbnail","6":"pwb-brand-wearwatch","7":"product_cat-juguetes-sexuales-xxxcontrol-remoto","8":"product_cat-juguetes-sexuales-xxxestimuladores","9":"product_cat-juguetes-sexuales-xxx","10":"product_cat-novedades","11":"product_cat-parejas","12":"product_cat-juguetes-sexuales-xxxvibradores","13":"product_cat-juguetes-sexuales-xxxvibradores-hi-tech","14":"post_count_is_0","15":"boutique_post_style_4","17":"first","18":"instock","19":"taxable","20":"shipping-taxable","21":"purchasable","22":"product-type-simple","23":"boutique_image_style_2"},"brands":[{"id":558,"name":"WEARWATCH","slug":"wearwatch"}],"_links":{"self":[{"href":"https:\/\/www.pussycatmerida.com\/eshop\/wp-json\/wp\/v2\/product\/33285","targetHints":{"allow":["GET"]}}],"collection":[{"href":"https:\/\/www.pussycatmerida.com\/eshop\/wp-json\/wp\/v2\/product"}],"about":[{"href":"https:\/\/www.pussycatmerida.com\/eshop\/wp-json\/wp\/v2\/types\/product"}],"wp:featuredmedia":[{"embeddable":true,"href":"https:\/\/www.pussycatmerida.com\/eshop\/wp-json\/wp\/v2\/media\/40562"}],"wp:attachment":[{"href":"https:\/\/www.pussycatmerida.com\/eshop\/wp-json\/wp\/v2\/media?parent=33285"}],"wp:term":[{"taxonomy":"pwb-brand","embeddable":true,"href":"https:\/\/www.pussycatmerida.com\/eshop\/wp-json\/wp\/v2\/pwb-brand?post=33285"},{"taxonomy":"product_brand","embeddable":true,"href":"https:\/\/www.pussycatmerida.com\/eshop\/wp-json\/wp\/v2\/product_brand?post=33285"},{"taxonomy":"product_cat","embeddable":true,"href":"https:\/\/www.pussycatmerida.com\/eshop\/wp-json\/wp\/v2\/product_cat?post=33285"},{"taxonomy":"product_tag","embeddable":true,"href":"https:\/\/www.pussycatmerida.com\/eshop\/wp-json\/wp\/v2\/product_tag?post=33285"}],"curies":[{"name":"wp","href":"https:\/\/api.w.org\/{rel}","templated":true}]}}