{"id":33310,"date":"2021-03-01T10:19:12","date_gmt":"2021-03-01T08:19:12","guid":{"rendered":"https:\/\/www.pussycatmerida.com\/eshop\/product\/intense-magnus-vibrador-recargable-dual-natural\/"},"modified":"2026-03-11T12:38:12","modified_gmt":"2026-03-11T11:38:12","slug":"intense-magnus-vibrador-recargable-dual-natural","status":"publish","type":"product","link":"https:\/\/www.pussycatmerida.com\/eshop\/producto\/intense-magnus-vibrador-recargable-dual-natural\/","title":{"rendered":"INTENSE MAGNUS VIBRADOR RECARGABLE DUAL NATURAL"},"content":{"rendered":"<p>\u00a1\u00a1Te presentamos a la nueva estrella de Intense, Magnus!! Ub vibrador en color natural y negro desarrollado en silicona de alta calidad y segura para el cuerpo.<\/p>\n<p>\u00a1El tacto es muy suave, su dise\u00f1o es de gran tama\u00f1o y su eje dispone de l\u00edneas surcadas con una parte bulbosa que te ofrecer\u00e1 un placer desmesurado y conseguir\u00e1 todos tus deseos sin apenas esfuerzo! Preparado para dar impactos suaves en el cl\u00edtoris y estimular tu Punto A, situado en la parte posterior de la vagina, cerca del cuello uterino. Tiene 8 velocidades de vibraci\u00f3n que hace que el juguete sea flexible con una posici\u00f3n \u00f3ptima y se adapte r\u00e1pidamente a una temperatura perfecta. \u00a0Dispone de 2 motores que podr\u00e1s usarlos independientemente, su carga inicial ser\u00e1 de 6-8 horas para brindarte entre 30-60 minutos de placer, dependiendo de la intensidad&#8230;<\/p>\n<p>Muy silencioso y discreto, resistente al agua categor\u00eda IPX6 \u00a0y recargable con cargador magn\u00e9tico de \u00faltima tecnolog\u00eda. . Apto para sexo anal. Se recomienda usar lubricante de base acuosa marca WATERFEEL para mejor inserci\u00f3n y cuidado del producto, ya que otros lubricantes podr\u00edan da\u00f1ar el juguete. Limpie cuidadosamente el juguete antes del primer uso y despu\u00e9s de cada uso.<\/p>\n<p>Caracter\u00edsticas Principales:<\/p>\n<ul>\n<li>Fabricado en silicona m\u00e9dica de alta calidad.<\/li>\n<li>Sumergible categor\u00eda IPX6<\/li>\n<li>Recargable, Cable Magn\u00e9tico incluido.<\/li>\n<li>Luz indicadora de carga.<\/li>\n<li>Tiempo de carga entre 6-8 horas.<\/li>\n<li>30-60 minutos de funcionamiento.<\/li>\n<li>Silencioso y discreto.<\/li>\n<li>8 Modos de vibraci\u00f3n<\/li>\n<li>2 motores independientes.<\/li>\n<li>Medidas; 210 x 38mm\u00a0<\/li>\n<\/ul>\n","protected":false},"excerpt":{"rendered":"<p>INTENSE MAGNUS RECHARGEABLE VIBRATOR FLESH<\/p>\n","protected":false},"featured_media":56002,"template":"","meta":[],"pwb-brand":[146,518,465],"product_brand":[],"product_cat":[274,294,471,302,910,299,905],"product_tag":[],"class_list":{"0":"post-33310","1":"product","2":"type-product","3":"status-publish","4":"has-post-thumbnail","6":"pwb-brand-intense","7":"pwb-brand-intenseintense-toysintense-fun","8":"pwb-brand-intenseintense-toys","9":"product_cat-juguetes-sexuales-xxx","10":"product_cat-juguetes-sexuales-xxxmasturbadores-para-ellas","11":"product_cat-novedades","12":"product_cat-juguetes-sexuales-xxxpenes","13":"product_cat-realisticos-con-vibracion","14":"product_cat-juguetes-sexuales-xxxvibradores","15":"product_cat-vibradores-dobles","16":"post_count_is_0","17":"boutique_post_style_4","19":"first","20":"instock","21":"taxable","22":"shipping-taxable","23":"purchasable","24":"product-type-simple","25":"boutique_image_style_2"},"brands":[{"id":146,"name":"INTENSE","slug":"intense"},{"id":518,"name":"INTENSE FUN","slug":"intenseintense-toysintense-fun"},{"id":465,"name":"INTENSE TOYS","slug":"intenseintense-toys"}],"_links":{"self":[{"href":"https:\/\/www.pussycatmerida.com\/eshop\/wp-json\/wp\/v2\/product\/33310","targetHints":{"allow":["GET"]}}],"collection":[{"href":"https:\/\/www.pussycatmerida.com\/eshop\/wp-json\/wp\/v2\/product"}],"about":[{"href":"https:\/\/www.pussycatmerida.com\/eshop\/wp-json\/wp\/v2\/types\/product"}],"wp:featuredmedia":[{"embeddable":true,"href":"https:\/\/www.pussycatmerida.com\/eshop\/wp-json\/wp\/v2\/media\/56002"}],"wp:attachment":[{"href":"https:\/\/www.pussycatmerida.com\/eshop\/wp-json\/wp\/v2\/media?parent=33310"}],"wp:term":[{"taxonomy":"pwb-brand","embeddable":true,"href":"https:\/\/www.pussycatmerida.com\/eshop\/wp-json\/wp\/v2\/pwb-brand?post=33310"},{"taxonomy":"product_brand","embeddable":true,"href":"https:\/\/www.pussycatmerida.com\/eshop\/wp-json\/wp\/v2\/product_brand?post=33310"},{"taxonomy":"product_cat","embeddable":true,"href":"https:\/\/www.pussycatmerida.com\/eshop\/wp-json\/wp\/v2\/product_cat?post=33310"},{"taxonomy":"product_tag","embeddable":true,"href":"https:\/\/www.pussycatmerida.com\/eshop\/wp-json\/wp\/v2\/product_tag?post=33310"}],"curies":[{"name":"wp","href":"https:\/\/api.w.org\/{rel}","templated":true}]}}