{"id":33311,"date":"2021-03-01T13:19:11","date_gmt":"2021-03-01T11:19:11","guid":{"rendered":"https:\/\/www.pussycatmerida.com\/eshop\/product\/intense-lippsy-pintalabios-vibrador\/"},"modified":"2026-03-11T12:38:12","modified_gmt":"2026-03-11T11:38:12","slug":"intense-lippsy-pintalabios-vibrador","status":"publish","type":"product","link":"https:\/\/www.pussycatmerida.com\/eshop\/producto\/intense-lippsy-pintalabios-vibrador\/","title":{"rendered":"INTENSE LIPPSY PINTALABIOS VIBRADOR"},"content":{"rendered":"<p>Llega el placer port\u00e1til de Intense con Lippsy , un vibrador mini con forma de pintalabios de lujo.<\/p>\n<p>Para que el autocuidado sea tan placentero y simple como las otras peque\u00f1as cosas de la vida diaria.<\/p>\n<p>Lippsy \u00a0Black es un vibrador mini compacto f\u00e1cil de meter en un bolsillo o bolso.<\/p>\n<p>F\u00e1cil de sostener, con una punta de silicona suave que resulta deliciosa al contacto con la piel,\u00a0 es resistente al agua categor\u00eda IPX4 \u00a0para que ning\u00fan escenario te limite.<\/p>\n<p>Podr\u00e1s llevarte a Lippsy \u00a0Black donde quieras.<\/p>\n<p>Caracter\u00edsticas principales:<\/p>\n<ul>\n<li>Vibrador para parejas que estimula el cl\u00edtoris<\/li>\n<li>10 intensos patrones de vibraci\u00f3n<\/li>\n<li>Juguete elaborado con silicona m\u00e9dica hipoalerg\u00e9nica, libre de ftalatos y l\u00e1tex<\/li>\n<li>Completamente seguro para el cuerpo<\/li>\n<li>Funciona con 4 pilas AG13 incluidas.<\/li>\n<li>Autonom\u00eda: hasta 50 minutos.<\/li>\n<li>Silencioso<\/li>\n<li>Sumergible bajo agua categor\u00eda IPX4<\/li>\n<li>Medidas: 100 x 23.5mm<\/li>\n<li>Compatible con cualquier lubricante de agua<\/li>\n<li>F\u00e1cil de usar y de limpiar<\/li>\n<\/ul>\n","protected":false},"excerpt":{"rendered":"<p>INTENSE LIPPSY LIPSTICK VIBRATOR<\/p>\n","protected":false},"featured_media":61977,"template":"","meta":[],"pwb-brand":[146,518,465],"product_brand":[],"product_cat":[429,288,274,471,434,299],"product_tag":[],"class_list":{"0":"post-33311","1":"product","2":"type-product","3":"status-publish","4":"has-post-thumbnail","6":"pwb-brand-intense","7":"pwb-brand-intenseintense-toysintense-fun","8":"pwb-brand-intenseintense-toys","9":"product_cat-juguetes-sexuales-xxxbalas-vibradoras","10":"product_cat-juguetes-sexuales-xxxestimuladores","11":"product_cat-juguetes-sexuales-xxx","12":"product_cat-novedades","13":"product_cat-juguetes-sexuales-xxxestimuladorespara-clitoris","14":"product_cat-juguetes-sexuales-xxxvibradores","15":"post_count_is_0","16":"boutique_post_style_4","18":"first","19":"instock","20":"taxable","21":"shipping-taxable","22":"purchasable","23":"product-type-simple","24":"boutique_image_style_2"},"brands":[{"id":146,"name":"INTENSE","slug":"intense"},{"id":518,"name":"INTENSE FUN","slug":"intenseintense-toysintense-fun"},{"id":465,"name":"INTENSE TOYS","slug":"intenseintense-toys"}],"_links":{"self":[{"href":"https:\/\/www.pussycatmerida.com\/eshop\/wp-json\/wp\/v2\/product\/33311","targetHints":{"allow":["GET"]}}],"collection":[{"href":"https:\/\/www.pussycatmerida.com\/eshop\/wp-json\/wp\/v2\/product"}],"about":[{"href":"https:\/\/www.pussycatmerida.com\/eshop\/wp-json\/wp\/v2\/types\/product"}],"wp:featuredmedia":[{"embeddable":true,"href":"https:\/\/www.pussycatmerida.com\/eshop\/wp-json\/wp\/v2\/media\/61977"}],"wp:attachment":[{"href":"https:\/\/www.pussycatmerida.com\/eshop\/wp-json\/wp\/v2\/media?parent=33311"}],"wp:term":[{"taxonomy":"pwb-brand","embeddable":true,"href":"https:\/\/www.pussycatmerida.com\/eshop\/wp-json\/wp\/v2\/pwb-brand?post=33311"},{"taxonomy":"product_brand","embeddable":true,"href":"https:\/\/www.pussycatmerida.com\/eshop\/wp-json\/wp\/v2\/product_brand?post=33311"},{"taxonomy":"product_cat","embeddable":true,"href":"https:\/\/www.pussycatmerida.com\/eshop\/wp-json\/wp\/v2\/product_cat?post=33311"},{"taxonomy":"product_tag","embeddable":true,"href":"https:\/\/www.pussycatmerida.com\/eshop\/wp-json\/wp\/v2\/product_tag?post=33311"}],"curies":[{"name":"wp","href":"https:\/\/api.w.org\/{rel}","templated":true}]}}