{"id":33344,"date":"2021-02-24T14:30:07","date_gmt":"2021-02-24T12:30:07","guid":{"rendered":"https:\/\/www.pussycatmerida.com\/eshop\/product\/fetish-fantasy-arnes-vibrador-hueco-19-cm-negro\/"},"modified":"2026-03-11T12:27:32","modified_gmt":"2026-03-11T11:27:32","slug":"fetish-fantasy-arnes-vibrador-hueco-19-cm-negro","status":"publish","type":"product","link":"https:\/\/www.pussycatmerida.com\/eshop\/producto\/fetish-fantasy-arnes-vibrador-hueco-19-cm-negro\/","title":{"rendered":"FETISH FANTASY ARNES VIBRADOR HUECO 19 CM NEGRO"},"content":{"rendered":"<p>Es un fant\u00e1stico arn\u00e9s vibrador hueco para hombre en color negro.<\/p>\n<p>Fabricado con PVC de primera calidad, libre de Phalatos, pertenece a la colecci\u00f3n FETISH FANTASY SERIES.<\/p>\n<p>Siempre ha querido tener un pene grande y sentirse m\u00e1s confiado con su tama\u00f1o? Su amante sabe que el tama\u00f1o s\u00ed importa, y nadie puede cumplir con sus fantas\u00edas y satisfacer a su pareja como un semental.<\/p>\n<p>Ahora usted puede tener la longitud y el grosor que siempre ha so\u00f1ado con este arn\u00e9s hueco con buena sujeci\u00f3n. Diga adi\u00f3s a la verg\u00fcenza de quedarse a mitad de camino y reciba una sonrisa satisfactoria de su amante.<\/p>\n<ul>\n<li>Pene de 19 x 3,8 cm.<\/li>\n<li>M\u00e1scara de regalo.<\/li>\n<\/ul>\n<p>El arn\u00e9s el\u00e1stico y c\u00f3modo, se ajusta f\u00e1cilmente para adaptarse a la mayor\u00eda de los tama\u00f1os. Es perfecto para los hombre con disfunci\u00f3n er\u00e9ctil, para las mujeres, o para las parejas que fantasean acerca de sus deseos m\u00e1s oscuros.<\/p>\n<p>Escoge la velocidad que es \u00f3ptima para ti y empieza a disfrutar de una satisfacci\u00f3n del punto exacto de placer.<\/p>\n<ul>\n<li>Funciona con 2 pilas AA no incluidas.<\/li>\n<\/ul>\n<p>Para una mejor conservaci\u00f3n, recomendamos su limpieza despu\u00e9s de cada uso con Pipedream Toy Cleaner y agua tibia.<\/p>\n<p>Explore su lado mas dominante o dejese dominar!<\/p>\n","protected":false},"excerpt":{"rendered":"<p>FETISH FANTASY 19 CM VIBRATING HOLLOW STRAP-ON BLACK<\/p>\n","protected":false},"featured_media":33345,"template":"","meta":[],"pwb-brand":[485,476],"product_brand":[],"product_cat":[917,278,274],"product_tag":[],"class_list":{"0":"post-33344","1":"product","2":"type-product","3":"status-publish","4":"has-post-thumbnail","6":"pwb-brand-pipedreams-fetish-fantasy-series","7":"pwb-brand-pipedreams","8":"product_cat-arnes-hueco","9":"product_cat-juguetes-sexuales-xxxarneses","10":"product_cat-juguetes-sexuales-xxx","11":"post_count_is_0","12":"boutique_post_style_4","14":"first","15":"instock","16":"taxable","17":"shipping-taxable","18":"purchasable","19":"product-type-simple","20":"boutique_image_style_2"},"brands":[{"id":485,"name":"FETISH FANTASY SERIES","slug":"pipedreams-fetish-fantasy-series"},{"id":476,"name":"PIPEDREAMS","slug":"pipedreams"}],"_links":{"self":[{"href":"https:\/\/www.pussycatmerida.com\/eshop\/wp-json\/wp\/v2\/product\/33344","targetHints":{"allow":["GET"]}}],"collection":[{"href":"https:\/\/www.pussycatmerida.com\/eshop\/wp-json\/wp\/v2\/product"}],"about":[{"href":"https:\/\/www.pussycatmerida.com\/eshop\/wp-json\/wp\/v2\/types\/product"}],"wp:featuredmedia":[{"embeddable":true,"href":"https:\/\/www.pussycatmerida.com\/eshop\/wp-json\/wp\/v2\/media\/33345"}],"wp:attachment":[{"href":"https:\/\/www.pussycatmerida.com\/eshop\/wp-json\/wp\/v2\/media?parent=33344"}],"wp:term":[{"taxonomy":"pwb-brand","embeddable":true,"href":"https:\/\/www.pussycatmerida.com\/eshop\/wp-json\/wp\/v2\/pwb-brand?post=33344"},{"taxonomy":"product_brand","embeddable":true,"href":"https:\/\/www.pussycatmerida.com\/eshop\/wp-json\/wp\/v2\/product_brand?post=33344"},{"taxonomy":"product_cat","embeddable":true,"href":"https:\/\/www.pussycatmerida.com\/eshop\/wp-json\/wp\/v2\/product_cat?post=33344"},{"taxonomy":"product_tag","embeddable":true,"href":"https:\/\/www.pussycatmerida.com\/eshop\/wp-json\/wp\/v2\/product_tag?post=33344"}],"curies":[{"name":"wp","href":"https:\/\/api.w.org\/{rel}","templated":true}]}}