{"id":33537,"date":"2021-02-24T14:31:09","date_gmt":"2021-02-24T12:31:09","guid":{"rendered":"https:\/\/www.pussycatmerida.com\/eshop\/product\/fetish-arnes-doble-penetracion-15cm\/"},"modified":"2026-03-11T12:27:00","modified_gmt":"2026-03-11T11:27:00","slug":"fetish-arnes-doble-penetracion-15cm","status":"publish","type":"product","link":"https:\/\/www.pussycatmerida.com\/eshop\/producto\/fetish-arnes-doble-penetracion-15cm\/","title":{"rendered":"FETISH ARNES DOBLE PENETRACION 15CM"},"content":{"rendered":"<p>Es un fant\u00e1stico arn\u00e9s de doble penetraci\u00f3n ajustable, especialmente indicado para penetraciones l\u00e9sbicas o bisexuales fabricado en l\u00e1tex de alta calidad.<\/p>\n<p>Dise\u00f1ado espec\u00edficamente para mujeres que desean realizar penetraciones anales o vaginales sobre hombres o mujeres indistintamente consiguiendo al mismo tiempo un intenso placer para ambos, pues est\u00e1 provisto de dos penes fabricados en l\u00e1tex de alta calidad.<\/p>\n<ul>\n<li>Medidas; 15cm de largo en cada punta<\/li>\n<\/ul>\n<p>\u00a1Descubre un nuevo mundo de posibilidades!.<\/p>\n<ul>\n<li>Color; Lila<\/li>\n<\/ul>\n<p style=\"text-align: center;\">\u00a0<\/p>\n<p style=\"text-align: center;\"><iframe loading=\"lazy\" allowfullscreen=\"\" frameborder=\"0\" height=\"400\" mozallowfullscreen=\"\" src=\"https:\/\/player.vimeo.com\/video\/160619593\" webkitallowfullscreen=\"\" width=\"700\"><\/iframe><\/p>\n","protected":false},"excerpt":{"rendered":"<p>FETISH FANTASY ARNES DOBLE PENETRACION<\/p>\n","protected":false},"featured_media":33538,"template":"","meta":[],"pwb-brand":[485,476],"product_brand":[],"product_cat":[918,278,282,274],"product_tag":[],"class_list":{"0":"post-33537","1":"product","2":"type-product","3":"status-publish","4":"has-post-thumbnail","6":"pwb-brand-pipedreams-fetish-fantasy-series","7":"pwb-brand-pipedreams","8":"product_cat-arnes-doble","9":"product_cat-juguetes-sexuales-xxxarneses","10":"product_cat-juguetes-sexuales-xxxfetish-bondage","11":"product_cat-juguetes-sexuales-xxx","12":"post_count_is_0","13":"boutique_post_style_4","15":"first","16":"instock","17":"taxable","18":"shipping-taxable","19":"purchasable","20":"product-type-simple","21":"boutique_image_style_2"},"brands":[{"id":485,"name":"FETISH FANTASY SERIES","slug":"pipedreams-fetish-fantasy-series"},{"id":476,"name":"PIPEDREAMS","slug":"pipedreams"}],"_links":{"self":[{"href":"https:\/\/www.pussycatmerida.com\/eshop\/wp-json\/wp\/v2\/product\/33537","targetHints":{"allow":["GET"]}}],"collection":[{"href":"https:\/\/www.pussycatmerida.com\/eshop\/wp-json\/wp\/v2\/product"}],"about":[{"href":"https:\/\/www.pussycatmerida.com\/eshop\/wp-json\/wp\/v2\/types\/product"}],"wp:featuredmedia":[{"embeddable":true,"href":"https:\/\/www.pussycatmerida.com\/eshop\/wp-json\/wp\/v2\/media\/33538"}],"wp:attachment":[{"href":"https:\/\/www.pussycatmerida.com\/eshop\/wp-json\/wp\/v2\/media?parent=33537"}],"wp:term":[{"taxonomy":"pwb-brand","embeddable":true,"href":"https:\/\/www.pussycatmerida.com\/eshop\/wp-json\/wp\/v2\/pwb-brand?post=33537"},{"taxonomy":"product_brand","embeddable":true,"href":"https:\/\/www.pussycatmerida.com\/eshop\/wp-json\/wp\/v2\/product_brand?post=33537"},{"taxonomy":"product_cat","embeddable":true,"href":"https:\/\/www.pussycatmerida.com\/eshop\/wp-json\/wp\/v2\/product_cat?post=33537"},{"taxonomy":"product_tag","embeddable":true,"href":"https:\/\/www.pussycatmerida.com\/eshop\/wp-json\/wp\/v2\/product_tag?post=33537"}],"curies":[{"name":"wp","href":"https:\/\/api.w.org\/{rel}","templated":true}]}}