{"id":33574,"date":"2021-02-24T14:31:17","date_gmt":"2021-02-24T12:31:17","guid":{"rendered":"https:\/\/www.pussycatmerida.com\/eshop\/product\/fetish-fantasy-posicion-master-trabajo-duro\/"},"modified":"2026-03-11T12:26:00","modified_gmt":"2026-03-11T11:26:00","slug":"fetish-fantasy-posicion-master-trabajo-duro","status":"publish","type":"product","link":"https:\/\/www.pussycatmerida.com\/eshop\/producto\/fetish-fantasy-posicion-master-trabajo-duro\/","title":{"rendered":"FETISH FANTASY POSICION MASTER TRABAJO DURO"},"content":{"rendered":"<p>Deje que tu imaginaci\u00f3n te lleve m\u00e1s all\u00e1 de los l\u00edmites f\u00edsicos con el Heavy Duty Position Master.<\/p>\n<p>Las resistentes cintas mantendr\u00e1n sus piernas firmemente en su lugar con el fin de que no se canse en el mejor momento, mientras que las esposas aseguran que tu sujeto no se escape en cualquier momento.<\/p>\n<ul>\n<li>Las cintas est\u00e1n afelpadas, permiti\u00e9ndote el mayor confort.<\/li>\n<\/ul>\n<p>Las cintas se ajustan muy f\u00e1cilmente con velcro, as\u00ed podr\u00e1s controlar donde se sit\u00faan las piernas en cualquier momento del juego.<\/p>\n<p>Conviertete en el maestro de tu proximo encuentro!<\/p>\n<ul>\n<li>Incluye m\u00e1scara de regalo.<\/li>\n<li>100% Ajustable.<\/li>\n<\/ul>\n","protected":false},"excerpt":{"rendered":"<p>FETISH FANTASY HEAVY DUTY POSITION MASTER<\/p>\n","protected":false},"featured_media":33575,"template":"","meta":[],"pwb-brand":[485,476],"product_brand":[],"product_cat":[278,952,283,282,274],"product_tag":[],"class_list":{"0":"post-33574","1":"product","2":"type-product","3":"status-publish","4":"has-post-thumbnail","6":"pwb-brand-pipedreams-fetish-fantasy-series","7":"pwb-brand-pipedreams","8":"product_cat-juguetes-sexuales-xxxarneses","9":"product_cat-bondage","10":"product_cat-juguetes-sexuales-xxxcolumpios-muebles","11":"product_cat-juguetes-sexuales-xxxfetish-bondage","12":"product_cat-juguetes-sexuales-xxx","13":"post_count_is_0","14":"boutique_post_style_4","16":"first","17":"instock","18":"taxable","19":"shipping-taxable","20":"purchasable","21":"product-type-simple","22":"boutique_image_style_2"},"brands":[{"id":485,"name":"FETISH FANTASY SERIES","slug":"pipedreams-fetish-fantasy-series"},{"id":476,"name":"PIPEDREAMS","slug":"pipedreams"}],"_links":{"self":[{"href":"https:\/\/www.pussycatmerida.com\/eshop\/wp-json\/wp\/v2\/product\/33574","targetHints":{"allow":["GET"]}}],"collection":[{"href":"https:\/\/www.pussycatmerida.com\/eshop\/wp-json\/wp\/v2\/product"}],"about":[{"href":"https:\/\/www.pussycatmerida.com\/eshop\/wp-json\/wp\/v2\/types\/product"}],"wp:featuredmedia":[{"embeddable":true,"href":"https:\/\/www.pussycatmerida.com\/eshop\/wp-json\/wp\/v2\/media\/33575"}],"wp:attachment":[{"href":"https:\/\/www.pussycatmerida.com\/eshop\/wp-json\/wp\/v2\/media?parent=33574"}],"wp:term":[{"taxonomy":"pwb-brand","embeddable":true,"href":"https:\/\/www.pussycatmerida.com\/eshop\/wp-json\/wp\/v2\/pwb-brand?post=33574"},{"taxonomy":"product_brand","embeddable":true,"href":"https:\/\/www.pussycatmerida.com\/eshop\/wp-json\/wp\/v2\/product_brand?post=33574"},{"taxonomy":"product_cat","embeddable":true,"href":"https:\/\/www.pussycatmerida.com\/eshop\/wp-json\/wp\/v2\/product_cat?post=33574"},{"taxonomy":"product_tag","embeddable":true,"href":"https:\/\/www.pussycatmerida.com\/eshop\/wp-json\/wp\/v2\/product_tag?post=33574"}],"curies":[{"name":"wp","href":"https:\/\/api.w.org\/{rel}","templated":true}]}}