{"id":33645,"date":"2021-02-24T14:31:33","date_gmt":"2021-02-24T12:31:33","guid":{"rendered":"https:\/\/www.pussycatmerida.com\/eshop\/product\/coquette-anillo-vibrador-control-remoto-recargable-negro-gold\/"},"modified":"2026-03-11T12:27:18","modified_gmt":"2026-03-11T11:27:18","slug":"coquette-anillo-vibrador-control-remoto-recargable-negro-gold","status":"publish","type":"product","link":"https:\/\/www.pussycatmerida.com\/eshop\/producto\/coquette-anillo-vibrador-control-remoto-recargable-negro-gold\/","title":{"rendered":"COQUETTE ANILLO VIBRADOR CONTROL REMOTO RECARGABLE NEGRO \/ GOLD"},"content":{"rendered":"<p>\u00a1\u00a1Toma el control del placer de tu amante!! Llevalo a cualquier lugar y disfruta de las potentes vibraciones del anillo vibrador de Coquette. Cubierto por un bolso de lujo, este anillo estar\u00e1 totalmente protegido y listo para su uso en cualquier lugar.<\/p>\n<p>\u00a1El anillo coquete estimula a ambos! Mujer  Hombre u Hombre-Hombre. Perfecto para usar durante el acto sexual. Potenciar\u00e1 la erecci\u00f3n en el hombre consiguiendo mayor rendimiento sexual y retrasando la eyaculaci\u00f3n.<\/p>\n<p>\u00a1Disfruta del control remoto! \u00a1Coge el mando y toma el control de tu amante! \u00a0<\/p>\n<p>Caracter\u00edsticas:<\/p>\n<ul>\n<li>Anillo 100% de silicona suave, sedosa y resistente<\/li>\n<li>10 modos de vibraci\u00f3n de suave a potente.<\/li>\n<li>Sumergible categor\u00eda IPX6<\/li>\n<li>Recargable v\u00eda usb incluido.<\/li>\n<li>Tiempo de carga en 60 minutos<\/li>\n<li>Tiempo de uso con el 100% de carga; 70minutos.<\/li>\n<li>Dimensiones del producto: 98 x 30 mm<\/li>\n<li>Silencioso; tan solo 50db<\/li>\n<li>Control remoto<\/li>\n<li>Libre de ftalatos<\/li>\n<\/ul>\n<p>DETALLES<\/p>\n<p>Cada producto incluye una bolsa con cremallera gold que permite guardar el producto tras utilizarlo de forma segura cuidandoalmaximolosdetalles<\/p>\n<p>LA MARCA COQUETTE<\/p>\n<p>Llega las novedades de la colecci\u00f3n COQUETTE con inspiraci\u00f3n femenina y elegante. La marca se une a los adeptos del lujo placer vida  sensualidad armon\u00eda elplacercongarant\u00edas y nos ofrece looks \u00fanicos en la jugueter\u00eda sexual aptos para cualquier ocasi\u00f3n. \u201cNos trasladamos a newyork donde las tiendas inspiran a todos los humanos para convertir la inspiraci\u00f3n en realidad a trav\u00e9s de Coquette\u201d<\/p>\n<p>La mujer del siglo XXI es s\u00edmbolo de prosperidad, estabilidad y elegancia. Todo va asociado a la felicidad sexual y la paz interior, y para ello nace COQUETTE, una marca 100% inspirada en la mujer del siglo XXI europea.<\/p>\n","protected":false},"excerpt":{"rendered":"<p>COQUETTE COCK RING REMOTE CONTROL RECHARGEABLE BLACK\/ GOLD<\/p>\n","protected":false},"featured_media":33646,"template":"","meta":[],"pwb-brand":[473],"product_brand":[],"product_cat":[276,284,274,471],"product_tag":[],"class_list":{"0":"post-33645","1":"product","2":"type-product","3":"status-publish","4":"has-post-thumbnail","6":"pwb-brand-coquette","7":"product_cat-juguetes-sexuales-xxxaccesorios-para-el-pene","8":"product_cat-juguetes-sexuales-xxxcontrol-remoto","9":"product_cat-juguetes-sexuales-xxx","10":"product_cat-novedades","11":"post_count_is_0","12":"boutique_post_style_4","14":"first","15":"instock","16":"taxable","17":"shipping-taxable","18":"purchasable","19":"product-type-simple","20":"boutique_image_style_2"},"brands":[{"id":473,"name":"COQUETTE","slug":"coquette"}],"_links":{"self":[{"href":"https:\/\/www.pussycatmerida.com\/eshop\/wp-json\/wp\/v2\/product\/33645","targetHints":{"allow":["GET"]}}],"collection":[{"href":"https:\/\/www.pussycatmerida.com\/eshop\/wp-json\/wp\/v2\/product"}],"about":[{"href":"https:\/\/www.pussycatmerida.com\/eshop\/wp-json\/wp\/v2\/types\/product"}],"wp:featuredmedia":[{"embeddable":true,"href":"https:\/\/www.pussycatmerida.com\/eshop\/wp-json\/wp\/v2\/media\/33646"}],"wp:attachment":[{"href":"https:\/\/www.pussycatmerida.com\/eshop\/wp-json\/wp\/v2\/media?parent=33645"}],"wp:term":[{"taxonomy":"pwb-brand","embeddable":true,"href":"https:\/\/www.pussycatmerida.com\/eshop\/wp-json\/wp\/v2\/pwb-brand?post=33645"},{"taxonomy":"product_brand","embeddable":true,"href":"https:\/\/www.pussycatmerida.com\/eshop\/wp-json\/wp\/v2\/product_brand?post=33645"},{"taxonomy":"product_cat","embeddable":true,"href":"https:\/\/www.pussycatmerida.com\/eshop\/wp-json\/wp\/v2\/product_cat?post=33645"},{"taxonomy":"product_tag","embeddable":true,"href":"https:\/\/www.pussycatmerida.com\/eshop\/wp-json\/wp\/v2\/product_tag?post=33645"}],"curies":[{"name":"wp","href":"https:\/\/api.w.org\/{rel}","templated":true}]}}