{"id":3379,"date":"2021-02-26T14:11:44","date_gmt":"2021-02-26T12:11:44","guid":{"rendered":"https:\/\/www.pussycatmerida.com\/eshop\/product\/shunga-lovebath-tentaciones-del-oceano\/"},"modified":"2026-03-11T12:26:32","modified_gmt":"2026-03-11T11:26:32","slug":"shunga-lovebath-tentaciones-del-oceano","status":"publish","type":"product","link":"https:\/\/www.pussycatmerida.com\/eshop\/producto\/shunga-lovebath-tentaciones-del-oceano\/","title":{"rendered":"SHUNGA LOVEBATH TENTACIONES DEL OCEANO"},"content":{"rendered":"<p>Inspirado en el ritual sensual de los \u00abLove Baths\u00bb japoneses que privilegian el erotismo, Shunga se inventa e innova ofreciendo un ba\u00f1o relajante y sensual.<\/p>\n<p>Modo de Uso;\u00a0 Simplemente vierte el contenido de la bolsa en la ba\u00f1era y ante tus ojos el agua se convertir\u00e1 en miles de perlitas llenas de agua para formar un gel enriquecido y cremoso que aromatizar\u00e1 la habitaci\u00f3n con una fragancia dulce e iluminar\u00e1 el agua con un color relajante.<\/p>\n<p>Sum\u00e9rjase con su pareja en este dulce oasis y deje que sus cuerpos descansen para descubrir una extraordinaria sensaci\u00f3n t\u00e1ctil que envuelve el cuerpo y despierta los sentidos. Las propiedades terap\u00e9uticas del gel hidratan la piel profundamente para dejarla fresca, deseable y lista para recibir dulces caricias. \u00a1Este \u00abLOVEBATH\u00bb se convierte r\u00e1pidamente en un juego propicio para las locuras del amor!<\/p>\n<p><strong>Para varios usos.<\/strong><\/p>\n<p>Shunga es L\u00edder mundia en cosmetica Erotica, sus ingredientes naturales fusionado con principios activos logran un gran resultado<\/p>\n<p>Entrar en el mundo er\u00f3tico de Shunga es viajar al pasado. Traducido literalmente, Shunga significa \u2018imagen de primavera, una manera delicada de decir \u2018relaciones sexuales entre personas.<\/p>\n<p>Esta palabra se usaba para designar las pinturas er\u00f3ticas japonesas del siglo XVI, XVII y XVIII, un tipo llamado ukiyo-e, que no eran otra cosa que obras sobre madera o pergamino con escenas sensuales y episodios de amor carnal, siempre elaborados con mucho cuidado y buen gusto.<\/p>\n<p>El arte Shunga, aunque oculto durante siglos, marc\u00f3 el principio de la industria pornogr\u00e1fica para la clase media nipona y sirvi\u00f3 durante generaciones como ense\u00f1anza para los hijos y las hijas de muchas familias.<\/p>\n<p><img decoding=\"async\" alt=\"\" src=\"https:\/\/store.dreamlove.es\/UserFiles\/image\/banderas.png\" style=\"width: 121px; height: 35px;\" \/><\/p>\n<p>\u00a0<\/p>\n","protected":false},"excerpt":{"rendered":"<p>SHUNGA LOVEBATH OCEAN TENTATIONS.<\/p>\n","protected":false},"featured_media":46274,"template":"","meta":[],"pwb-brand":[42,761],"product_brand":[],"product_cat":[342,337,353,356,354],"product_tag":[],"class_list":{"0":"post-3379","1":"product","2":"type-product","3":"status-publish","4":"has-post-thumbnail","6":"pwb-brand-shunga","7":"pwb-brand-shungashunga-bath-experience","8":"product_cat-aceites-y-lubricantesaceites-y-cremas-de-masaje","9":"product_cat-aceites-y-lubricantes","10":"product_cat-aceites-y-lubricantesaceites-y-cremas-de-masajeclima-erotico","11":"product_cat-aceites-y-lubricantesaceites-y-cremas-de-masajeefecto-afrodisiaco","12":"product_cat-aceites-y-lubricantesaceites-y-cremas-de-masajepara-el-bano","13":"post_count_is_0","14":"boutique_post_style_4","16":"first","17":"instock","18":"taxable","19":"shipping-taxable","20":"purchasable","21":"product-type-simple","22":"boutique_image_style_2"},"brands":[{"id":42,"name":"SHUNGA","slug":"shunga"},{"id":761,"name":"SHUNGA BATH EXPERIENCE","slug":"shungashunga-bath-experience"}],"_links":{"self":[{"href":"https:\/\/www.pussycatmerida.com\/eshop\/wp-json\/wp\/v2\/product\/3379","targetHints":{"allow":["GET"]}}],"collection":[{"href":"https:\/\/www.pussycatmerida.com\/eshop\/wp-json\/wp\/v2\/product"}],"about":[{"href":"https:\/\/www.pussycatmerida.com\/eshop\/wp-json\/wp\/v2\/types\/product"}],"wp:featuredmedia":[{"embeddable":true,"href":"https:\/\/www.pussycatmerida.com\/eshop\/wp-json\/wp\/v2\/media\/46274"}],"wp:attachment":[{"href":"https:\/\/www.pussycatmerida.com\/eshop\/wp-json\/wp\/v2\/media?parent=3379"}],"wp:term":[{"taxonomy":"pwb-brand","embeddable":true,"href":"https:\/\/www.pussycatmerida.com\/eshop\/wp-json\/wp\/v2\/pwb-brand?post=3379"},{"taxonomy":"product_brand","embeddable":true,"href":"https:\/\/www.pussycatmerida.com\/eshop\/wp-json\/wp\/v2\/product_brand?post=3379"},{"taxonomy":"product_cat","embeddable":true,"href":"https:\/\/www.pussycatmerida.com\/eshop\/wp-json\/wp\/v2\/product_cat?post=3379"},{"taxonomy":"product_tag","embeddable":true,"href":"https:\/\/www.pussycatmerida.com\/eshop\/wp-json\/wp\/v2\/product_tag?post=3379"}],"curies":[{"name":"wp","href":"https:\/\/api.w.org\/{rel}","templated":true}]}}