{"id":33921,"date":"2021-02-24T14:53:21","date_gmt":"2021-02-24T12:53:21","guid":{"rendered":"https:\/\/www.pussycatmerida.com\/eshop\/product\/fetish-fantasy-doble-penetracion\/"},"modified":"2026-03-11T12:40:43","modified_gmt":"2026-03-11T11:40:43","slug":"fetish-fantasy-doble-penetracion","status":"publish","type":"product","link":"https:\/\/www.pussycatmerida.com\/eshop\/producto\/fetish-fantasy-doble-penetracion\/","title":{"rendered":"FETISH FANTASY DOBLE PENETRACION"},"content":{"rendered":"<p>Disfruta el doble y divi\u00e9rtete el doble.. Con este anillo con pene, dos es mejor que uno! El anillo de silicona en la parte superior del pene act\u00faa como un anillo para mejorar el rendimiento, mientras que el anillo inferior m\u00e1s grande que rodea los test\u00edculos intensifica sus orgasmos.<\/p>\n<p>Al instante el hombre se convierte en el doble de lo que era antes, gracias al dildo de silicona suave que se sit\u00faa por debajo de su pene y est\u00e1 listo para trabajar el doble.<\/p>\n<p>El dildo de silicona tiene la punta c\u00f3nica para facilitar la entrada y es suave.<\/p>\n<ul>\n<li>Largo 14.4 cm x 2.5 cm aprox.<\/li>\n<\/ul>\n<p>Es lo suficientemente firme para que no se doble durante la penetraci\u00f3n. Con este peque\u00f1o y pr\u00e1ctico arn\u00e9s, tu pareja y tu podr\u00e9is experimentar la emoci\u00f3n de la doble penetraci\u00f3n sin tener que involucrar a otro compa\u00f1ero!<\/p>\n<p>Incluye m\u00e1scara, lubricante y limpiador de juguetes de regalo.<\/p>\n","protected":false},"excerpt":{"rendered":"<p>FETISH FANTASY DOUBLE TROUBLE<\/p>\n","protected":false},"featured_media":33922,"template":"","meta":[],"pwb-brand":[485,476],"product_brand":[],"product_cat":[280,918,278,287,282,274],"product_tag":[],"class_list":{"0":"post-33921","1":"product","2":"type-product","3":"status-publish","4":"has-post-thumbnail","6":"pwb-brand-pipedreams-fetish-fantasy-series","7":"pwb-brand-pipedreams","8":"product_cat-juguetes-sexuales-xxxanal","9":"product_cat-arnes-doble","10":"product_cat-juguetes-sexuales-xxxarneses","11":"product_cat-juguetes-sexuales-xxxdildos","12":"product_cat-juguetes-sexuales-xxxfetish-bondage","13":"product_cat-juguetes-sexuales-xxx","14":"post_count_is_0","15":"boutique_post_style_4","17":"first","18":"instock","19":"taxable","20":"shipping-taxable","21":"purchasable","22":"product-type-simple","23":"boutique_image_style_2"},"brands":[{"id":485,"name":"FETISH FANTASY SERIES","slug":"pipedreams-fetish-fantasy-series"},{"id":476,"name":"PIPEDREAMS","slug":"pipedreams"}],"_links":{"self":[{"href":"https:\/\/www.pussycatmerida.com\/eshop\/wp-json\/wp\/v2\/product\/33921","targetHints":{"allow":["GET"]}}],"collection":[{"href":"https:\/\/www.pussycatmerida.com\/eshop\/wp-json\/wp\/v2\/product"}],"about":[{"href":"https:\/\/www.pussycatmerida.com\/eshop\/wp-json\/wp\/v2\/types\/product"}],"wp:featuredmedia":[{"embeddable":true,"href":"https:\/\/www.pussycatmerida.com\/eshop\/wp-json\/wp\/v2\/media\/33922"}],"wp:attachment":[{"href":"https:\/\/www.pussycatmerida.com\/eshop\/wp-json\/wp\/v2\/media?parent=33921"}],"wp:term":[{"taxonomy":"pwb-brand","embeddable":true,"href":"https:\/\/www.pussycatmerida.com\/eshop\/wp-json\/wp\/v2\/pwb-brand?post=33921"},{"taxonomy":"product_brand","embeddable":true,"href":"https:\/\/www.pussycatmerida.com\/eshop\/wp-json\/wp\/v2\/product_brand?post=33921"},{"taxonomy":"product_cat","embeddable":true,"href":"https:\/\/www.pussycatmerida.com\/eshop\/wp-json\/wp\/v2\/product_cat?post=33921"},{"taxonomy":"product_tag","embeddable":true,"href":"https:\/\/www.pussycatmerida.com\/eshop\/wp-json\/wp\/v2\/product_tag?post=33921"}],"curies":[{"name":"wp","href":"https:\/\/api.w.org\/{rel}","templated":true}]}}