{"id":33945,"date":"2021-02-24T14:53:29","date_gmt":"2021-02-24T12:53:29","guid":{"rendered":"https:\/\/www.pussycatmerida.com\/eshop\/product\/butt-quiver-estimulador-del-punto-p-7-velocidades-negro\/"},"modified":"2026-03-11T12:28:00","modified_gmt":"2026-03-11T11:28:00","slug":"butt-quiver-estimulador-del-punto-p-7-velocidades-negro","status":"publish","type":"product","link":"https:\/\/www.pussycatmerida.com\/eshop\/producto\/butt-quiver-estimulador-del-punto-p-7-velocidades-negro\/","title":{"rendered":"BUTT QUIVER ESTIMULADOR DEL PUNTO P 7 VELOCIDADES NEGRO"},"content":{"rendered":"<p><img loading=\"lazy\" decoding=\"async\" alt=\"http:\/\/www.rocks-off.com\/images\/quality-stamp.png\" height=\"92\" src=\"https:\/\/dreamlove.gesio.be\/UserFiles\/image\/rocks-off-logo(1).png\" width=\"94\" \/><\/p>\n<p>Mueve el trasero!<\/p>\n<p>Siente estremecedoras oleadas de puro y potente placer anal dejando que Butt Quiver acaricie y deleite tu pr\u00f3stata. Con su forma perfectamente contorneada y suave, Butt Quiver no se anda por las ramas y te hace disfrutar al instante. A qu\u00e9 est\u00e1s esperando? Por qu\u00e9 no te lanzas y dejas que Butt Quiver haga vibrar tu trasero de placer?<\/p>\n<p>Fabricado en silicona 100% segura, material muy suave al tacto, hipoalerg\u00e9nico y de calidad, compatible con las pieles m\u00e1s sensibles.<\/p>\n<p>Incorpora un bala vibradora RO-80mm\u00a0 que podr\u00e1s extraer para una mejor limpieza o por si quisieras jugar por separado y utilizarlo como estimulador de tu punto P<\/p>\n<ul>\n<li>7 Velocidades.<\/li>\n<\/ul>\n<p>Adem\u00e1s es totalmente sumergible por lo que podr\u00e1s hacerla vibrar en el agua.<\/p>\n<p>Medidas: 75 mm x 37 mm de di\u00e1metro.<\/p>\n<p>Funciona con 1 pila LR1 que viene incluida.<\/p>\n","protected":false},"excerpt":{"rendered":"<p>BUTT QUIVER 7 SPEED ANAL ESTIMULATOR BLACK.<\/p>\n","protected":false},"featured_media":33946,"template":"","meta":[],"pwb-brand":[52],"product_brand":[],"product_cat":[275,280,288,274,300],"product_tag":[],"class_list":{"0":"post-33945","1":"product","2":"type-product","3":"status-publish","4":"has-post-thumbnail","6":"pwb-brand-rocks-off","7":"product_cat-juguetes-sexuales-xxxacuaticos","8":"product_cat-juguetes-sexuales-xxxanal","9":"product_cat-juguetes-sexuales-xxxestimuladores","10":"product_cat-juguetes-sexuales-xxx","11":"product_cat-juguetes-sexuales-xxxplugs-anales","12":"post_count_is_0","13":"boutique_post_style_4","15":"first","16":"instock","17":"taxable","18":"shipping-taxable","19":"purchasable","20":"product-type-simple","21":"boutique_image_style_2"},"brands":[{"id":52,"name":"ROCKS OFF","slug":"rocks-off"}],"_links":{"self":[{"href":"https:\/\/www.pussycatmerida.com\/eshop\/wp-json\/wp\/v2\/product\/33945","targetHints":{"allow":["GET"]}}],"collection":[{"href":"https:\/\/www.pussycatmerida.com\/eshop\/wp-json\/wp\/v2\/product"}],"about":[{"href":"https:\/\/www.pussycatmerida.com\/eshop\/wp-json\/wp\/v2\/types\/product"}],"wp:featuredmedia":[{"embeddable":true,"href":"https:\/\/www.pussycatmerida.com\/eshop\/wp-json\/wp\/v2\/media\/33946"}],"wp:attachment":[{"href":"https:\/\/www.pussycatmerida.com\/eshop\/wp-json\/wp\/v2\/media?parent=33945"}],"wp:term":[{"taxonomy":"pwb-brand","embeddable":true,"href":"https:\/\/www.pussycatmerida.com\/eshop\/wp-json\/wp\/v2\/pwb-brand?post=33945"},{"taxonomy":"product_brand","embeddable":true,"href":"https:\/\/www.pussycatmerida.com\/eshop\/wp-json\/wp\/v2\/product_brand?post=33945"},{"taxonomy":"product_cat","embeddable":true,"href":"https:\/\/www.pussycatmerida.com\/eshop\/wp-json\/wp\/v2\/product_cat?post=33945"},{"taxonomy":"product_tag","embeddable":true,"href":"https:\/\/www.pussycatmerida.com\/eshop\/wp-json\/wp\/v2\/product_tag?post=33945"}],"curies":[{"name":"wp","href":"https:\/\/api.w.org\/{rel}","templated":true}]}}