{"id":3395,"date":"2021-03-01T13:30:07","date_gmt":"2021-03-01T11:30:07","guid":{"rendered":"https:\/\/www.pussycatmerida.com\/eshop\/product\/lets-fuck-el-juego-xxx-en-es-de-fr\/"},"modified":"2026-03-11T12:26:54","modified_gmt":"2026-03-11T11:26:54","slug":"lets-fuck-el-juego-xxx-en-es-de-fr","status":"publish","type":"product","link":"https:\/\/www.pussycatmerida.com\/eshop\/producto\/lets-fuck-el-juego-xxx-en-es-de-fr\/","title":{"rendered":"LETS FUCK EL JUEGO XXX EN\/ES\/DE\/FR"},"content":{"rendered":"<p>Un juego ultra sexy para parejas o un grupo de amigos muy aventureros que os llevar\u00e1 en un viaje a las bromas de los juegos previos que conducen directamente al evento principal, Let&#8217;s F*ck tiene un objetivo simple y es bastante expl\u00edcito!<\/p>\n<p>Un peque\u00f1o tablero y las fichas de usuario te llevar\u00e1n alrededor del tablero, pudi\u00e9ndose detener en un beso apasionado, una conversaci\u00f3n subida de tono, unos azotes, algo que te tocar\u00e1 lamer o chupar o te har\u00e1 quitarte la ropa (si tienes suerte).<\/p>\n<p>Utilizalo de forma Facil, s\u00f3lo debes girar la ruleta y caer en la casilla adecuada.<\/p>\n<p>Incluye el tablero, la ruleta, cuatro fichas y las instrucciones.<\/p>\n","protected":false},"excerpt":{"rendered":"<p>LETS FUCK THE XXX SEX GAME. EN\/ES\/DE\/FR<\/p>\n","protected":false},"featured_media":62841,"template":"","meta":[],"pwb-brand":[821],"product_brand":[],"product_cat":[375,379,376,443],"product_tag":[],"class_list":{"0":"post-3395","1":"product","2":"type-product","3":"status-publish","4":"has-post-thumbnail","6":"pwb-brand-kheper-games-inc","7":"product_cat-juegos","8":"product_cat-juegosjuegos-de-mesa","9":"product_cat-juegosjuegos-de-pareja","10":"product_cat-juegosjuegos-en-espanol","11":"post_count_is_0","12":"boutique_post_style_4","14":"first","15":"instock","16":"taxable","17":"shipping-taxable","18":"purchasable","19":"product-type-simple","20":"boutique_image_style_2"},"brands":[{"id":821,"name":"KHEPER GAMES, INC.","slug":"kheper-games-inc"}],"_links":{"self":[{"href":"https:\/\/www.pussycatmerida.com\/eshop\/wp-json\/wp\/v2\/product\/3395","targetHints":{"allow":["GET"]}}],"collection":[{"href":"https:\/\/www.pussycatmerida.com\/eshop\/wp-json\/wp\/v2\/product"}],"about":[{"href":"https:\/\/www.pussycatmerida.com\/eshop\/wp-json\/wp\/v2\/types\/product"}],"wp:featuredmedia":[{"embeddable":true,"href":"https:\/\/www.pussycatmerida.com\/eshop\/wp-json\/wp\/v2\/media\/62841"}],"wp:attachment":[{"href":"https:\/\/www.pussycatmerida.com\/eshop\/wp-json\/wp\/v2\/media?parent=3395"}],"wp:term":[{"taxonomy":"pwb-brand","embeddable":true,"href":"https:\/\/www.pussycatmerida.com\/eshop\/wp-json\/wp\/v2\/pwb-brand?post=3395"},{"taxonomy":"product_brand","embeddable":true,"href":"https:\/\/www.pussycatmerida.com\/eshop\/wp-json\/wp\/v2\/product_brand?post=3395"},{"taxonomy":"product_cat","embeddable":true,"href":"https:\/\/www.pussycatmerida.com\/eshop\/wp-json\/wp\/v2\/product_cat?post=3395"},{"taxonomy":"product_tag","embeddable":true,"href":"https:\/\/www.pussycatmerida.com\/eshop\/wp-json\/wp\/v2\/product_tag?post=3395"}],"curies":[{"name":"wp","href":"https:\/\/api.w.org\/{rel}","templated":true}]}}