{"id":3431,"date":"2021-02-26T14:26:59","date_gmt":"2021-02-26T12:26:59","guid":{"rendered":"https:\/\/www.pussycatmerida.com\/eshop\/product\/bijoux-pack-duo-gloss-para-pezones-frio-y-calor\/"},"modified":"2026-03-11T12:26:35","modified_gmt":"2026-03-11T11:26:35","slug":"bijoux-pack-duo-gloss-para-pezones-frio-y-calor","status":"publish","type":"product","link":"https:\/\/www.pussycatmerida.com\/eshop\/producto\/bijoux-pack-duo-gloss-para-pezones-frio-y-calor\/","title":{"rendered":"BIJOUX PACK DUO GLOSS PARA PEZONES FRIO Y CALOR"},"content":{"rendered":"<p>Pinta las zonas donde el cuerpo se vuelve irresistible y r\u00edndete a sus deseos. Acaricia, besa, saborea&#8230; \u00a1muerde!<\/p>\n<p>Experimenta con los sentidos, pon a prueba tu sensibilidad y descubre a qu\u00e9 temperatura arde el deseo y se agita la pasi\u00f3n.<\/p>\n<ul>\n<li>Envase de 13ml<\/li>\n<\/ul>\n<p>Bijoux es simbolo de placer , erotismo y sensualidad, fabrican productos clave para el mejor climax en tus momentos intimos.<\/p>\n<p>La imaginaci\u00f3n est\u00e1 presente en todos los aspectos de la vida, pero cobra especial relevancia en los momentos de intimidad. En Bijoux Indiscrets, sabemos lo importante que son las fantas\u00edas y el juego en las relaciones.<\/p>\n<p>Por eso, cada uno de nuestros productos esconde una idea, una historia y un secreto que los dota de personalidad, haci\u00e9ndolos \u00fanicos.<\/p>\n<p>Bienvenidos al mundo secreto de Bijoux Indiscrets.<\/p>\n<ul>\n<li>El origen del Nombre Bijoux Indiscrets!<\/li>\n<\/ul>\n<p>\u201cLes Bijoux Indiscrets\u201d es\u00a0 la novela er\u00f3tica escrita por\u00a0 Denis Diderot, en el\u00a0 s.XVIII, en la que sus personajes viven en un mundo on\u00edrico repleto de erotismo y fantas\u00eda. A esa otra realidad, acceden gracias a un anillo m\u00e1gico. Y es, precisamente, ese \u201canillo m\u00e1gico\u201d el que preside\u00a0\u00a0 nuestro nombre, y esperamos nos guie, para poder conducir tambi\u00e9n a todos nuestros clientes hasta ese otro mundo lleno de placeres y sensuales aventuras.<\/p>\n<p style=\"text-align: center;\"><iframe loading=\"lazy\" src=\"https:\/\/www.youtube.com\/embed\/jqFzr6UwdYc?rel=0controls=0showinfo=0\" width=\"800\" height=\"300\" frameborder=\"0\" scrolling=\"no\" allowfullscreen=\"allowfullscreen\"><\/iframe><\/p>\n<p style=\"text-align: center;\"><iframe loading=\"lazy\" src=\"https:\/\/www.youtube.com\/embed\/hwTvgJD65as?rel=0controls=0showinfo=0\" width=\"800\" height=\"300\" frameborder=\"0\" scrolling=\"no\" allowfullscreen=\"allowfullscreen\"><\/iframe><\/p>\n","protected":false},"excerpt":{"rendered":"<p>BIJOUX NIP GLOSS HOT COLD BIJOUX.<\/p>\n","protected":false},"featured_media":46858,"template":"","meta":[],"pwb-brand":[51,758],"product_brand":[],"product_cat":[337,353,356,359,364,913],"product_tag":[],"class_list":{"0":"post-3431","1":"product","2":"type-product","3":"status-publish","4":"has-post-thumbnail","6":"pwb-brand-bijoux-indiscrets","7":"pwb-brand-bijoux-indiscretsbijoux-love-cosmetiques","8":"product_cat-aceites-y-lubricantes","9":"product_cat-aceites-y-lubricantesaceites-y-cremas-de-masajeclima-erotico","10":"product_cat-aceites-y-lubricantesaceites-y-cremas-de-masajeefecto-afrodisiaco","11":"product_cat-aceites-y-lubricantesorgasmo-femenino","12":"product_cat-aceites-y-lubricantesorgasmo-femeninopara-los-senos","13":"product_cat-sexo-oral","14":"post_count_is_0","15":"boutique_post_style_4","17":"first","18":"instock","19":"taxable","20":"shipping-taxable","21":"purchasable","22":"product-type-simple","23":"boutique_image_style_2"},"brands":[{"id":51,"name":"BIJOUX INDISCRETS","slug":"bijoux-indiscrets"},{"id":758,"name":"BIJOUX LOVE COSMETIQUES","slug":"bijoux-indiscretsbijoux-love-cosmetiques"}],"_links":{"self":[{"href":"https:\/\/www.pussycatmerida.com\/eshop\/wp-json\/wp\/v2\/product\/3431","targetHints":{"allow":["GET"]}}],"collection":[{"href":"https:\/\/www.pussycatmerida.com\/eshop\/wp-json\/wp\/v2\/product"}],"about":[{"href":"https:\/\/www.pussycatmerida.com\/eshop\/wp-json\/wp\/v2\/types\/product"}],"wp:featuredmedia":[{"embeddable":true,"href":"https:\/\/www.pussycatmerida.com\/eshop\/wp-json\/wp\/v2\/media\/46858"}],"wp:attachment":[{"href":"https:\/\/www.pussycatmerida.com\/eshop\/wp-json\/wp\/v2\/media?parent=3431"}],"wp:term":[{"taxonomy":"pwb-brand","embeddable":true,"href":"https:\/\/www.pussycatmerida.com\/eshop\/wp-json\/wp\/v2\/pwb-brand?post=3431"},{"taxonomy":"product_brand","embeddable":true,"href":"https:\/\/www.pussycatmerida.com\/eshop\/wp-json\/wp\/v2\/product_brand?post=3431"},{"taxonomy":"product_cat","embeddable":true,"href":"https:\/\/www.pussycatmerida.com\/eshop\/wp-json\/wp\/v2\/product_cat?post=3431"},{"taxonomy":"product_tag","embeddable":true,"href":"https:\/\/www.pussycatmerida.com\/eshop\/wp-json\/wp\/v2\/product_tag?post=3431"}],"curies":[{"name":"wp","href":"https:\/\/api.w.org\/{rel}","templated":true}]}}