{"id":34489,"date":"2021-02-24T14:57:03","date_gmt":"2021-02-24T12:57:03","guid":{"rendered":"https:\/\/www.pussycatmerida.com\/eshop\/product\/anal-fantasy-doble-penetracion\/"},"modified":"2026-03-11T12:40:43","modified_gmt":"2026-03-11T11:40:43","slug":"anal-fantasy-doble-penetracion","status":"publish","type":"product","link":"https:\/\/www.pussycatmerida.com\/eshop\/producto\/anal-fantasy-doble-penetracion\/","title":{"rendered":"ANAL FANTASY DOBLE PENETRACION"},"content":{"rendered":"<p>Si nunca has probado el juego anal, el Double Trouble es justo lo que necesitas para explorar el maravilloso mundo de la estimulaci\u00f3n anal.<\/p>\n<p>Disfruta el doble y divi\u00e9rtete el doble!!! Con este anillo con pene, dos es mejor que uno! El anillo de silicona en la parte superior del pene act\u00faa como un anillo para mejorar el rendimiento, mientras que el anillo inferior m\u00e1s grande que rodea los test\u00edculos intensifica sus orgasmos.<\/p>\n<ul>\n<li>100% Libre de phalatos.<\/li>\n<li>Longitud insertable: 13,1 cm. Di\u00e1metro m\u00e1ximo: 2,8 cm<\/li>\n<\/ul>\n<p>Al instante el hombre se convierte en el doble de lo que era antes, gracias al dildo de silicona suave que se sit\u00faa por debajo de su pene y est\u00e1 listo para trabajar el doble.<\/p>\n<p>El dildo de silicona tiene la punta c\u00f3nica para facilitar la entrada y es suave. Es lo suficientemente firme para que no se doble durante la penetraci\u00f3n.<\/p>\n<p>Con este peque\u00f1o y pr\u00e1ctico arn\u00e9s, tu pareja y tu podr\u00e9is experimentar la emoci\u00f3n de la doble penetraci\u00f3n sin tener que involucrar a otro compa\u00f1ero!<\/p>\n<p><strong>Anal Fantasy<\/strong> es una linea perfecta para estimular la zona anal, donde concentramos puntos sensitivos perfectos para alcanzar el orgasmo, todos los juguetes estan orientados para la maxima satisfaci\u00f3n anal.<\/p>\n<p><span style=\"line-height: 20.8px;\">No incluye muestras de lubricante y toycleaner<\/span><\/p>\n<p>Descubre nuevas sensaciones!<\/p>\n<p>\u00a0<\/p>\n<p style=\"text-align: center;\"><iframe loading=\"lazy\" allowfullscreen=\"\" frameborder=\"0\" height=\"400\" mozallowfullscreen=\"\" src=\"https:\/\/player.vimeo.com\/video\/169258801\" webkitallowfullscreen=\"\" width=\"700\"><\/iframe><\/p>\n","protected":false},"excerpt":{"rendered":"<p>ANAL FANTASY DOUBLE TROUBLE<\/p>\n","protected":false},"featured_media":34490,"template":"","meta":[],"pwb-brand":[496,476],"product_brand":[],"product_cat":[280,918,278,288,274],"product_tag":[],"class_list":{"0":"post-34489","1":"product","2":"type-product","3":"status-publish","4":"has-post-thumbnail","6":"pwb-brand-pipedreams-anal-fantasy-series","7":"pwb-brand-pipedreams","8":"product_cat-juguetes-sexuales-xxxanal","9":"product_cat-arnes-doble","10":"product_cat-juguetes-sexuales-xxxarneses","11":"product_cat-juguetes-sexuales-xxxestimuladores","12":"product_cat-juguetes-sexuales-xxx","13":"post_count_is_0","14":"boutique_post_style_4","16":"first","17":"instock","18":"taxable","19":"shipping-taxable","20":"purchasable","21":"product-type-simple","22":"boutique_image_style_2"},"brands":[{"id":496,"name":"ANAL FANTASY SERIES","slug":"pipedreams-anal-fantasy-series"},{"id":476,"name":"PIPEDREAMS","slug":"pipedreams"}],"_links":{"self":[{"href":"https:\/\/www.pussycatmerida.com\/eshop\/wp-json\/wp\/v2\/product\/34489","targetHints":{"allow":["GET"]}}],"collection":[{"href":"https:\/\/www.pussycatmerida.com\/eshop\/wp-json\/wp\/v2\/product"}],"about":[{"href":"https:\/\/www.pussycatmerida.com\/eshop\/wp-json\/wp\/v2\/types\/product"}],"wp:featuredmedia":[{"embeddable":true,"href":"https:\/\/www.pussycatmerida.com\/eshop\/wp-json\/wp\/v2\/media\/34490"}],"wp:attachment":[{"href":"https:\/\/www.pussycatmerida.com\/eshop\/wp-json\/wp\/v2\/media?parent=34489"}],"wp:term":[{"taxonomy":"pwb-brand","embeddable":true,"href":"https:\/\/www.pussycatmerida.com\/eshop\/wp-json\/wp\/v2\/pwb-brand?post=34489"},{"taxonomy":"product_brand","embeddable":true,"href":"https:\/\/www.pussycatmerida.com\/eshop\/wp-json\/wp\/v2\/product_brand?post=34489"},{"taxonomy":"product_cat","embeddable":true,"href":"https:\/\/www.pussycatmerida.com\/eshop\/wp-json\/wp\/v2\/product_cat?post=34489"},{"taxonomy":"product_tag","embeddable":true,"href":"https:\/\/www.pussycatmerida.com\/eshop\/wp-json\/wp\/v2\/product_tag?post=34489"}],"curies":[{"name":"wp","href":"https:\/\/api.w.org\/{rel}","templated":true}]}}