{"id":3479,"date":"2021-03-01T11:35:04","date_gmt":"2021-03-01T09:35:04","guid":{"rendered":"https:\/\/www.pussycatmerida.com\/eshop\/product\/lelo-lyla-2-insignia-design-edition-huevo-masajeador-cerise\/"},"modified":"2026-03-11T12:27:59","modified_gmt":"2026-03-11T11:27:59","slug":"lelo-lyla-2-insignia-design-edition-huevo-masajeador-cerise","status":"publish","type":"product","link":"https:\/\/www.pussycatmerida.com\/eshop\/producto\/lelo-lyla-2-insignia-design-edition-huevo-masajeador-cerise\/","title":{"rendered":"LELO &#8211; LYLA 2 INSIGNIA DESIGN EDITION HUEVO-MASAJEADOR CERISE"},"content":{"rendered":"<p style=\"line-height: 16.6399993896484px;\">El Masajeador de Forma Ovalada M\u00e1s Avanzado Del Mundo con Mando a Distancia.<\/p>\n<p style=\"line-height: 16.6399993896484px;\">Lyla\u2122 2 es el m\u00e1s adelantado masajeador de forma ovalada del mundo actual, se puede utilizar tanto externa como internamente, y permite disfrutar de una gran variedad de apasionantes sensaciones.<\/p>\n<p style=\"line-height: 16.6399993896484px;\">Presentando por primera vez la tecnolog\u00eda SenseMotion\u2122 de LELO y un mando a distancia con un alcance de hasta 12 metros, los intensos modos de vibraci\u00f3n son f\u00e1cilmente controlados con una simple inclinaci\u00f3n del mando.<\/p>\n<p style=\"line-height: 16.6399993896484px;\">Al mismo tiempo, un discreto motor dentro del mando a distancia replicar\u00e1 las vibraciones de Lyla\u2122 2 permitiendo sentir en la mano las vibraciones que su pareja est\u00e1 experimentando. Asombrosamente silencioso, 100% sumergible y recargable, y dise\u00f1ado con una suave y delicada silicona, Lyla\u2122 2 ofrece una amplia gama de posibilidades en los juegos de pareja.<\/p>\n<p>La nueva edici\u00f3n Design incluye unas mejoras realmente interesantes como:<\/p>\n<ul style=\"line-height: 16.6399993896484px;\">\n<li>50% m\u00e1s de potencia, con menos ruido.<\/li>\n<li>Ampliaci\u00f3n del rango de vibraci\u00f3n del mando a distancia (x3).<\/li>\n<li>Chip de memoria inteligente para evitar interrupciones en la vibraci\u00f3n ocasionadas por interferencias del entorno.<\/li>\n<li>Posibilidad de controlar los patrones de vibraci\u00f3n con o sin el mando, desde el propio juguete.<\/li>\n<\/ul>\n<p style=\"line-height: 16.6399993896484px;\">Contenido:<\/p>\n<ul style=\"line-height: 16.6399993896484px;\">\n<li>Objeto de Placer Lyla\u2122 2 color rosa.<\/li>\n<li>Mando a distancia.<\/li>\n<li>Cargador.<\/li>\n<li>2 pilas AAA.<\/li>\n<li>Broche Insignia.<\/li>\n<li>Bolsita de sat\u00e9n.<\/li>\n<li>Garant\u00eda LELO de 1 a\u00f1o<\/li>\n<\/ul>\n<p style=\"line-height: 16.6399993896484px; text-align: center;\"><iframe loading=\"lazy\" allowfullscreen=\"\" frameborder=\"0\" height=\"300\" scrolling=\"no\" src=\"\/\/www.youtube.com\/embed\/nQKtH8SxWQo?rel=0\" width=\"800\"><\/iframe><\/p>\n","protected":false},"excerpt":{"rendered":"<p>LELO INSIGNIA DESIGN EDITION LYLA 2 REMOTE MASSAGER CERISE EU<\/p>\n","protected":false},"featured_media":59357,"template":"","meta":[],"pwb-brand":[40],"product_brand":[],"product_cat":[284,274,431],"product_tag":[],"class_list":{"0":"post-3479","1":"product","2":"type-product","3":"status-publish","4":"has-post-thumbnail","6":"pwb-brand-lelo","7":"product_cat-juguetes-sexuales-xxxcontrol-remoto","8":"product_cat-juguetes-sexuales-xxx","9":"product_cat-juguetes-sexuales-xxxmasajeadores","10":"post_count_is_0","11":"boutique_post_style_4","13":"first","14":"instock","15":"taxable","16":"shipping-taxable","17":"purchasable","18":"product-type-simple","19":"boutique_image_style_2"},"brands":[{"id":40,"name":"LELO","slug":"lelo"}],"_links":{"self":[{"href":"https:\/\/www.pussycatmerida.com\/eshop\/wp-json\/wp\/v2\/product\/3479","targetHints":{"allow":["GET"]}}],"collection":[{"href":"https:\/\/www.pussycatmerida.com\/eshop\/wp-json\/wp\/v2\/product"}],"about":[{"href":"https:\/\/www.pussycatmerida.com\/eshop\/wp-json\/wp\/v2\/types\/product"}],"wp:featuredmedia":[{"embeddable":true,"href":"https:\/\/www.pussycatmerida.com\/eshop\/wp-json\/wp\/v2\/media\/59357"}],"wp:attachment":[{"href":"https:\/\/www.pussycatmerida.com\/eshop\/wp-json\/wp\/v2\/media?parent=3479"}],"wp:term":[{"taxonomy":"pwb-brand","embeddable":true,"href":"https:\/\/www.pussycatmerida.com\/eshop\/wp-json\/wp\/v2\/pwb-brand?post=3479"},{"taxonomy":"product_brand","embeddable":true,"href":"https:\/\/www.pussycatmerida.com\/eshop\/wp-json\/wp\/v2\/product_brand?post=3479"},{"taxonomy":"product_cat","embeddable":true,"href":"https:\/\/www.pussycatmerida.com\/eshop\/wp-json\/wp\/v2\/product_cat?post=3479"},{"taxonomy":"product_tag","embeddable":true,"href":"https:\/\/www.pussycatmerida.com\/eshop\/wp-json\/wp\/v2\/product_tag?post=3479"}],"curies":[{"name":"wp","href":"https:\/\/api.w.org\/{rel}","templated":true}]}}