{"id":35510,"date":"2021-02-24T15:14:38","date_gmt":"2021-02-24T13:14:38","guid":{"rendered":"https:\/\/www.pussycatmerida.com\/eshop\/product\/fetish-fantasy-mini-succionador-de-vagina\/"},"modified":"2026-03-11T12:38:31","modified_gmt":"2026-03-11T11:38:31","slug":"fetish-fantasy-mini-succionador-de-vagina","status":"publish","type":"product","link":"https:\/\/www.pussycatmerida.com\/eshop\/producto\/fetish-fantasy-mini-succionador-de-vagina\/","title":{"rendered":"FETISH FANTASY MINI SUCCIONADOR DE VAGINA"},"content":{"rendered":"<p>Aumenta la pasi\u00f3n y observa como tu vagina se hincha de placer! Con cada apret\u00f3n de la bomba de estilo m\u00e9dico, la intensa succi\u00f3n que sentir\u00e1s estimular\u00e1 tus labios y tu vulva.<\/p>\n<ul>\n<li>100% Libre de Phalatos.<\/li>\n<\/ul>\n<p>De forma acampanada y moldeado para ajustarse c\u00f3modamente sobre tu vagina, esto es precisamente lo que has estado buscando para lograr unos labios carnosos y bonitos.<\/p>\n<p>Para aliviar la presi\u00f3n, simplemente pulsa el bot\u00f3n de liberaci\u00f3n r\u00e1pida y ya est\u00e1s lista para la diversi\u00f3n!<\/p>\n<ul>\n<li>Medidas: 7 cm. de longitud y 5,5 cm. de di\u00e1metro.<\/li>\n<\/ul>\n<p>Incluye una m\u00e1scara de regalo.<\/p>\n","protected":false},"excerpt":{"rendered":"<p>FETISH FANTASY MINI PUSSY PUMP<\/p>\n","protected":false},"featured_media":35511,"template":"","meta":[],"pwb-brand":[485,476],"product_brand":[],"product_cat":[423,286,274,294],"product_tag":[],"class_list":{"0":"post-35510","1":"product","2":"type-product","3":"status-publish","4":"has-post-thumbnail","6":"pwb-brand-pipedreams-fetish-fantasy-series","7":"pwb-brand-pipedreams","8":"product_cat-juguetes-sexuales-xxxfetish-bondagebdsm-accesorios","9":"product_cat-juguetes-sexuales-xxxdesarrolladores","10":"product_cat-juguetes-sexuales-xxx","11":"product_cat-juguetes-sexuales-xxxmasturbadores-para-ellas","12":"post_count_is_0","13":"boutique_post_style_4","15":"first","16":"instock","17":"taxable","18":"shipping-taxable","19":"purchasable","20":"product-type-simple","21":"boutique_image_style_2"},"brands":[{"id":485,"name":"FETISH FANTASY SERIES","slug":"pipedreams-fetish-fantasy-series"},{"id":476,"name":"PIPEDREAMS","slug":"pipedreams"}],"_links":{"self":[{"href":"https:\/\/www.pussycatmerida.com\/eshop\/wp-json\/wp\/v2\/product\/35510","targetHints":{"allow":["GET"]}}],"collection":[{"href":"https:\/\/www.pussycatmerida.com\/eshop\/wp-json\/wp\/v2\/product"}],"about":[{"href":"https:\/\/www.pussycatmerida.com\/eshop\/wp-json\/wp\/v2\/types\/product"}],"wp:featuredmedia":[{"embeddable":true,"href":"https:\/\/www.pussycatmerida.com\/eshop\/wp-json\/wp\/v2\/media\/35511"}],"wp:attachment":[{"href":"https:\/\/www.pussycatmerida.com\/eshop\/wp-json\/wp\/v2\/media?parent=35510"}],"wp:term":[{"taxonomy":"pwb-brand","embeddable":true,"href":"https:\/\/www.pussycatmerida.com\/eshop\/wp-json\/wp\/v2\/pwb-brand?post=35510"},{"taxonomy":"product_brand","embeddable":true,"href":"https:\/\/www.pussycatmerida.com\/eshop\/wp-json\/wp\/v2\/product_brand?post=35510"},{"taxonomy":"product_cat","embeddable":true,"href":"https:\/\/www.pussycatmerida.com\/eshop\/wp-json\/wp\/v2\/product_cat?post=35510"},{"taxonomy":"product_tag","embeddable":true,"href":"https:\/\/www.pussycatmerida.com\/eshop\/wp-json\/wp\/v2\/product_tag?post=35510"}],"curies":[{"name":"wp","href":"https:\/\/api.w.org\/{rel}","templated":true}]}}