{"id":3655,"date":"2021-03-01T11:10:44","date_gmt":"2021-03-01T09:10:44","guid":{"rendered":"https:\/\/www.pussycatmerida.com\/eshop\/product\/les-petits-bonbons-bala-vibradora\/"},"modified":"2026-03-11T12:27:59","modified_gmt":"2026-03-11T11:27:59","slug":"les-petits-bonbons-bala-vibradora","status":"publish","type":"product","link":"https:\/\/www.pussycatmerida.com\/eshop\/producto\/les-petits-bonbons-bala-vibradora\/","title":{"rendered":"LES PETITS BONBONS BALA VIBRADORA."},"content":{"rendered":"<p>La pasi\u00f3n requiere de armas sofisticadas. Masajeador de uso externo con el tama\u00f1o perfecto para explorar los rincones m\u00e1s sensuales y poder llevarlo contigo donde quieras. Contenido: masajeador externo con forma de bala vibradora.<\/p>\n<p>Sab\u00edas que&#8230;<\/p>\n<p>&#8230; los juguetes er\u00f3ticos no son un invento reciente, y que hay hallazgos que demuestran que egipcios y romanos fabricaban objetos f\u00e1licos con materiales naturales hace m\u00e1s de 2.500 a\u00f1os?<\/p>\n<p>&#8230; Good Vibrations funciona con tres pilas de bot\u00f3n del tipo LR44 que vienen inclu\u00eddas?<\/p>\n<p>&#8230; que para poner la bala en marcha, en primer lugar, hay que quitar el precinto de seguridad que protege las pilas?<\/p>\n<p>&#8230; la duraci\u00f3n estimada de las pilas es de una hora aproximadamente?<\/p>\n<p>&#8230; por razones higi\u00e9nicas y de conservaci\u00f3n, antes y despu\u00e9s de cada uso debes lavar la zona de contacto, sin llegar a sumergir la bala, con agua y jab\u00f3n, y secar a continuaci\u00f3n?<\/p>\n<p>Sugerencia: descubre a tu pareja la sensualidad del tacto, antes de poner en marcha la bala de masaje, oculta su mirada tras un antifaz y recorre su cuerpo con un plumero.<\/p>\n<p>\u00a0<\/p>\n","protected":false},"excerpt":{"rendered":"<p>LES PETITS BONBONS GOOD VIBRATIONS BULLET.<\/p>\n","protected":false},"featured_media":58479,"template":"","meta":[],"pwb-brand":[51,856],"product_brand":[],"product_cat":[429,288,274,299],"product_tag":[],"class_list":{"0":"post-3655","1":"product","2":"type-product","3":"status-publish","4":"has-post-thumbnail","6":"pwb-brand-bijoux-indiscrets","7":"pwb-brand-bijoux-indiscretsbijoux-petits-bonbons","8":"product_cat-juguetes-sexuales-xxxbalas-vibradoras","9":"product_cat-juguetes-sexuales-xxxestimuladores","10":"product_cat-juguetes-sexuales-xxx","11":"product_cat-juguetes-sexuales-xxxvibradores","12":"post_count_is_0","13":"boutique_post_style_4","15":"first","16":"instock","17":"taxable","18":"shipping-taxable","19":"purchasable","20":"product-type-simple","21":"boutique_image_style_2"},"brands":[{"id":51,"name":"BIJOUX INDISCRETS","slug":"bijoux-indiscrets"},{"id":856,"name":"BIJOUX PETITS BONBONS","slug":"bijoux-indiscretsbijoux-petits-bonbons"}],"_links":{"self":[{"href":"https:\/\/www.pussycatmerida.com\/eshop\/wp-json\/wp\/v2\/product\/3655","targetHints":{"allow":["GET"]}}],"collection":[{"href":"https:\/\/www.pussycatmerida.com\/eshop\/wp-json\/wp\/v2\/product"}],"about":[{"href":"https:\/\/www.pussycatmerida.com\/eshop\/wp-json\/wp\/v2\/types\/product"}],"wp:featuredmedia":[{"embeddable":true,"href":"https:\/\/www.pussycatmerida.com\/eshop\/wp-json\/wp\/v2\/media\/58479"}],"wp:attachment":[{"href":"https:\/\/www.pussycatmerida.com\/eshop\/wp-json\/wp\/v2\/media?parent=3655"}],"wp:term":[{"taxonomy":"pwb-brand","embeddable":true,"href":"https:\/\/www.pussycatmerida.com\/eshop\/wp-json\/wp\/v2\/pwb-brand?post=3655"},{"taxonomy":"product_brand","embeddable":true,"href":"https:\/\/www.pussycatmerida.com\/eshop\/wp-json\/wp\/v2\/product_brand?post=3655"},{"taxonomy":"product_cat","embeddable":true,"href":"https:\/\/www.pussycatmerida.com\/eshop\/wp-json\/wp\/v2\/product_cat?post=3655"},{"taxonomy":"product_tag","embeddable":true,"href":"https:\/\/www.pussycatmerida.com\/eshop\/wp-json\/wp\/v2\/product_tag?post=3655"}],"curies":[{"name":"wp","href":"https:\/\/api.w.org\/{rel}","templated":true}]}}