{"id":37870,"date":"2021-02-26T10:35:21","date_gmt":"2021-02-26T08:35:21","guid":{"rendered":"https:\/\/www.pussycatmerida.com\/eshop\/product\/smart-honey-vibrador-by-pretty-love\/"},"modified":"2026-03-11T12:27:59","modified_gmt":"2026-03-11T11:27:59","slug":"smart-honey-vibrador-by-pretty-love","status":"publish","type":"product","link":"https:\/\/www.pussycatmerida.com\/eshop\/producto\/smart-honey-vibrador-by-pretty-love\/","title":{"rendered":"SMART HONEY VIBRADOR  BY PRETTY LOVE"},"content":{"rendered":"<p><span style=\"color:000000;\">Elegante vibrador rampante en color Lila\u00a0 de calidad inigualable que puede ofrecer una estimulaci\u00f3n del cl\u00edtoris altamente irresistible.<\/span><\/p>\n<p><span style=\"color:000000;\">Te dar\u00e1 sin duda un paseo inolvidable, al mismo tiempo que se introduce dentro de ti, haci\u00e9ndote sentir a\u00fan m\u00e1s profundamente sus vibraciones, masajeando tu interior.<\/span><\/p>\n<ul>\n<li><span style=\"color:000000;\">Recargable a la corriente o al ordenador ( adaptadores incluidos)<\/span><\/li>\n<li><span style=\"color:000000;\">Acuatico<\/span><\/li>\n<li><span style=\"color:000000;\">100% Silicona<\/span><\/li>\n<li><span style=\"color:000000;\">10 Funciones de Vibraci\u00f3n<\/span><\/li>\n<li><span style=\"color:000000;\">Doble motor<\/span><\/li>\n<li><span style=\"color:000000;\">Muy Silencioso<span style=\"color:000000;\"><\/span><\/span><\/li>\n<li><span style=\"color: rgb(0, 0, 0);\">Medidas: 18 cm x 3 cm.<\/span><\/li>\n<li><span style=\"color: rgb(0, 0, 0);\">Incluye practica bolsa de tela para guardar el producto despues de su uso!<\/span><\/li>\n<li><span style=\"color: rgb(0, 0, 0);\">Fabricado en silicona ABS\/TPR, respetar\u00e1 tu cuerpo y tu piel.<\/span><\/li>\n<\/ul>\n<p><span style=\"color:000000;\">Sin lugar a dudas, quien dijo que todo estaba inventado!!<\/span><\/p>\n<p><span style=\"color:000000;\">Pretty Love fabrica productos con exigentes normas de calidad, todos sus productos estan dise\u00f1ados en Estados Unidos y tienen 1 a\u00f1o de garant\u00eda en defectos tecnicos.<\/span><\/p>\n<p>\u00a0<\/p>\n<p>\u00a0<\/p>\n","protected":false},"excerpt":{"rendered":"<p>SMART HONEY VIBRADOR  BY PRETTY LOVE<\/p>\n","protected":false},"featured_media":37871,"template":"","meta":[],"pwb-brand":[213,451],"product_brand":[],"product_cat":[274,294,307,299,905],"product_tag":[],"class_list":{"0":"post-37870","1":"product","2":"type-product","3":"status-publish","4":"has-post-thumbnail","6":"pwb-brand-pretty-love","7":"pwb-brand-pretty-lovesmart","8":"product_cat-juguetes-sexuales-xxx","9":"product_cat-juguetes-sexuales-xxxmasturbadores-para-ellas","10":"product_cat-juguetes-sexuales-xxxpunto-g","11":"product_cat-juguetes-sexuales-xxxvibradores","12":"product_cat-vibradores-dobles","13":"post_count_is_0","14":"boutique_post_style_4","16":"first","17":"instock","18":"taxable","19":"shipping-taxable","20":"purchasable","21":"product-type-simple","22":"boutique_image_style_2"},"brands":[{"id":213,"name":"PRETTY LOVE","slug":"pretty-love"},{"id":451,"name":"SMART","slug":"pretty-lovesmart"}],"_links":{"self":[{"href":"https:\/\/www.pussycatmerida.com\/eshop\/wp-json\/wp\/v2\/product\/37870","targetHints":{"allow":["GET"]}}],"collection":[{"href":"https:\/\/www.pussycatmerida.com\/eshop\/wp-json\/wp\/v2\/product"}],"about":[{"href":"https:\/\/www.pussycatmerida.com\/eshop\/wp-json\/wp\/v2\/types\/product"}],"wp:featuredmedia":[{"embeddable":true,"href":"https:\/\/www.pussycatmerida.com\/eshop\/wp-json\/wp\/v2\/media\/37871"}],"wp:attachment":[{"href":"https:\/\/www.pussycatmerida.com\/eshop\/wp-json\/wp\/v2\/media?parent=37870"}],"wp:term":[{"taxonomy":"pwb-brand","embeddable":true,"href":"https:\/\/www.pussycatmerida.com\/eshop\/wp-json\/wp\/v2\/pwb-brand?post=37870"},{"taxonomy":"product_brand","embeddable":true,"href":"https:\/\/www.pussycatmerida.com\/eshop\/wp-json\/wp\/v2\/product_brand?post=37870"},{"taxonomy":"product_cat","embeddable":true,"href":"https:\/\/www.pussycatmerida.com\/eshop\/wp-json\/wp\/v2\/product_cat?post=37870"},{"taxonomy":"product_tag","embeddable":true,"href":"https:\/\/www.pussycatmerida.com\/eshop\/wp-json\/wp\/v2\/product_tag?post=37870"}],"curies":[{"name":"wp","href":"https:\/\/api.w.org\/{rel}","templated":true}]}}