{"id":41382,"date":"2021-02-26T10:58:56","date_gmt":"2021-02-26T08:58:56","guid":{"rendered":"https:\/\/www.pussycatmerida.com\/eshop\/product\/lilly-latigo-de-flecos\/"},"modified":"2026-03-11T12:39:14","modified_gmt":"2026-03-11T11:39:14","slug":"lilly-latigo-de-flecos","status":"publish","type":"product","link":"https:\/\/www.pussycatmerida.com\/eshop\/producto\/lilly-latigo-de-flecos\/","title":{"rendered":"LILLY LATIGO DE FLECOS"},"content":{"rendered":"<p>El \u00faltimo capricho para amantes de Bijoux Indiscrets se llama Lilly, un l\u00e1tigo de suaves flecos para acariciar y castigar&#8230; de placer. Un vibrante juego de fantas\u00eda que agita la sensualidad y no produce dolor.<\/p>\n<p>Contenido:<strong> L\u00e1tigo de flecos<\/strong>.<\/p>\n","protected":false},"excerpt":{"rendered":"<p>LILLY LATIGO DE FLECOS<\/p>\n","protected":false},"featured_media":41383,"template":"","meta":[],"pwb-brand":[51],"product_brand":[],"product_cat":[313,282,274,309],"product_tag":[],"class_list":{"0":"post-41382","1":"product","2":"type-product","3":"status-publish","4":"has-post-thumbnail","6":"pwb-brand-bijoux-indiscrets","7":"product_cat-lenceriacomplementos-lenceria","8":"product_cat-juguetes-sexuales-xxxfetish-bondage","9":"product_cat-juguetes-sexuales-xxx","10":"product_cat-lenceria","11":"post_count_is_0","12":"boutique_post_style_4","14":"first","15":"instock","16":"taxable","17":"shipping-taxable","18":"purchasable","19":"product-type-simple","20":"boutique_image_style_2"},"brands":[{"id":51,"name":"BIJOUX INDISCRETS","slug":"bijoux-indiscrets"}],"_links":{"self":[{"href":"https:\/\/www.pussycatmerida.com\/eshop\/wp-json\/wp\/v2\/product\/41382","targetHints":{"allow":["GET"]}}],"collection":[{"href":"https:\/\/www.pussycatmerida.com\/eshop\/wp-json\/wp\/v2\/product"}],"about":[{"href":"https:\/\/www.pussycatmerida.com\/eshop\/wp-json\/wp\/v2\/types\/product"}],"wp:featuredmedia":[{"embeddable":true,"href":"https:\/\/www.pussycatmerida.com\/eshop\/wp-json\/wp\/v2\/media\/41383"}],"wp:attachment":[{"href":"https:\/\/www.pussycatmerida.com\/eshop\/wp-json\/wp\/v2\/media?parent=41382"}],"wp:term":[{"taxonomy":"pwb-brand","embeddable":true,"href":"https:\/\/www.pussycatmerida.com\/eshop\/wp-json\/wp\/v2\/pwb-brand?post=41382"},{"taxonomy":"product_brand","embeddable":true,"href":"https:\/\/www.pussycatmerida.com\/eshop\/wp-json\/wp\/v2\/product_brand?post=41382"},{"taxonomy":"product_cat","embeddable":true,"href":"https:\/\/www.pussycatmerida.com\/eshop\/wp-json\/wp\/v2\/product_cat?post=41382"},{"taxonomy":"product_tag","embeddable":true,"href":"https:\/\/www.pussycatmerida.com\/eshop\/wp-json\/wp\/v2\/product_tag?post=41382"}],"curies":[{"name":"wp","href":"https:\/\/api.w.org\/{rel}","templated":true}]}}