{"id":41583,"date":"2021-02-26T11:01:05","date_gmt":"2021-02-26T09:01:05","guid":{"rendered":"https:\/\/www.pussycatmerida.com\/eshop\/product\/bijoux-indiscrets-flamboyant-azulverde\/"},"modified":"2026-03-11T12:40:06","modified_gmt":"2026-03-11T11:40:06","slug":"bijoux-indiscrets-flamboyant-azulverde","status":"publish","type":"product","link":"https:\/\/www.pussycatmerida.com\/eshop\/producto\/bijoux-indiscrets-flamboyant-azulverde\/","title":{"rendered":"BIJOUX INDISCRETS FLAMBOYANT AZULVERDE"},"content":{"rendered":"<p>Dise\u00f1ados para la seducci\u00f3n, la joyeria \u00edntima Bijoux potenciar\u00e1 toda tu sensualidad!<\/p>\n<ul>\n<li>Decoraciones corporales brillantes.<\/li>\n<\/ul>\n<p>La delicada belleza del cuerpo convertida en joya!<\/p>\n<p style=\"text-align: center;\"><iframe loading=\"lazy\" allowfullscreen=\"\" frameborder=\"0\" height=\"300\" scrolling=\"no\" src=\"https:\/\/www.youtube.com\/embed\/2u-z34A4PVc?rel=0controls=0showinfo=0\" width=\"800\"><\/iframe><\/p>\n","protected":false},"excerpt":{"rendered":"<p>BIJOUX INDISCRETS FLAMBOYANT BLUE  GREEN<\/p>\n","protected":false},"featured_media":41584,"template":"","meta":[],"pwb-brand":[51,638],"product_brand":[],"product_cat":[313,912,309,399],"product_tag":[],"class_list":{"0":"post-41583","1":"product","2":"type-product","3":"status-publish","4":"has-post-thumbnail","6":"pwb-brand-bijoux-indiscrets","7":"pwb-brand-bijoux-indiscretsbijoux-jewelry","8":"product_cat-lenceriacomplementos-lenceria","9":"product_cat-joyeria-corporal","10":"product_cat-lenceria","11":"product_cat-lenceriapezoneras","12":"post_count_is_0","13":"boutique_post_style_4","15":"first","16":"instock","17":"taxable","18":"shipping-taxable","19":"purchasable","20":"product-type-simple","21":"boutique_image_style_2"},"brands":[{"id":51,"name":"BIJOUX INDISCRETS","slug":"bijoux-indiscrets"},{"id":638,"name":"BIJOUX JEWELRY","slug":"bijoux-indiscretsbijoux-jewelry"}],"_links":{"self":[{"href":"https:\/\/www.pussycatmerida.com\/eshop\/wp-json\/wp\/v2\/product\/41583","targetHints":{"allow":["GET"]}}],"collection":[{"href":"https:\/\/www.pussycatmerida.com\/eshop\/wp-json\/wp\/v2\/product"}],"about":[{"href":"https:\/\/www.pussycatmerida.com\/eshop\/wp-json\/wp\/v2\/types\/product"}],"wp:featuredmedia":[{"embeddable":true,"href":"https:\/\/www.pussycatmerida.com\/eshop\/wp-json\/wp\/v2\/media\/41584"}],"wp:attachment":[{"href":"https:\/\/www.pussycatmerida.com\/eshop\/wp-json\/wp\/v2\/media?parent=41583"}],"wp:term":[{"taxonomy":"pwb-brand","embeddable":true,"href":"https:\/\/www.pussycatmerida.com\/eshop\/wp-json\/wp\/v2\/pwb-brand?post=41583"},{"taxonomy":"product_brand","embeddable":true,"href":"https:\/\/www.pussycatmerida.com\/eshop\/wp-json\/wp\/v2\/product_brand?post=41583"},{"taxonomy":"product_cat","embeddable":true,"href":"https:\/\/www.pussycatmerida.com\/eshop\/wp-json\/wp\/v2\/product_cat?post=41583"},{"taxonomy":"product_tag","embeddable":true,"href":"https:\/\/www.pussycatmerida.com\/eshop\/wp-json\/wp\/v2\/product_tag?post=41583"}],"curies":[{"name":"wp","href":"https:\/\/api.w.org\/{rel}","templated":true}]}}