{"id":45369,"date":"2021-02-26T13:55:34","date_gmt":"2021-02-26T11:55:34","guid":{"rendered":"https:\/\/www.pussycatmerida.com\/eshop\/product\/secretplay-monodosis-liberte-deseo-sexual\/"},"modified":"2026-03-11T12:26:43","modified_gmt":"2026-03-11T11:26:43","slug":"secretplay-monodosis-liberte-deseo-sexual","status":"publish","type":"product","link":"https:\/\/www.pussycatmerida.com\/eshop\/producto\/secretplay-monodosis-liberte-deseo-sexual\/","title":{"rendered":"SECRETPLAY MONODOSIS LIBERT\u00c9 DESEO SEXUAL"},"content":{"rendered":"<p>Libert\u00e9 es un hidratante \u00edntimo que ayuda a recuperar la libido y despierta el deseo sexual, favoreciendo las relaciones \u00edntimas haci\u00e9ndolas m\u00e1s placenteras.\u00a0 Una combinaci\u00f3n perfecta de ingredientes vegetales (jojoba, onagra, cal\u00e9ndula, germen de trigo, vitamina E) y\u00a0 aceite esencial de Ylang Ylang, que con su aroma afrodisiaco act\u00faa como desodorante natural. Hidrata y lubrica, proporcionando suavidad, elasticidad, tersura, satisfacci\u00f3n y bienestar de la zona \u00edntima.<\/p>\n<p>INGREDIENTES:<\/p>\n<p>Jojoba: Base del producto, debido a que no se oxida f\u00e1cilmente, ni adquiere malos olores. Famosa por sus m\u00faltiples usos y beneficios para la piel. Conocido como el oro l\u00edquido natural. Sus propiedades son las siguientes: emolientes, hidratantes, antioxidantes y calmantes. Crea una barrera protectora del pH de la piel y reduce la p\u00e9rdida de humedad gracias a sus ceramidas.\u00a0<\/p>\n<p>Onagra: Rico en \u00e1cidos grasos esenciales poliinsaturados, pertenecientes al grupo de los Omega 6. Tiene altas concentraciones de antioxidantes, con lo que revitaliza las c\u00e9lulas de la piel d\u00e1ndole un aspecto fresco y saludable. Proporciona alivio de eczema, psoriasis y ros\u00e1cea ayudando a calmar la picaz\u00f3n en la piel.<\/p>\n<p>Cal\u00e9ndula: Una de las plantas m\u00e1s indicadas para aliviar afecciones dermatol\u00f3gicas, por su notable actividad antiinflamatoria, antis\u00e9ptica, antiviral, antibacteriana, antiespasm\u00f3dica, emenagoga, coler\u00e9tica, antihemorr\u00e1gica y cicatrizante. Ayuda a la regeneraci\u00f3n de las pieles da\u00f1adas y especialmente sensibles o al\u00e9rgicas.<\/p>\n<p>Germen de trigo: Destacable por su alto aporte en vitamina E, siendo un antioxidante natural muy potente por ese motivo.<\/p>\n<p>Ylang ylang: Propiedades relajantes y estimulantes. Por un lado ayuda a la relajaci\u00f3n, y por otro lado, su aroma penetrante y dulce mejora el \u00e1nimo y ayuda a estimular sensaciones positivas. Tambi\u00e9n es un aceite esencial conocido por sus efectos afrodis\u00edacos. Desde hace siglos se viene utilizando por esta propiedad en Asia, Tahit\u00ed o la India. El aceite esencial de ylang ylang es el aceite del buen humor, la euforia y el bienestar. En Indonesia sus flores se distribuyen en la cama de los novios, la noche de bodas, ya que se cree que tiene altos poderes afrodisiacos.<\/p>\n<p>Extracto de Trufa: La trufa desprende m\u00e1s de cien compuestos vol\u00e1tiles. Uno de los qu\u00edmicos que la componen es el andostrenol, una de las feromonas emanadas por los seres humanos, por lo que se le atribuye efectos afrodis\u00edacos.\u00a0<\/p>\n<p>MODO DE EMPLEO: Envase con sistema \u201cAirless\u201d con capacidad de 50 ml. Aplicar una peque\u00f1a cantidad en la zona \u00edntima. Apto para cualquier mujer y situaciones: menopausia, irritaciones, picores, dermatitis, etc. Se puede aplicar varias veces al d\u00eda e incrementar la cantidad si es necesario. Recomendamos sea utilizado antes y despu\u00e9s de las relaciones sexuales.<\/p>\n<p>PRECAUCIONES: Producto cosm\u00e9tico de uso s\u00f3lo externo. No utilizar en caso de hipersensibilidad o alergia a alguno de los ingredientes. En caso de irritaci\u00f3n suspender el uso. No aplicar sobre el \u00e1rea de los ojos. No ingerir. Mantener fuera del alcance de los ni\u00f1os. Conservar en un lugar fresco, seco y alejado de la luz solar.<\/p>\n<ul>\n<li>Formato sachet<\/li>\n<li>Capacidad: 4 ml<\/li>\n<li>Apto para veganos<\/li>\n<li>No testado en animales<\/li>\n<li>100% natural<\/li>\n<li>Hecho en Espa\u00f1a<\/li>\n<\/ul>\n","protected":false},"excerpt":{"rendered":"<p>SECRETPLAY MONODOSE FREE SEX DESIRE<\/p>\n","protected":false},"featured_media":45370,"template":"","meta":[],"pwb-brand":[498,682],"product_brand":[],"product_cat":[328,336,471,330,334],"product_tag":[],"class_list":{"0":"post-45369","1":"product","2":"type-product","3":"status-publish","4":"has-post-thumbnail","6":"pwb-brand-secretplay","7":"pwb-brand-secretplaysecretplay-cosmetic","8":"product_cat-afrodisiacos","9":"product_cat-afrodisiacoscremas-potenciadores-orgasmo-femenino","10":"product_cat-novedades","11":"product_cat-afrodisiacospotenciadores","12":"product_cat-afrodisiacossensibilizantes","13":"post_count_is_0","14":"boutique_post_style_4","16":"first","17":"instock","18":"taxable","19":"shipping-taxable","20":"purchasable","21":"product-type-simple","22":"boutique_image_style_2"},"brands":[{"id":498,"name":"SECRETPLAY","slug":"secretplay"},{"id":682,"name":"SECRETPLAY COSMETIC","slug":"secretplaysecretplay-cosmetic"}],"_links":{"self":[{"href":"https:\/\/www.pussycatmerida.com\/eshop\/wp-json\/wp\/v2\/product\/45369","targetHints":{"allow":["GET"]}}],"collection":[{"href":"https:\/\/www.pussycatmerida.com\/eshop\/wp-json\/wp\/v2\/product"}],"about":[{"href":"https:\/\/www.pussycatmerida.com\/eshop\/wp-json\/wp\/v2\/types\/product"}],"wp:featuredmedia":[{"embeddable":true,"href":"https:\/\/www.pussycatmerida.com\/eshop\/wp-json\/wp\/v2\/media\/45370"}],"wp:attachment":[{"href":"https:\/\/www.pussycatmerida.com\/eshop\/wp-json\/wp\/v2\/media?parent=45369"}],"wp:term":[{"taxonomy":"pwb-brand","embeddable":true,"href":"https:\/\/www.pussycatmerida.com\/eshop\/wp-json\/wp\/v2\/pwb-brand?post=45369"},{"taxonomy":"product_brand","embeddable":true,"href":"https:\/\/www.pussycatmerida.com\/eshop\/wp-json\/wp\/v2\/product_brand?post=45369"},{"taxonomy":"product_cat","embeddable":true,"href":"https:\/\/www.pussycatmerida.com\/eshop\/wp-json\/wp\/v2\/product_cat?post=45369"},{"taxonomy":"product_tag","embeddable":true,"href":"https:\/\/www.pussycatmerida.com\/eshop\/wp-json\/wp\/v2\/product_tag?post=45369"}],"curies":[{"name":"wp","href":"https:\/\/api.w.org\/{rel}","templated":true}]}}