{"id":45405,"date":"2021-02-26T13:55:57","date_gmt":"2021-02-26T11:55:57","guid":{"rendered":"https:\/\/www.pussycatmerida.com\/eshop\/product\/shunga-contacto-natural-lubricant\/"},"modified":"2026-03-11T12:26:14","modified_gmt":"2026-03-11T11:26:14","slug":"shunga-contacto-natural-lubricant","status":"publish","type":"product","link":"https:\/\/www.pussycatmerida.com\/eshop\/producto\/shunga-contacto-natural-lubricant\/","title":{"rendered":"SHUNGA CONTACTO NATURAL LUBRICANT"},"content":{"rendered":"<p>Es un lubricante especialmente formulado para reproducir la lubricaci\u00f3n natural y para facilitar la penetraci\u00f3n.<\/p>\n<p>Este lubricante ultra-suave hace perfecta las sensaciones experimentadas por los cuerpos en el movimiento sexual.<\/p>\n<p>A base de agua y sin aceites minerales, este lubricante se puede utilizar con juguetes sexuales de l\u00e1tex y es soluble en agua.<\/p>\n<p>Compatible con preservativos.<\/p>\n<p>Cantidad: 125 ml.<\/p>\n<p>Shunga es L\u00edder mundia en cosmetica Erotica, sus ingredientes naturales fusionado con principios activos logran un gran resultado<\/p>\n<p>Entrar en el mundo er\u00f3tico de Shunga es viajar al pasado. Traducido literalmente, Shunga significa \u2018imagen de primavera, una manera delicada de decir \u2018relaciones sexuales entre personas.<\/p>\n<p>Esta palabra se usaba para designar las pinturas er\u00f3ticas japonesas del siglo XVI, XVII y XVIII, un tipo llamado ukiyo-e, que no eran otra cosa que obras sobre madera o pergamino con escenas sensuales y episodios de amor carnal, siempre elaborados con mucho cuidado y buen gusto.<\/p>\n<p>El arte Shunga, aunque oculto durante siglos, marc\u00f3 el principio de la industria pornogr\u00e1fica para la clase media nipona y sirvi\u00f3 durante generaciones como ense\u00f1anza para los hijos y las hijas de muchas familias.<\/p>\n<p><img decoding=\"async\" alt=\"\" src=\"https:\/\/store.dreamlove.es\/UserFiles\/image\/banderas.png\" style=\"width: 121px; height: 35px;\" \/><\/p>\n","protected":false},"excerpt":{"rendered":"<p>SHUNGA NATURAL CONTACT PERSONAL LUBRICANT<\/p>\n","protected":false},"featured_media":45406,"template":"","meta":[],"pwb-brand":[42],"product_brand":[],"product_cat":[337,339,338],"product_tag":[],"class_list":{"0":"post-45405","1":"product","2":"type-product","3":"status-publish","4":"has-post-thumbnail","6":"pwb-brand-shunga","7":"product_cat-aceites-y-lubricantes","8":"product_cat-aceites-y-lubricanteslubricantesbase-de-agua","9":"product_cat-aceites-y-lubricanteslubricantes","10":"post_count_is_0","11":"boutique_post_style_4","13":"first","14":"instock","15":"taxable","16":"shipping-taxable","17":"purchasable","18":"product-type-simple","19":"boutique_image_style_2"},"brands":[{"id":42,"name":"SHUNGA","slug":"shunga"}],"_links":{"self":[{"href":"https:\/\/www.pussycatmerida.com\/eshop\/wp-json\/wp\/v2\/product\/45405","targetHints":{"allow":["GET"]}}],"collection":[{"href":"https:\/\/www.pussycatmerida.com\/eshop\/wp-json\/wp\/v2\/product"}],"about":[{"href":"https:\/\/www.pussycatmerida.com\/eshop\/wp-json\/wp\/v2\/types\/product"}],"wp:featuredmedia":[{"embeddable":true,"href":"https:\/\/www.pussycatmerida.com\/eshop\/wp-json\/wp\/v2\/media\/45406"}],"wp:attachment":[{"href":"https:\/\/www.pussycatmerida.com\/eshop\/wp-json\/wp\/v2\/media?parent=45405"}],"wp:term":[{"taxonomy":"pwb-brand","embeddable":true,"href":"https:\/\/www.pussycatmerida.com\/eshop\/wp-json\/wp\/v2\/pwb-brand?post=45405"},{"taxonomy":"product_brand","embeddable":true,"href":"https:\/\/www.pussycatmerida.com\/eshop\/wp-json\/wp\/v2\/product_brand?post=45405"},{"taxonomy":"product_cat","embeddable":true,"href":"https:\/\/www.pussycatmerida.com\/eshop\/wp-json\/wp\/v2\/product_cat?post=45405"},{"taxonomy":"product_tag","embeddable":true,"href":"https:\/\/www.pussycatmerida.com\/eshop\/wp-json\/wp\/v2\/product_tag?post=45405"}],"curies":[{"name":"wp","href":"https:\/\/api.w.org\/{rel}","templated":true}]}}