{"id":46246,"date":"2021-02-26T14:11:12","date_gmt":"2021-02-26T12:11:12","guid":{"rendered":"https:\/\/www.pussycatmerida.com\/eshop\/product\/swede-fruity-love-aceite-efecto-calor-grosella-negra-y-lima-60-ml\/"},"modified":"2026-03-11T12:26:31","modified_gmt":"2026-03-11T11:26:31","slug":"swede-fruity-love-aceite-efecto-calor-grosella-negra-y-lima-60-ml","status":"publish","type":"product","link":"https:\/\/www.pussycatmerida.com\/eshop\/producto\/swede-fruity-love-aceite-efecto-calor-grosella-negra-y-lima-60-ml\/","title":{"rendered":"SWEDE FRUITY LOVE ACEITE EFECTO CALOR GROSELLA NEGRA Y LIMA 60 ML"},"content":{"rendered":"<p>Fruity Love Massage Oil es el equilibrio perfecto entre una lubricaci\u00f3n suave y duradera y una delicada fricci\u00f3n que no sobrecarga los m\u00fasculos. El resultado es un masaje lento, sensual y relajante.<\/p>\n<p>La lujosa base para aceite de masaje es una innovadora f\u00f3rmula profesional que incluye varios aceites vegetales exclusivos como la Jojoba, la Nuez de Macadamia y el Aceite de Semilla de C\u00e1\u00f1amo. El Silic\u00f3n Puro garantiza una lubricaci\u00f3n duradera y una sensaci\u00f3n de piel sedosa. Otros ingredientes como el Aloe Vera y la Vitamina E mejoran su capacidad para nutrir la piel.<\/p>\n<p>La base para aceite de masaje es enriquecida luego con una mezcla de aceites Esenciales Puros, muchos de los cuales son conocidos por sus efectos afrodis\u00edacos y otros efectos que ejercen diferentes influencias positivas en el cuerpo y el alma del ser humano.<\/p>\n<p>Adem\u00e1s, la f\u00f3rmula tiene mayor viscosidad que los aceites convencionales para masaje, lo cual facilita su manejo y favorece un masaje m\u00e1s lento que requiere de menos fuerza muscular.<\/p>\n<ul>\n<li>Aroma Grosella negra y lima\u00a0<\/li>\n<li style=\"text-align: justify;\">Agradable efecto calor\u00a0<\/li>\n<li>El Aplicador de Dosificaci\u00f3n Controlada garantiza un manejo del l\u00edquido seguro y sin grasa.<\/li>\n<li>Con Aloe vera y vitamina E\u00a0<\/li>\n<li style=\"text-align: justify;\">Aceite de masaje alto rendimiento\u00a0<\/li>\n<li style=\"text-align: justify;\">Envase 60 ml.<\/li>\n<\/ul>\n<p>\u00a0<\/p>\n","protected":false},"excerpt":{"rendered":"<p>SWEDE FRUITY LOVE WARMING EFFECT MASSAGE OIL BLACK CURRANT AND LIME 60 ML.<\/p>\n","protected":false},"featured_media":46247,"template":"","meta":[],"pwb-brand":[719],"product_brand":[],"product_cat":[342,337,351,471],"product_tag":[],"class_list":{"0":"post-46246","1":"product","2":"type-product","3":"status-publish","4":"has-post-thumbnail","6":"pwb-brand-swede","7":"product_cat-aceites-y-lubricantesaceites-y-cremas-de-masaje","8":"product_cat-aceites-y-lubricantes","9":"product_cat-aceites-y-lubricantesaceites-y-cremas-de-masajecon-efecto-calor","10":"product_cat-novedades","11":"post_count_is_0","12":"boutique_post_style_4","14":"first","15":"instock","16":"taxable","17":"shipping-taxable","18":"purchasable","19":"product-type-simple","20":"boutique_image_style_2"},"brands":[{"id":719,"name":"SWEDE","slug":"swede"}],"_links":{"self":[{"href":"https:\/\/www.pussycatmerida.com\/eshop\/wp-json\/wp\/v2\/product\/46246","targetHints":{"allow":["GET"]}}],"collection":[{"href":"https:\/\/www.pussycatmerida.com\/eshop\/wp-json\/wp\/v2\/product"}],"about":[{"href":"https:\/\/www.pussycatmerida.com\/eshop\/wp-json\/wp\/v2\/types\/product"}],"wp:featuredmedia":[{"embeddable":true,"href":"https:\/\/www.pussycatmerida.com\/eshop\/wp-json\/wp\/v2\/media\/46247"}],"wp:attachment":[{"href":"https:\/\/www.pussycatmerida.com\/eshop\/wp-json\/wp\/v2\/media?parent=46246"}],"wp:term":[{"taxonomy":"pwb-brand","embeddable":true,"href":"https:\/\/www.pussycatmerida.com\/eshop\/wp-json\/wp\/v2\/pwb-brand?post=46246"},{"taxonomy":"product_brand","embeddable":true,"href":"https:\/\/www.pussycatmerida.com\/eshop\/wp-json\/wp\/v2\/product_brand?post=46246"},{"taxonomy":"product_cat","embeddable":true,"href":"https:\/\/www.pussycatmerida.com\/eshop\/wp-json\/wp\/v2\/product_cat?post=46246"},{"taxonomy":"product_tag","embeddable":true,"href":"https:\/\/www.pussycatmerida.com\/eshop\/wp-json\/wp\/v2\/product_tag?post=46246"}],"curies":[{"name":"wp","href":"https:\/\/api.w.org\/{rel}","templated":true}]}}