{"id":46264,"date":"2021-02-26T14:11:36","date_gmt":"2021-02-26T12:11:36","guid":{"rendered":"https:\/\/www.pussycatmerida.com\/eshop\/product\/shunga-gel-de-masaje-erotico-cuerpo-a-cuerpo-oriental-frutas-exoticas\/"},"modified":"2026-03-11T12:38:55","modified_gmt":"2026-03-11T11:38:55","slug":"shunga-gel-de-masaje-erotico-cuerpo-a-cuerpo-oriental-frutas-exoticas","status":"publish","type":"product","link":"https:\/\/www.pussycatmerida.com\/eshop\/producto\/shunga-gel-de-masaje-erotico-cuerpo-a-cuerpo-oriental-frutas-exoticas\/","title":{"rendered":"SHUNGA GEL DE MASAJE EROTICO CUERPO A CUERPO ORIENTAL FRUTAS EXOTICAS"},"content":{"rendered":"<p style=\"text-align: justify;\">Nunca ver\u00e1s un tobog\u00e1n acu\u00e1tico de la misma manera!<\/p>\n<p>Disfruta de una experiencia intensamente sensual y de una despertar er\u00f3tico<br \/>\nDesde la era de Edo, este ritual de iniciaci\u00f3n de placeres divinos era ofrecido por las Geishas a sus generosos benefactores.<\/p>\n<p style=\"text-align: justify;\">Este masaje cuerpo a cuerpo oriental es una experiencia er\u00f3tica sumamente sensual y placentera, en la que dos cuerpos, en casi completa ingravidez, se mueven sin esfuerzo el uno contra el otro en suaves movimientos deslizantes.<\/p>\n<p style=\"text-align: justify;\">Una vez vertido el gel corporal sobre los dos cuerpos desnudos, crea un efecto afrodis\u00edaco y embriagador. La piel se suaviza y se vuelve receptiva a las caricias llev\u00e1ndote hasta alcanzar el l\u00edmite.<\/p>\n<p>Este kit contiene una soluci\u00f3n para preparar 4 litros de suave y tibio gel de masaje, y una gran s\u00e1bana dorada que har\u00e1 que os trasladeis al mundo del placer intenso<\/p>\n<p>Incluye instrucciones en espa\u00f1ol.<\/p>\n<p>Aroma a Frutas exoticas<\/p>\n<p style=\"text-align: justify;\">Envase de 2 x 250 ml<\/p>\n<p>Cosmetica y aromaterapia al placer de tus sentidos!<\/p>\n<p>Shunga es L\u00edder mundia en cosmetica Erotica, sus ingredientes naturales fusionado con principios activos logran un gran resultado<\/p>\n<p>Entrar en el mundo er\u00f3tico de Shunga es viajar al pasado. Traducido literalmente, Shunga significa \u2018imagen de primavera, una manera delicada de decir \u2018relaciones sexuales entre personas.<\/p>\n<p>Esta palabra se usaba para designar las pinturas er\u00f3ticas japonesas del siglo XVI, XVII y XVIII, un tipo llamado ukiyo-e, que no eran otra cosa que obras sobre madera o pergamino con escenas sensuales y episodios de amor carnal, siempre elaborados con mucho cuidado y buen gusto.<\/p>\n<p>El arte Shunga, aunque oculto durante siglos, marc\u00f3 el principio de la industria pornogr\u00e1fica para la clase media nipona y sirvi\u00f3 durante generaciones como ense\u00f1anza para los hijos y las hijas de muchas familias.<\/p>\n<p><img decoding=\"async\" style=\"width: 121px; height: 35px;\" src=\"https:\/\/store.dreamlove.es\/UserFiles\/image\/banderas.png\" alt=\"\" \/><\/p>\n","protected":false},"excerpt":{"rendered":"<p>SHUNGA EROTIC MASSAGE GEL ORIENTAL BODY SLIDE FRUTAS EXOTICA<\/p>\n","protected":false},"featured_media":46265,"template":"","meta":[],"pwb-brand":[42,755],"product_brand":[],"product_cat":[350,349,342,337,355,356],"product_tag":[],"class_list":{"0":"post-46264","1":"product","2":"type-product","3":"status-publish","4":"has-post-thumbnail","6":"pwb-brand-shunga","7":"pwb-brand-shungashunga-kits","8":"product_cat-aceites-y-lubricantesaceites-y-cremas-de-masaje100-comestibles","9":"product_cat-aceites-y-lubricantesaceites-y-cremas-de-masajeaceites-esenciales","10":"product_cat-aceites-y-lubricantesaceites-y-cremas-de-masaje","11":"product_cat-aceites-y-lubricantes","12":"product_cat-aceites-y-lubricantesaceites-y-cremas-de-masajecremas-de-masaje","13":"product_cat-aceites-y-lubricantesaceites-y-cremas-de-masajeefecto-afrodisiaco","14":"post_count_is_0","15":"boutique_post_style_4","17":"first","18":"instock","19":"taxable","20":"shipping-taxable","21":"purchasable","22":"product-type-simple","23":"boutique_image_style_2"},"brands":[{"id":42,"name":"SHUNGA","slug":"shunga"},{"id":755,"name":"SHUNGA KITS","slug":"shungashunga-kits"}],"_links":{"self":[{"href":"https:\/\/www.pussycatmerida.com\/eshop\/wp-json\/wp\/v2\/product\/46264","targetHints":{"allow":["GET"]}}],"collection":[{"href":"https:\/\/www.pussycatmerida.com\/eshop\/wp-json\/wp\/v2\/product"}],"about":[{"href":"https:\/\/www.pussycatmerida.com\/eshop\/wp-json\/wp\/v2\/types\/product"}],"wp:featuredmedia":[{"embeddable":true,"href":"https:\/\/www.pussycatmerida.com\/eshop\/wp-json\/wp\/v2\/media\/46265"}],"wp:attachment":[{"href":"https:\/\/www.pussycatmerida.com\/eshop\/wp-json\/wp\/v2\/media?parent=46264"}],"wp:term":[{"taxonomy":"pwb-brand","embeddable":true,"href":"https:\/\/www.pussycatmerida.com\/eshop\/wp-json\/wp\/v2\/pwb-brand?post=46264"},{"taxonomy":"product_brand","embeddable":true,"href":"https:\/\/www.pussycatmerida.com\/eshop\/wp-json\/wp\/v2\/product_brand?post=46264"},{"taxonomy":"product_cat","embeddable":true,"href":"https:\/\/www.pussycatmerida.com\/eshop\/wp-json\/wp\/v2\/product_cat?post=46264"},{"taxonomy":"product_tag","embeddable":true,"href":"https:\/\/www.pussycatmerida.com\/eshop\/wp-json\/wp\/v2\/product_tag?post=46264"}],"curies":[{"name":"wp","href":"https:\/\/api.w.org\/{rel}","templated":true}]}}