{"id":46278,"date":"2021-02-26T14:11:50","date_gmt":"2021-02-26T12:11:50","guid":{"rendered":"https:\/\/www.pussycatmerida.com\/eshop\/product\/bijoux-aphrodisia-bruma-corporal\/"},"modified":"2026-03-11T12:40:54","modified_gmt":"2026-03-11T11:40:54","slug":"bijoux-aphrodisia-bruma-corporal","status":"publish","type":"product","link":"https:\/\/www.pussycatmerida.com\/eshop\/producto\/bijoux-aphrodisia-bruma-corporal\/","title":{"rendered":"BIJOUX APHRODISIA BRUMA CORPORAL"},"content":{"rendered":"<p>Una hipn\u00f3tica fragancia que cautiva los sentidos.<\/p>\n<p>Roc\u00edo del jard\u00edn de las delicias combinado con la elegancia de las rosas y los exuberantes aromas del ylang ylang y del jazm\u00edn.<\/p>\n<ul>\n<li>Contenido: Bruma corporal sin alcohol con la exclusiva esencia Bijoux Indiscrets (130 ml).<\/li>\n<\/ul>\n<p>Bijoux es simbolo de placer , erotismo y sensualidad, fabrican productos clave para el mejor climax en tus momentos intimos.<\/p>\n<p>La imaginaci\u00f3n est\u00e1 presente en todos los aspectos de la vida, pero cobra especial relevancia en los momentos de intimidad. En Bijoux Indiscrets, sabemos lo importante que son las fantas\u00edas y el juego en las relaciones.<\/p>\n<p>Por eso, cada uno de nuestros productos esconde una idea, una historia y un secreto que los dota de personalidad, haci\u00e9ndolos \u00fanicos.<\/p>\n<p>Bienvenidos al mundo secreto de Bijoux Indiscrets.<\/p>\n<ul>\n<li>El origen del Nombre Bijoux Indiscrets!<\/li>\n<\/ul>\n<p>\u201cLes Bijoux Indiscrets\u201d es\u00a0 la novela er\u00f3tica escrita por\u00a0 Denis Diderot, en el\u00a0 s.XVIII, en la que sus personajes viven en un mundo on\u00edrico repleto de erotismo y fantas\u00eda. A esa otra realidad, acceden gracias a un anillo m\u00e1gico. Y es, precisamente, ese \u201canillo m\u00e1gico\u201d el que preside\u00a0\u00a0 nuestro nombre, y esperamos nos guie, para poder conducir tambi\u00e9n a todos nuestros clientes hasta ese otro mundo lleno de placeres y sensuales aventuras.<\/p>\n<p style=\"text-align: center;\"><iframe loading=\"lazy\" allowfullscreen=\"\" frameborder=\"0\" height=\"300\" scrolling=\"no\" src=\"https:\/\/www.youtube.com\/embed\/hwTvgJD65as?rel=0controls=0showinfo=0\" width=\"800\"><\/iframe><\/p>\n<p>\u00a0<\/p>\n","protected":false},"excerpt":{"rendered":"<p>APHRODISIA BODY MIST<\/p>\n","protected":false},"featured_media":46279,"template":"","meta":[],"pwb-brand":[51,758],"product_brand":[],"product_cat":[337,353,329],"product_tag":[],"class_list":{"0":"post-46278","1":"product","2":"type-product","3":"status-publish","4":"has-post-thumbnail","6":"pwb-brand-bijoux-indiscrets","7":"pwb-brand-bijoux-indiscretsbijoux-love-cosmetiques","8":"product_cat-aceites-y-lubricantes","9":"product_cat-aceites-y-lubricantesaceites-y-cremas-de-masajeclima-erotico","10":"product_cat-afrodisiacosperfumes","11":"post_count_is_0","12":"boutique_post_style_4","14":"first","15":"instock","16":"taxable","17":"shipping-taxable","18":"purchasable","19":"product-type-simple","20":"boutique_image_style_2"},"brands":[{"id":51,"name":"BIJOUX INDISCRETS","slug":"bijoux-indiscrets"},{"id":758,"name":"BIJOUX LOVE COSMETIQUES","slug":"bijoux-indiscretsbijoux-love-cosmetiques"}],"_links":{"self":[{"href":"https:\/\/www.pussycatmerida.com\/eshop\/wp-json\/wp\/v2\/product\/46278","targetHints":{"allow":["GET"]}}],"collection":[{"href":"https:\/\/www.pussycatmerida.com\/eshop\/wp-json\/wp\/v2\/product"}],"about":[{"href":"https:\/\/www.pussycatmerida.com\/eshop\/wp-json\/wp\/v2\/types\/product"}],"wp:featuredmedia":[{"embeddable":true,"href":"https:\/\/www.pussycatmerida.com\/eshop\/wp-json\/wp\/v2\/media\/46279"}],"wp:attachment":[{"href":"https:\/\/www.pussycatmerida.com\/eshop\/wp-json\/wp\/v2\/media?parent=46278"}],"wp:term":[{"taxonomy":"pwb-brand","embeddable":true,"href":"https:\/\/www.pussycatmerida.com\/eshop\/wp-json\/wp\/v2\/pwb-brand?post=46278"},{"taxonomy":"product_brand","embeddable":true,"href":"https:\/\/www.pussycatmerida.com\/eshop\/wp-json\/wp\/v2\/product_brand?post=46278"},{"taxonomy":"product_cat","embeddable":true,"href":"https:\/\/www.pussycatmerida.com\/eshop\/wp-json\/wp\/v2\/product_cat?post=46278"},{"taxonomy":"product_tag","embeddable":true,"href":"https:\/\/www.pussycatmerida.com\/eshop\/wp-json\/wp\/v2\/product_tag?post=46278"}],"curies":[{"name":"wp","href":"https:\/\/api.w.org\/{rel}","templated":true}]}}