{"id":46658,"date":"2021-02-26T14:24:57","date_gmt":"2021-02-26T12:24:57","guid":{"rendered":"https:\/\/www.pussycatmerida.com\/eshop\/product\/pom-pom-plumero-de-plumas\/"},"modified":"2026-03-11T12:40:06","modified_gmt":"2026-03-11T11:40:06","slug":"pom-pom-plumero-de-plumas","status":"publish","type":"product","link":"https:\/\/www.pussycatmerida.com\/eshop\/producto\/pom-pom-plumero-de-plumas\/","title":{"rendered":"POM POM PLUMERO DE PLUMAS"},"content":{"rendered":"<p>Sensaciones a flor de piel. El cuerpo es un mapa plagado de zonas sensibles, que se estimulan con un leve roce. Descubrirlas y acariciarlas con la suavidad del plumero es toda una aventura.<\/p>\n<p>Contenido: plumero.<\/p>\n<p>Sab\u00edas que&#8230;<\/p>\n<p>&#8230; la piel es el \u00f3rgano m\u00e1s grande del cuerpo y est\u00e1 vinculado al sentido del tacto?<\/p>\n<p>&#8230; el tacto es el m\u00e1s b\u00e1sico de los sentidos, y que tan solo requiere cercan\u00eda y contacto para ser estimulado?<\/p>\n<p>&#8230; la piel est\u00e1 repleta de sensores listos para activar y encender el cuerpo, y es tan sencillo como dar una caricia?<\/p>\n<p>&#8230; la zona de la cintura y las costillas, en las axilas, en los muslos, o en las plantas de los pies as zonas donde las caricias las caricias son muy placenteras?<\/p>\n<p>&#8230; aplicando la caricia correcta en zonas er\u00f3genas tales como el cuello, el ombligo, los costados, la espalda o los muslos tambi\u00e9n es posible llegar al cl\u00edmax?<\/p>\n","protected":false},"excerpt":{"rendered":"<p>POM POM FEATHER TICKLER<\/p>\n","protected":false},"featured_media":46659,"template":"","meta":[],"pwb-brand":[51],"product_brand":[],"product_cat":[342,337,353,282,357,274],"product_tag":[],"class_list":{"0":"post-46658","1":"product","2":"type-product","3":"status-publish","4":"has-post-thumbnail","6":"pwb-brand-bijoux-indiscrets","7":"product_cat-aceites-y-lubricantesaceites-y-cremas-de-masaje","8":"product_cat-aceites-y-lubricantes","9":"product_cat-aceites-y-lubricantesaceites-y-cremas-de-masajeclima-erotico","10":"product_cat-juguetes-sexuales-xxxfetish-bondage","11":"product_cat-aceites-y-lubricantesinciensos-velas-masaje","12":"product_cat-juguetes-sexuales-xxx","13":"post_count_is_0","14":"boutique_post_style_4","16":"first","17":"instock","18":"taxable","19":"shipping-taxable","20":"purchasable","21":"product-type-simple","22":"boutique_image_style_2"},"brands":[{"id":51,"name":"BIJOUX INDISCRETS","slug":"bijoux-indiscrets"}],"_links":{"self":[{"href":"https:\/\/www.pussycatmerida.com\/eshop\/wp-json\/wp\/v2\/product\/46658","targetHints":{"allow":["GET"]}}],"collection":[{"href":"https:\/\/www.pussycatmerida.com\/eshop\/wp-json\/wp\/v2\/product"}],"about":[{"href":"https:\/\/www.pussycatmerida.com\/eshop\/wp-json\/wp\/v2\/types\/product"}],"wp:featuredmedia":[{"embeddable":true,"href":"https:\/\/www.pussycatmerida.com\/eshop\/wp-json\/wp\/v2\/media\/46659"}],"wp:attachment":[{"href":"https:\/\/www.pussycatmerida.com\/eshop\/wp-json\/wp\/v2\/media?parent=46658"}],"wp:term":[{"taxonomy":"pwb-brand","embeddable":true,"href":"https:\/\/www.pussycatmerida.com\/eshop\/wp-json\/wp\/v2\/pwb-brand?post=46658"},{"taxonomy":"product_brand","embeddable":true,"href":"https:\/\/www.pussycatmerida.com\/eshop\/wp-json\/wp\/v2\/product_brand?post=46658"},{"taxonomy":"product_cat","embeddable":true,"href":"https:\/\/www.pussycatmerida.com\/eshop\/wp-json\/wp\/v2\/product_cat?post=46658"},{"taxonomy":"product_tag","embeddable":true,"href":"https:\/\/www.pussycatmerida.com\/eshop\/wp-json\/wp\/v2\/product_tag?post=46658"}],"curies":[{"name":"wp","href":"https:\/\/api.w.org\/{rel}","templated":true}]}}