{"id":46821,"date":"2021-02-26T14:26:42","date_gmt":"2021-02-26T12:26:42","guid":{"rendered":"https:\/\/www.pussycatmerida.com\/eshop\/product\/secretplay-monodosis-triple-x-intensificador-placer\/"},"modified":"2026-03-11T12:26:43","modified_gmt":"2026-03-11T11:26:43","slug":"secretplay-monodosis-triple-x-intensificador-placer","status":"publish","type":"product","link":"https:\/\/www.pussycatmerida.com\/eshop\/producto\/secretplay-monodosis-triple-x-intensificador-placer\/","title":{"rendered":"SECRETPLAY MONODOSIS TRIPLE X INTENSIFICADOR PLACER"},"content":{"rendered":"<p>\u00a1Bienvenido a tu PR\u00d3XIMA EXPERIENCIA EXTREMA!<\/p>\n<p>El gel unisex intensificador del placer Triple X elaborado con ingredientes naturales combina 3 efectos en 1. Produce un efecto fr\u00edo, seguido de un efecto fuego-picante y finaliza con vibraci\u00f3n, que es el detonante perfecto. Permite un mayor placer en las relaciones \u00edntimas y una sensaci\u00f3n \u00fanica.<\/p>\n<p>MODO DE EMPLEO<\/p>\n<p>Aplicar una peque\u00f1a cantidad sobre la zona \u00edntima con un suave masaje. Dejar actuar unos minutos. Aplica solo unas gotas con un masaje suave, despu\u00e9s de 30 segundos comenzar\u00e1s a notar los efectos &#8230; fr\u00edo, picante y para finalizar la vibraci\u00f3n, que es el detonante perfecto!!! Atr\u00e9vete a vivir esta experiencia \u00fanica.<\/p>\n<p>El efecto dura aproxim\u00e1damente 20 minutos y puede aplicarse nuevamente si es necesario.<\/p>\n<p>PRECAUCIONES: Producto cosm\u00e9tico de uso s\u00f3lo externo. No utilizar en caso de hipersensibilidad o alergia a alguno de los ingredientes. En caso de irritaci\u00f3n suspender el uso. No aplicar sobre los ojos o heridas. No ingerir. Mantener fuera del alcance de los ni\u00f1os. Conservar en un lugar fresco, seco y alejado de la luz solar.<\/p>\n<ul>\n<li>\u00a0Sachet<\/li>\n<li>\u00a0Capacidad: 2 ml<\/li>\n<li>\u00a0Apto para veganos<\/li>\n<li>\u00a0No testado en animales<\/li>\n<li>100% natural<\/li>\n<li>Hecho en Espa\u00f1a<\/li>\n<\/ul>\n","protected":false},"excerpt":{"rendered":"<p>SECRETPLAY SINGLE DOSE TRIPLE X PLEASURE INTENSIFIER<\/p>\n","protected":false},"featured_media":46822,"template":"","meta":[],"pwb-brand":[498,682],"product_brand":[],"product_cat":[337,328,336,471,359,361,330,334],"product_tag":[],"class_list":{"0":"post-46821","1":"product","2":"type-product","3":"status-publish","4":"has-post-thumbnail","6":"pwb-brand-secretplay","7":"pwb-brand-secretplaysecretplay-cosmetic","8":"product_cat-aceites-y-lubricantes","9":"product_cat-afrodisiacos","10":"product_cat-afrodisiacoscremas-potenciadores-orgasmo-femenino","11":"product_cat-novedades","12":"product_cat-aceites-y-lubricantesorgasmo-femenino","13":"product_cat-aceites-y-lubricantesorgasmo-femeninopotenciador-orgasmo-femenino","14":"product_cat-afrodisiacospotenciadores","15":"product_cat-afrodisiacossensibilizantes","16":"post_count_is_0","17":"boutique_post_style_4","19":"first","20":"instock","21":"taxable","22":"shipping-taxable","23":"purchasable","24":"product-type-simple","25":"boutique_image_style_2"},"brands":[{"id":498,"name":"SECRETPLAY","slug":"secretplay"},{"id":682,"name":"SECRETPLAY COSMETIC","slug":"secretplaysecretplay-cosmetic"}],"_links":{"self":[{"href":"https:\/\/www.pussycatmerida.com\/eshop\/wp-json\/wp\/v2\/product\/46821","targetHints":{"allow":["GET"]}}],"collection":[{"href":"https:\/\/www.pussycatmerida.com\/eshop\/wp-json\/wp\/v2\/product"}],"about":[{"href":"https:\/\/www.pussycatmerida.com\/eshop\/wp-json\/wp\/v2\/types\/product"}],"wp:featuredmedia":[{"embeddable":true,"href":"https:\/\/www.pussycatmerida.com\/eshop\/wp-json\/wp\/v2\/media\/46822"}],"wp:attachment":[{"href":"https:\/\/www.pussycatmerida.com\/eshop\/wp-json\/wp\/v2\/media?parent=46821"}],"wp:term":[{"taxonomy":"pwb-brand","embeddable":true,"href":"https:\/\/www.pussycatmerida.com\/eshop\/wp-json\/wp\/v2\/pwb-brand?post=46821"},{"taxonomy":"product_brand","embeddable":true,"href":"https:\/\/www.pussycatmerida.com\/eshop\/wp-json\/wp\/v2\/product_brand?post=46821"},{"taxonomy":"product_cat","embeddable":true,"href":"https:\/\/www.pussycatmerida.com\/eshop\/wp-json\/wp\/v2\/product_cat?post=46821"},{"taxonomy":"product_tag","embeddable":true,"href":"https:\/\/www.pussycatmerida.com\/eshop\/wp-json\/wp\/v2\/product_tag?post=46821"}],"curies":[{"name":"wp","href":"https:\/\/api.w.org\/{rel}","templated":true}]}}