{"id":46827,"date":"2021-02-26T14:26:45","date_gmt":"2021-02-26T12:26:45","guid":{"rendered":"https:\/\/www.pussycatmerida.com\/eshop\/product\/coquette-pulse-gel-fresa-vibracion-magica-premium-6ml\/"},"modified":"2026-03-11T12:38:48","modified_gmt":"2026-03-11T11:38:48","slug":"coquette-pulse-gel-fresa-vibracion-magica-premium-6ml","status":"publish","type":"product","link":"https:\/\/www.pussycatmerida.com\/eshop\/producto\/coquette-pulse-gel-fresa-vibracion-magica-premium-6ml\/","title":{"rendered":"COQUETTE PULSE GEL FRESA VIBRACI\u00d3N MAGICA PREMIUM 6ML"},"content":{"rendered":"<p>Te presentamos las nuevos productos COQUETTE SENSE PULSE GEL, con efecto vibraci\u00f3n. Se aplica sobre la piel como cualquier otro gel para masaje er\u00f3tico o lubricante convencional. Pero los efectos de este l\u00edquido de placer son muy distintos a los de cualquier otro producto de esta misma categor\u00eda.<\/p>\n<p>El vibrador l\u00edquido m\u00e1s completo ya est\u00e1 disponible. Disfruta de olas de sensaciones con sus funciones de calentamiento, pulsaci\u00f3n y vibraci\u00f3n que duran hasta 30 minutos. Es unisex y puede usarse durante la penetraci\u00f3n, para la masturbaci\u00f3n, para unos besos apasionados y para un sexo oral con sabor a fresa intensa.\u00a0Instrucciones: Solo tendr\u00e1s que utilizar 3 aerosoles en el cl\u00edtoris o 1 aerosol alrededor del pene.<\/p>\n<p>Al contacto con la piel con este l\u00edquido estimulador sentir\u00e1s sus ondas de vibraci\u00f3n recorriendo tu desnudez y despertando a tu piel para hacer m\u00e1s sensible al placer er\u00f3tico.<\/p>\n<ul>\n<li>Envase con sistema \u201cAirless\u201d,\u00a0<\/li>\n<li>Apto para veganos<\/li>\n<li>100% natural.<\/li>\n<li>6 ml<\/li>\n<li>Unisex<\/li>\n<li>Duraci\u00f3n hasta 30 minutos.<\/li>\n<\/ul>\n","protected":false},"excerpt":{"rendered":"<p>COQUETTE PULSE GEL STRAWBERRY MAGIC VIBRATION PREMIUM 6ML<\/p>\n","protected":false},"featured_media":46828,"template":"","meta":[],"pwb-brand":[473],"product_brand":[],"product_cat":[328,336,471,359,361,330,334],"product_tag":[],"class_list":{"0":"post-46827","1":"product","2":"type-product","3":"status-publish","4":"has-post-thumbnail","6":"pwb-brand-coquette","7":"product_cat-afrodisiacos","8":"product_cat-afrodisiacoscremas-potenciadores-orgasmo-femenino","9":"product_cat-novedades","10":"product_cat-aceites-y-lubricantesorgasmo-femenino","11":"product_cat-aceites-y-lubricantesorgasmo-femeninopotenciador-orgasmo-femenino","12":"product_cat-afrodisiacospotenciadores","13":"product_cat-afrodisiacossensibilizantes","14":"post_count_is_0","15":"boutique_post_style_4","17":"first","18":"instock","19":"taxable","20":"shipping-taxable","21":"purchasable","22":"product-type-simple","23":"boutique_image_style_2"},"brands":[{"id":473,"name":"COQUETTE","slug":"coquette"}],"_links":{"self":[{"href":"https:\/\/www.pussycatmerida.com\/eshop\/wp-json\/wp\/v2\/product\/46827","targetHints":{"allow":["GET"]}}],"collection":[{"href":"https:\/\/www.pussycatmerida.com\/eshop\/wp-json\/wp\/v2\/product"}],"about":[{"href":"https:\/\/www.pussycatmerida.com\/eshop\/wp-json\/wp\/v2\/types\/product"}],"wp:featuredmedia":[{"embeddable":true,"href":"https:\/\/www.pussycatmerida.com\/eshop\/wp-json\/wp\/v2\/media\/46828"}],"wp:attachment":[{"href":"https:\/\/www.pussycatmerida.com\/eshop\/wp-json\/wp\/v2\/media?parent=46827"}],"wp:term":[{"taxonomy":"pwb-brand","embeddable":true,"href":"https:\/\/www.pussycatmerida.com\/eshop\/wp-json\/wp\/v2\/pwb-brand?post=46827"},{"taxonomy":"product_brand","embeddable":true,"href":"https:\/\/www.pussycatmerida.com\/eshop\/wp-json\/wp\/v2\/product_brand?post=46827"},{"taxonomy":"product_cat","embeddable":true,"href":"https:\/\/www.pussycatmerida.com\/eshop\/wp-json\/wp\/v2\/product_cat?post=46827"},{"taxonomy":"product_tag","embeddable":true,"href":"https:\/\/www.pussycatmerida.com\/eshop\/wp-json\/wp\/v2\/product_tag?post=46827"}],"curies":[{"name":"wp","href":"https:\/\/api.w.org\/{rel}","templated":true}]}}