{"id":47068,"date":"2021-02-26T14:29:35","date_gmt":"2021-02-26T12:29:35","guid":{"rendered":"https:\/\/www.pussycatmerida.com\/eshop\/product\/control-adapta-senso-12-unid\/"},"modified":"2026-03-11T12:40:36","modified_gmt":"2026-03-11T11:40:36","slug":"control-adapta-senso-12-unid","status":"publish","type":"product","link":"https:\/\/www.pussycatmerida.com\/eshop\/producto\/control-adapta-senso-12-unid\/","title":{"rendered":"CONTROL ADAPTA SENSO 12 UNID"},"content":{"rendered":"<p>El especial dise\u00f1o de Control Adapta Senso permite una perfecta adaptabilidad, haciendo tu relaci\u00f3n sexual m\u00e1s satisfactoria.<\/p>\n<p>Su espesor a\u00fan m\u00e1s fino permite adem\u00e1s aumentar la sensibilidad durante la relaci\u00f3n.<\/p>\n<div class=\"rte\" id=\"idTab1\">\n<p>Control Adapta Senso es un preservativo en l\u00e1tex de caucho natural de m\u00e1xima calidad, fino, liso, anat\u00f3mico, de lados no paralelos, transparente, lubricado y con dep\u00f3sito<\/p>\n<ul>\n<li>Dermatol\u00f3gicamente testados.<\/li>\n<li>Anchura nominal: 54mm.<\/li>\n<li>Caja 12 preservativos.<\/li>\n<\/ul>\n<p style=\"text-align: center;\"><img loading=\"lazy\" decoding=\"async\" alt=\"\" height=\"230\" src=\"https:\/\/dreamlove.gesio.be\/UserFiles\/image\/homeGama.png\" width=\"505\" \/><\/p>\n<\/div>\n","protected":false},"excerpt":{"rendered":"<p>CONTROL ADAPTA SENSO 12 UNID<\/p>\n","protected":false},"featured_media":47069,"template":"","meta":[],"pwb-brand":[50],"product_brand":[],"product_cat":[367,372],"product_tag":[],"class_list":{"0":"post-47068","1":"product","2":"type-product","3":"status-publish","4":"has-post-thumbnail","6":"pwb-brand-control","7":"product_cat-preservativos","8":"product_cat-preservativospreservativos-especiales","9":"post_count_is_0","10":"boutique_post_style_4","12":"first","13":"instock","14":"taxable","15":"shipping-taxable","16":"purchasable","17":"product-type-simple","18":"boutique_image_style_2"},"brands":[{"id":50,"name":"CONTROL","slug":"control"}],"_links":{"self":[{"href":"https:\/\/www.pussycatmerida.com\/eshop\/wp-json\/wp\/v2\/product\/47068","targetHints":{"allow":["GET"]}}],"collection":[{"href":"https:\/\/www.pussycatmerida.com\/eshop\/wp-json\/wp\/v2\/product"}],"about":[{"href":"https:\/\/www.pussycatmerida.com\/eshop\/wp-json\/wp\/v2\/types\/product"}],"wp:featuredmedia":[{"embeddable":true,"href":"https:\/\/www.pussycatmerida.com\/eshop\/wp-json\/wp\/v2\/media\/47069"}],"wp:attachment":[{"href":"https:\/\/www.pussycatmerida.com\/eshop\/wp-json\/wp\/v2\/media?parent=47068"}],"wp:term":[{"taxonomy":"pwb-brand","embeddable":true,"href":"https:\/\/www.pussycatmerida.com\/eshop\/wp-json\/wp\/v2\/pwb-brand?post=47068"},{"taxonomy":"product_brand","embeddable":true,"href":"https:\/\/www.pussycatmerida.com\/eshop\/wp-json\/wp\/v2\/product_brand?post=47068"},{"taxonomy":"product_cat","embeddable":true,"href":"https:\/\/www.pussycatmerida.com\/eshop\/wp-json\/wp\/v2\/product_cat?post=47068"},{"taxonomy":"product_tag","embeddable":true,"href":"https:\/\/www.pussycatmerida.com\/eshop\/wp-json\/wp\/v2\/product_tag?post=47068"}],"curies":[{"name":"wp","href":"https:\/\/api.w.org\/{rel}","templated":true}]}}