{"id":47074,"date":"2021-02-26T14:29:37","date_gmt":"2021-02-26T12:29:37","guid":{"rendered":"https:\/\/www.pussycatmerida.com\/eshop\/product\/control-finissimo-24-unid\/"},"modified":"2026-03-11T12:40:36","modified_gmt":"2026-03-11T11:40:36","slug":"control-finissimo-24-unid","status":"publish","type":"product","link":"https:\/\/www.pussycatmerida.com\/eshop\/producto\/control-finissimo-24-unid\/","title":{"rendered":"CONTROL FINISSIMO 24 UNID"},"content":{"rendered":"<p><span id=\"ctl12_UpdatePanel2\">El preservativo m\u00e1s fino de Control. Su espesor s\u00faper fino facilita el disfrutar de una sensibilidad extrema, mientras que su forma ergon\u00f3mica favorece una \u00f3ptima adaptabilidad. Hecho de l\u00e1tex, con dep\u00f3sito y lubricado. <\/span><\/p>\n<p>\u00a0<\/p>\n<ul>\n<li>Dermatol\u00f3gicamente testados.<\/li>\n<li>Anchura nominal: 54mm.<\/li>\n<li>Caja 24 preservativos<\/li>\n<\/ul>\n<p style=\"text-align: center;\"><img loading=\"lazy\" decoding=\"async\" alt=\"\" height=\"230\" src=\"https:\/\/dreamlove.gesio.be\/UserFiles\/image\/homeGama.png\" width=\"505\" \/><\/p>\n","protected":false},"excerpt":{"rendered":"<p>CONTROL FINISSIMO  24 UNID CONTROL FINISSIMO 24 UNID<\/p>\n","protected":false},"featured_media":47075,"template":"","meta":[],"pwb-brand":[50],"product_brand":[],"product_cat":[367,372],"product_tag":[],"class_list":{"0":"post-47074","1":"product","2":"type-product","3":"status-publish","4":"has-post-thumbnail","6":"pwb-brand-control","7":"product_cat-preservativos","8":"product_cat-preservativospreservativos-especiales","9":"post_count_is_0","10":"boutique_post_style_4","12":"first","13":"instock","14":"taxable","15":"shipping-taxable","16":"purchasable","17":"product-type-simple","18":"boutique_image_style_2"},"brands":[{"id":50,"name":"CONTROL","slug":"control"}],"_links":{"self":[{"href":"https:\/\/www.pussycatmerida.com\/eshop\/wp-json\/wp\/v2\/product\/47074","targetHints":{"allow":["GET"]}}],"collection":[{"href":"https:\/\/www.pussycatmerida.com\/eshop\/wp-json\/wp\/v2\/product"}],"about":[{"href":"https:\/\/www.pussycatmerida.com\/eshop\/wp-json\/wp\/v2\/types\/product"}],"wp:featuredmedia":[{"embeddable":true,"href":"https:\/\/www.pussycatmerida.com\/eshop\/wp-json\/wp\/v2\/media\/47075"}],"wp:attachment":[{"href":"https:\/\/www.pussycatmerida.com\/eshop\/wp-json\/wp\/v2\/media?parent=47074"}],"wp:term":[{"taxonomy":"pwb-brand","embeddable":true,"href":"https:\/\/www.pussycatmerida.com\/eshop\/wp-json\/wp\/v2\/pwb-brand?post=47074"},{"taxonomy":"product_brand","embeddable":true,"href":"https:\/\/www.pussycatmerida.com\/eshop\/wp-json\/wp\/v2\/product_brand?post=47074"},{"taxonomy":"product_cat","embeddable":true,"href":"https:\/\/www.pussycatmerida.com\/eshop\/wp-json\/wp\/v2\/product_cat?post=47074"},{"taxonomy":"product_tag","embeddable":true,"href":"https:\/\/www.pussycatmerida.com\/eshop\/wp-json\/wp\/v2\/product_tag?post=47074"}],"curies":[{"name":"wp","href":"https:\/\/api.w.org\/{rel}","templated":true}]}}