{"id":47088,"date":"2021-02-26T14:29:41","date_gmt":"2021-02-26T12:29:41","guid":{"rendered":"https:\/\/www.pussycatmerida.com\/eshop\/product\/durex-climax-mutuo-12-uds\/"},"modified":"2026-03-11T12:40:36","modified_gmt":"2026-03-11T11:40:36","slug":"durex-climax-mutuo-12-uds","status":"publish","type":"product","link":"https:\/\/www.pussycatmerida.com\/eshop\/producto\/durex-climax-mutuo-12-uds\/","title":{"rendered":"DUREX CLIMAX MUTUO 12 UDS"},"content":{"rendered":"<p>Durex Mutual Climax son preservativos dise\u00f1ados con puntos y estr\u00edas para acelerar el cl\u00edmax de ella y con lubricante Performa que contiene un 5% de benzoca\u00edna para retrasar el de \u00e9l.<\/p>\n<p>Caracter\u00edsticas de Durex Mutal Climax:<\/p>\n<ul>\n<li>Preservativo con puntos y estr\u00edas para acelerar el cl\u00edmax de ella y con lubricante Performa que contiene un 5% de benzoca\u00edna para retrasar el de \u00e9l<\/li>\n<li>Forma anat\u00f3mica Easy-On, con dep\u00f3sito<\/li>\n<li>Preservativos transparentes<\/li>\n<li>Anchura nominal: 56mm<\/li>\n<\/ul>\n<p>La forma especial en que se fabrica Durex Mutual Climax hace que huelan mejor para que no hayan inc\u00f3modas distracciones, por lo que podr\u00e1s relajarte y disfrutar.<\/p>\n<p>Lee el folleto que contiene el interior de este estuche cuidadosamente, en especial si utilizas los preservativos para sexo oral o anal<\/p>\n<p>Estuche 12 Unidades<\/p>\n","protected":false},"excerpt":{"rendered":"<p>DUREX CLIMAX MUTUO 12 UDS<\/p>\n","protected":false},"featured_media":47089,"template":"","meta":[],"pwb-brand":[49,778],"product_brand":[],"product_cat":[337,328,340,330,367,372,331,334,365],"product_tag":[],"class_list":{"0":"post-47088","1":"product","2":"type-product","3":"status-publish","4":"has-post-thumbnail","6":"pwb-brand-durex","7":"pwb-brand-durexdurex-condoms","8":"product_cat-aceites-y-lubricantes","9":"product_cat-afrodisiacos","10":"product_cat-aceites-y-lubricantesaumenta-la-potencia-en-el-hombre","11":"product_cat-afrodisiacospotenciadores","12":"product_cat-preservativos","13":"product_cat-preservativospreservativos-especiales","14":"product_cat-afrodisiacosretardantes","15":"product_cat-afrodisiacossensibilizantes","16":"product_cat-aceites-y-lubricantesaumenta-la-potencia-en-el-hombrevigorizantes","17":"post_count_is_0","18":"boutique_post_style_4","20":"first","21":"instock","22":"taxable","23":"shipping-taxable","24":"purchasable","25":"product-type-simple","26":"boutique_image_style_2"},"brands":[{"id":49,"name":"DUREX","slug":"durex"},{"id":778,"name":"DUREX CONDOMS","slug":"durexdurex-condoms"}],"_links":{"self":[{"href":"https:\/\/www.pussycatmerida.com\/eshop\/wp-json\/wp\/v2\/product\/47088","targetHints":{"allow":["GET"]}}],"collection":[{"href":"https:\/\/www.pussycatmerida.com\/eshop\/wp-json\/wp\/v2\/product"}],"about":[{"href":"https:\/\/www.pussycatmerida.com\/eshop\/wp-json\/wp\/v2\/types\/product"}],"wp:featuredmedia":[{"embeddable":true,"href":"https:\/\/www.pussycatmerida.com\/eshop\/wp-json\/wp\/v2\/media\/47089"}],"wp:attachment":[{"href":"https:\/\/www.pussycatmerida.com\/eshop\/wp-json\/wp\/v2\/media?parent=47088"}],"wp:term":[{"taxonomy":"pwb-brand","embeddable":true,"href":"https:\/\/www.pussycatmerida.com\/eshop\/wp-json\/wp\/v2\/pwb-brand?post=47088"},{"taxonomy":"product_brand","embeddable":true,"href":"https:\/\/www.pussycatmerida.com\/eshop\/wp-json\/wp\/v2\/product_brand?post=47088"},{"taxonomy":"product_cat","embeddable":true,"href":"https:\/\/www.pussycatmerida.com\/eshop\/wp-json\/wp\/v2\/product_cat?post=47088"},{"taxonomy":"product_tag","embeddable":true,"href":"https:\/\/www.pussycatmerida.com\/eshop\/wp-json\/wp\/v2\/product_tag?post=47088"}],"curies":[{"name":"wp","href":"https:\/\/api.w.org\/{rel}","templated":true}]}}