{"id":47096,"date":"2021-02-26T14:29:44","date_gmt":"2021-02-26T12:29:44","guid":{"rendered":"https:\/\/www.pussycatmerida.com\/eshop\/product\/control-adapta-senso-144-unid\/"},"modified":"2026-03-11T12:40:37","modified_gmt":"2026-03-11T11:40:37","slug":"control-adapta-senso-144-unid","status":"publish","type":"product","link":"https:\/\/www.pussycatmerida.com\/eshop\/producto\/control-adapta-senso-144-unid\/","title":{"rendered":"CONTROL ADAPTA SENSO 144 UNID"},"content":{"rendered":"<p>El especial dise\u00f1o de Control Adapta Senso permite una perfecta adaptabilidad, haciendo tu relaci\u00f3n sexual m\u00e1s satisfactoria.<\/p>\n<p>Su espesor a\u00fan m\u00e1s fino permite adem\u00e1s aumentar la sensibilidad durante la relaci\u00f3n.<\/p>\n<div class=\"rte\" id=\"idTab1\">\n<p>Control Adapta Senso es un preservativo en l\u00e1tex de caucho natural de m\u00e1xima calidad, fino, liso, anat\u00f3mico, de lados no paralelos, transparente, lubricado y con dep\u00f3sito<\/p>\n<ul>\n<li>Dermatol\u00f3gicamente testados.<\/li>\n<li>Anchura nominal: 54mm.<\/li>\n<li>Caja 144 preservativos.<\/li>\n<\/ul>\n<p style=\"text-align: center;\"><img loading=\"lazy\" decoding=\"async\" alt=\"\" height=\"230\" src=\"https:\/\/dreamlove.gesio.be\/UserFiles\/image\/homeGama.png\" width=\"505\" \/><\/p>\n<\/div>\n","protected":false},"excerpt":{"rendered":"<p>CONTROL ADAPTA SENSO 144 UNID<\/p>\n","protected":false},"featured_media":47097,"template":"","meta":[],"pwb-brand":[50],"product_brand":[],"product_cat":[367,371,372],"product_tag":[],"class_list":{"0":"post-47096","1":"product","2":"type-product","3":"status-publish","4":"has-post-thumbnail","6":"pwb-brand-control","7":"product_cat-preservativos","8":"product_cat-preservativospreservativos-a-granel","9":"product_cat-preservativospreservativos-especiales","10":"post_count_is_0","11":"boutique_post_style_4","13":"first","14":"instock","15":"taxable","16":"shipping-taxable","17":"purchasable","18":"product-type-simple","19":"boutique_image_style_2"},"brands":[{"id":50,"name":"CONTROL","slug":"control"}],"_links":{"self":[{"href":"https:\/\/www.pussycatmerida.com\/eshop\/wp-json\/wp\/v2\/product\/47096","targetHints":{"allow":["GET"]}}],"collection":[{"href":"https:\/\/www.pussycatmerida.com\/eshop\/wp-json\/wp\/v2\/product"}],"about":[{"href":"https:\/\/www.pussycatmerida.com\/eshop\/wp-json\/wp\/v2\/types\/product"}],"wp:featuredmedia":[{"embeddable":true,"href":"https:\/\/www.pussycatmerida.com\/eshop\/wp-json\/wp\/v2\/media\/47097"}],"wp:attachment":[{"href":"https:\/\/www.pussycatmerida.com\/eshop\/wp-json\/wp\/v2\/media?parent=47096"}],"wp:term":[{"taxonomy":"pwb-brand","embeddable":true,"href":"https:\/\/www.pussycatmerida.com\/eshop\/wp-json\/wp\/v2\/pwb-brand?post=47096"},{"taxonomy":"product_brand","embeddable":true,"href":"https:\/\/www.pussycatmerida.com\/eshop\/wp-json\/wp\/v2\/product_brand?post=47096"},{"taxonomy":"product_cat","embeddable":true,"href":"https:\/\/www.pussycatmerida.com\/eshop\/wp-json\/wp\/v2\/product_cat?post=47096"},{"taxonomy":"product_tag","embeddable":true,"href":"https:\/\/www.pussycatmerida.com\/eshop\/wp-json\/wp\/v2\/product_tag?post=47096"}],"curies":[{"name":"wp","href":"https:\/\/api.w.org\/{rel}","templated":true}]}}