{"id":47287,"date":"2021-02-26T14:31:28","date_gmt":"2021-02-26T12:31:28","guid":{"rendered":"https:\/\/www.pussycatmerida.com\/eshop\/product\/control-fussion-12-unid\/"},"modified":"2026-03-11T12:40:36","modified_gmt":"2026-03-11T11:40:36","slug":"control-fussion-12-unid","status":"publish","type":"product","link":"https:\/\/www.pussycatmerida.com\/eshop\/producto\/control-fussion-12-unid\/","title":{"rendered":"CONTROL FUSSION 12 UNID"},"content":{"rendered":"<p>El nuevo contro fussion es un estallido de aromas afrodis\u00edacos.<\/p>\n<p>Es la nueva apuesta de Control, con toda la pasi\u00f3n de los aromasafridis\u00edacos Sex sensesdentro del mismi envase: el dulce placer del chocolate addiction (1 U.), el intenso escalofr\u00edo del peppermint ecstasy (1 U.), y el sensual est\u00edmulo del intense fruit (1 U.)<\/p>\n<ul>\n<li>Medidas: Ancho 54 mm.<\/li>\n<li>Dermatol\u00f3gicamente testados.<\/li>\n<li>Caja 12 preservativos variados<\/li>\n<\/ul>\n<p style=\"text-align: center;\"><img loading=\"lazy\" decoding=\"async\" alt=\"\" height=\"230\" src=\"https:\/\/dreamlove.gesio.be\/UserFiles\/image\/homeGama.png\" width=\"505\" \/><\/p>\n","protected":false},"excerpt":{"rendered":"<p>CONTROL FUSSION 12 UNID<\/p>\n","protected":false},"featured_media":47288,"template":"","meta":[],"pwb-brand":[50],"product_brand":[],"product_cat":[367,372,373],"product_tag":[],"class_list":{"0":"post-47287","1":"product","2":"type-product","3":"status-publish","4":"has-post-thumbnail","6":"pwb-brand-control","7":"product_cat-preservativos","8":"product_cat-preservativospreservativos-especiales","9":"product_cat-preservativospreservativos-sabores","10":"post_count_is_0","11":"boutique_post_style_4","13":"first","14":"instock","15":"taxable","16":"shipping-taxable","17":"purchasable","18":"product-type-simple","19":"boutique_image_style_2"},"brands":[{"id":50,"name":"CONTROL","slug":"control"}],"_links":{"self":[{"href":"https:\/\/www.pussycatmerida.com\/eshop\/wp-json\/wp\/v2\/product\/47287","targetHints":{"allow":["GET"]}}],"collection":[{"href":"https:\/\/www.pussycatmerida.com\/eshop\/wp-json\/wp\/v2\/product"}],"about":[{"href":"https:\/\/www.pussycatmerida.com\/eshop\/wp-json\/wp\/v2\/types\/product"}],"wp:featuredmedia":[{"embeddable":true,"href":"https:\/\/www.pussycatmerida.com\/eshop\/wp-json\/wp\/v2\/media\/47288"}],"wp:attachment":[{"href":"https:\/\/www.pussycatmerida.com\/eshop\/wp-json\/wp\/v2\/media?parent=47287"}],"wp:term":[{"taxonomy":"pwb-brand","embeddable":true,"href":"https:\/\/www.pussycatmerida.com\/eshop\/wp-json\/wp\/v2\/pwb-brand?post=47287"},{"taxonomy":"product_brand","embeddable":true,"href":"https:\/\/www.pussycatmerida.com\/eshop\/wp-json\/wp\/v2\/product_brand?post=47287"},{"taxonomy":"product_cat","embeddable":true,"href":"https:\/\/www.pussycatmerida.com\/eshop\/wp-json\/wp\/v2\/product_cat?post=47287"},{"taxonomy":"product_tag","embeddable":true,"href":"https:\/\/www.pussycatmerida.com\/eshop\/wp-json\/wp\/v2\/product_tag?post=47287"}],"curies":[{"name":"wp","href":"https:\/\/api.w.org\/{rel}","templated":true}]}}