{"id":47342,"date":"2021-02-26T14:31:52","date_gmt":"2021-02-26T12:31:52","guid":{"rendered":"https:\/\/www.pussycatmerida.com\/eshop\/product\/durex-natural-xl-12-uds\/"},"modified":"2026-03-11T12:40:39","modified_gmt":"2026-03-11T11:40:39","slug":"durex-natural-xl-12-uds","status":"publish","type":"product","link":"https:\/\/www.pussycatmerida.com\/eshop\/producto\/durex-natural-xl-12-uds\/","title":{"rendered":"DUREX NATURAL XL 12 UDS"},"content":{"rendered":"<p style=\"line-height: 16.6399993896484px;\">Durex Natural XL son preservativos extragrandes para un mayor comfort. Caracter\u00edsticas de Durex Natural XL: Preservativo extragrande de l\u00e1tex de caucho natural, liso Transparente y lubricado Su forma se ajusta c\u00f3modamente donde m\u00e1s lo necesitas<\/p>\n<ul style=\"line-height: 16.6399993896484px;\">\n<li>Anchura nominal: 56mm<\/li>\n<\/ul>\n<p style=\"line-height: 16.6399993896484px;\">La forma especial en que se fabrica Durex Natural XL hace que huelan mejor para que no hayan inc\u00f3modas distracciones, por lo que podr\u00e1s relajarte y disfrutar.<\/p>\n<p style=\"line-height: 16.6399993896484px;\">Lee el folleto que contiene el interior de este estuche cuidadosamente, en especial si utilizas los preservativos para sexo oral o ana<\/p>\n<p style=\"line-height: 16.6399993896484px;\">Estuche 12 Unidades<\/p>\n","protected":false},"excerpt":{"rendered":"<p>DUREX NATURAL XL 12 UDS<\/p>\n","protected":false},"featured_media":47343,"template":"","meta":[],"pwb-brand":[49,778],"product_brand":[],"product_cat":[367,372,374],"product_tag":[],"class_list":{"0":"post-47342","1":"product","2":"type-product","3":"status-publish","4":"has-post-thumbnail","6":"pwb-brand-durex","7":"pwb-brand-durexdurex-condoms","8":"product_cat-preservativos","9":"product_cat-preservativospreservativos-especiales","10":"product_cat-preservativospreservativos-tamano-xxl","11":"post_count_is_0","12":"boutique_post_style_4","14":"first","15":"instock","16":"taxable","17":"shipping-taxable","18":"purchasable","19":"product-type-simple","20":"boutique_image_style_2"},"brands":[{"id":49,"name":"DUREX","slug":"durex"},{"id":778,"name":"DUREX CONDOMS","slug":"durexdurex-condoms"}],"_links":{"self":[{"href":"https:\/\/www.pussycatmerida.com\/eshop\/wp-json\/wp\/v2\/product\/47342","targetHints":{"allow":["GET"]}}],"collection":[{"href":"https:\/\/www.pussycatmerida.com\/eshop\/wp-json\/wp\/v2\/product"}],"about":[{"href":"https:\/\/www.pussycatmerida.com\/eshop\/wp-json\/wp\/v2\/types\/product"}],"wp:featuredmedia":[{"embeddable":true,"href":"https:\/\/www.pussycatmerida.com\/eshop\/wp-json\/wp\/v2\/media\/47343"}],"wp:attachment":[{"href":"https:\/\/www.pussycatmerida.com\/eshop\/wp-json\/wp\/v2\/media?parent=47342"}],"wp:term":[{"taxonomy":"pwb-brand","embeddable":true,"href":"https:\/\/www.pussycatmerida.com\/eshop\/wp-json\/wp\/v2\/pwb-brand?post=47342"},{"taxonomy":"product_brand","embeddable":true,"href":"https:\/\/www.pussycatmerida.com\/eshop\/wp-json\/wp\/v2\/product_brand?post=47342"},{"taxonomy":"product_cat","embeddable":true,"href":"https:\/\/www.pussycatmerida.com\/eshop\/wp-json\/wp\/v2\/product_cat?post=47342"},{"taxonomy":"product_tag","embeddable":true,"href":"https:\/\/www.pussycatmerida.com\/eshop\/wp-json\/wp\/v2\/product_tag?post=47342"}],"curies":[{"name":"wp","href":"https:\/\/api.w.org\/{rel}","templated":true}]}}