{"id":49019,"date":"2021-02-26T14:53:27","date_gmt":"2021-02-26T12:53:27","guid":{"rendered":"https:\/\/www.pussycatmerida.com\/eshop\/product\/naughty-boy-masajeador-del-punto-g-masculino-7-v-negro\/"},"modified":"2026-03-11T12:27:53","modified_gmt":"2026-03-11T11:27:53","slug":"naughty-boy-masajeador-del-punto-g-masculino-7-v-negro","status":"publish","type":"product","link":"https:\/\/www.pussycatmerida.com\/eshop\/producto\/naughty-boy-masajeador-del-punto-g-masculino-7-v-negro\/","title":{"rendered":"NAUGHTY-BOY MASAJEADOR DEL PUNTO G MASCULINO 7 V NEGRO"},"content":{"rendered":"<p><img loading=\"lazy\" decoding=\"async\" alt=\"http:\/\/www.rocks-off.com\/images\/quality-stamp.png\" height=\"92\" src=\"https:\/\/dreamlove.gesio.be\/UserFiles\/image\/rocks-off-logo(1).png\" width=\"94\" \/><\/p>\n<p>Es un masajeador desarrollado como un juguete sexual para ayudar al hombre a estimular al mismo tiempo la Pr\u00f3stata, la zona del perineo y los test\u00edculos, fabricado en silicona segura de grado m\u00e9dico.<\/p>\n<p style=\"text-align: center;\"><iframe loading=\"lazy\" allowfullscreen=\"\" frameborder=\"0\" height=\"260\" src=\"\/\/www.youtube.com\/embed\/j_pgGcc5GAE?rel=0\" width=\"347\"><\/iframe><\/p>\n<p>EL Punto G Masculino,( Llamado punto P en el hombre)\u00a0 son las que controlan e incrementan la erecci\u00f3n, el orgasmo y la eyaculaci\u00f3n. Son las zonas donde se encuentran el centro del Placer.<\/p>\n<p>El nuevo Nughty-Boy dispone de un potente vibrador de 7 velocidades dispuesto para maximizar las sensaciones en una de las zonas m\u00e1s er\u00f3genas del cuerpo masculino, el perineo.<\/p>\n<p>Se adapta perfectamente al conducto anal masculino para alcanzar la pr\u00f3stata, provocando con su vibraci\u00f3n un suave masaje prot\u00e1stico.<\/p>\n<ul>\n<li>Potencia de Vibraci\u00f3n gracias a sus 7 ritmos y bala extraible<\/li>\n<li>100% acuatico<\/li>\n<li>Baterias incluidas<\/li>\n<li>Bolsa de Satin negra incluida para guardarlo y tenerlo siempre perfecto.<\/li>\n<\/ul>\n<p>Vibraci\u00f3n fuerte y silenciosa.<\/p>\n<p>Es resistente al agua, con lo cual puedes usarlo tambi\u00e9n en la ducha. El Nughty -Boy, puede ser utilizado durante la masturbaci\u00f3n, o en el juego sexual para incrementan la erecci\u00f3n y el orgasmo.<\/p>\n<p>La unidad vibradora es extra\u00edble con lo que siempre podr\u00e1s mantenerlo en perfectas condiciones, adem\u00e1s de utilizarlo como estimulador<\/p>\n<p>El Naughty-Boy, te har\u00e1 sentir un orgasmo fuerte intenso y controlado!!<\/p>\n<p>Medidas: 10 cm x 2.5 cm.<\/p>\n<p>Funciona con 1 pila LR1 que viene incluida.<\/p>\n","protected":false},"excerpt":{"rendered":"<p>NAUGHTY-BOY 7 SPEED VIBRATING MASSAGER BLACK<\/p>\n","protected":false},"featured_media":49020,"template":"","meta":[],"pwb-brand":[52],"product_brand":[],"product_cat":[275,280,387,274,894],"product_tag":[],"class_list":{"0":"post-49019","1":"product","2":"type-product","3":"status-publish","4":"has-post-thumbnail","6":"pwb-brand-rocks-off","7":"product_cat-juguetes-sexuales-xxxacuaticos","8":"product_cat-juguetes-sexuales-xxxanal","9":"product_cat-juguetes-sexuales-xxxespecial-gays","10":"product_cat-juguetes-sexuales-xxx","11":"product_cat-prostaticos","12":"post_count_is_0","13":"boutique_post_style_4","15":"first","16":"instock","17":"taxable","18":"shipping-taxable","19":"purchasable","20":"product-type-simple","21":"boutique_image_style_2"},"brands":[{"id":52,"name":"ROCKS OFF","slug":"rocks-off"}],"_links":{"self":[{"href":"https:\/\/www.pussycatmerida.com\/eshop\/wp-json\/wp\/v2\/product\/49019","targetHints":{"allow":["GET"]}}],"collection":[{"href":"https:\/\/www.pussycatmerida.com\/eshop\/wp-json\/wp\/v2\/product"}],"about":[{"href":"https:\/\/www.pussycatmerida.com\/eshop\/wp-json\/wp\/v2\/types\/product"}],"wp:featuredmedia":[{"embeddable":true,"href":"https:\/\/www.pussycatmerida.com\/eshop\/wp-json\/wp\/v2\/media\/49020"}],"wp:attachment":[{"href":"https:\/\/www.pussycatmerida.com\/eshop\/wp-json\/wp\/v2\/media?parent=49019"}],"wp:term":[{"taxonomy":"pwb-brand","embeddable":true,"href":"https:\/\/www.pussycatmerida.com\/eshop\/wp-json\/wp\/v2\/pwb-brand?post=49019"},{"taxonomy":"product_brand","embeddable":true,"href":"https:\/\/www.pussycatmerida.com\/eshop\/wp-json\/wp\/v2\/product_brand?post=49019"},{"taxonomy":"product_cat","embeddable":true,"href":"https:\/\/www.pussycatmerida.com\/eshop\/wp-json\/wp\/v2\/product_cat?post=49019"},{"taxonomy":"product_tag","embeddable":true,"href":"https:\/\/www.pussycatmerida.com\/eshop\/wp-json\/wp\/v2\/product_tag?post=49019"}],"curies":[{"name":"wp","href":"https:\/\/api.w.org\/{rel}","templated":true}]}}