{"id":49630,"date":"2021-02-26T15:00:03","date_gmt":"2021-02-26T13:00:03","guid":{"rendered":"https:\/\/www.pussycatmerida.com\/eshop\/product\/addicted-toys-puppy-plug-anal-silicona\/"},"modified":"2026-03-11T12:39:35","modified_gmt":"2026-03-11T11:39:35","slug":"addicted-toys-puppy-plug-anal-silicona","status":"publish","type":"product","link":"https:\/\/www.pussycatmerida.com\/eshop\/producto\/addicted-toys-puppy-plug-anal-silicona\/","title":{"rendered":"ADDICTED TOYS PUPPY PLUG ANAL SILICONA"},"content":{"rendered":"<p>Dentro de toda la extensa gama de productos ADDICTED TOYS queremos ofrecerte la posibilidad de explorar el juego sexual con formas excitantes y sensuales experiencias.<\/p>\n<p>Si nunca has probado el juego anal, el Tail butt plug \u00a0de ADDICTED TOYS es justo lo que necesitas para explorar el maravilloso mundo de la estimulaci\u00f3n anal.<\/p>\n<p>Divi\u00e9rtete a lo grande con este Plug anal con cola de cachorro, el plug est\u00e1 dise\u00f1ado para encajar c\u00f3modamente en el interior mientras que permanece en su lugar, con un extremo bulboso y una base contorneada dise\u00f1ada para mantener la cola en posici\u00f3n vertical mientras se encuentre dentro. Fabricado con silicona de grado m\u00e9dico supersuave, agradable para la piel, suave al tacto y extremadamente higi\u00e9nica<\/p>\n<p>Fabricado con silicona de grado m\u00e9dico supersuave, agradable para la piel, suave al tacto y extremadamente higi\u00e9nica<\/p>\n<ul>\n<li>Ideal para principiantes y para probar experiencias anales<\/li>\n<li>Medidas del Plug 7 x 3 cm (Mirad imagen para detallar medidas )<\/li>\n<li>Material Seguro<\/li>\n<li>Resistente al agua<\/li>\n<\/ul>\n<p>Qu\u00e9 debo tener en cuenta al utilizar juguetes anales?<\/p>\n<p>Este producto de Addicted toys enriquece tanto los juegos sexuales en pareja como los amplios juegos en solitario. Para un disfrute suave con los juguetes anales definitivamente debes emplear lubricante, ya que el ano por s\u00ed mismo no puede lubricarse de forma natural, lo cual es importante para un placer agradable. Lo ideal ser\u00eda utilizar uno de los lubricantes de AQUA , que se combinan con los materiales y est\u00e1n disponibles en diferentes tama\u00f1os seg\u00fan tu actividad sexual.<\/p>\n<p>Con el fin de que puedas disfrutar del juguete anal el mayor tiempo posible, te aconsejamos que lo limpies y desinfectes con un limpiador de juguetes antes y despu\u00e9s de cada uso. La composici\u00f3n de Desinfectante Spray de Waterfeel se adapta a la silicona suave y es cuidadosa con el material para que la superficie permanezca lisa y flexible.<\/p>\n","protected":false},"excerpt":{"rendered":"<p>ADDICTED TOYS TAIL BUTT PLUG SILICONE<\/p>\n","protected":false},"featured_media":49631,"template":"","meta":[],"pwb-brand":[464],"product_brand":[],"product_cat":[280,387,274,471,300],"product_tag":[],"class_list":{"0":"post-49630","1":"product","2":"type-product","3":"status-publish","4":"has-post-thumbnail","6":"pwb-brand-addicted-toys","7":"product_cat-juguetes-sexuales-xxxanal","8":"product_cat-juguetes-sexuales-xxxespecial-gays","9":"product_cat-juguetes-sexuales-xxx","10":"product_cat-novedades","11":"product_cat-juguetes-sexuales-xxxplugs-anales","12":"post_count_is_0","13":"boutique_post_style_4","15":"first","16":"instock","17":"taxable","18":"shipping-taxable","19":"purchasable","20":"product-type-simple","21":"boutique_image_style_2"},"brands":[{"id":464,"name":"ADDICTED TOYS","slug":"addicted-toys"}],"_links":{"self":[{"href":"https:\/\/www.pussycatmerida.com\/eshop\/wp-json\/wp\/v2\/product\/49630","targetHints":{"allow":["GET"]}}],"collection":[{"href":"https:\/\/www.pussycatmerida.com\/eshop\/wp-json\/wp\/v2\/product"}],"about":[{"href":"https:\/\/www.pussycatmerida.com\/eshop\/wp-json\/wp\/v2\/types\/product"}],"wp:featuredmedia":[{"embeddable":true,"href":"https:\/\/www.pussycatmerida.com\/eshop\/wp-json\/wp\/v2\/media\/49631"}],"wp:attachment":[{"href":"https:\/\/www.pussycatmerida.com\/eshop\/wp-json\/wp\/v2\/media?parent=49630"}],"wp:term":[{"taxonomy":"pwb-brand","embeddable":true,"href":"https:\/\/www.pussycatmerida.com\/eshop\/wp-json\/wp\/v2\/pwb-brand?post=49630"},{"taxonomy":"product_brand","embeddable":true,"href":"https:\/\/www.pussycatmerida.com\/eshop\/wp-json\/wp\/v2\/product_brand?post=49630"},{"taxonomy":"product_cat","embeddable":true,"href":"https:\/\/www.pussycatmerida.com\/eshop\/wp-json\/wp\/v2\/product_cat?post=49630"},{"taxonomy":"product_tag","embeddable":true,"href":"https:\/\/www.pussycatmerida.com\/eshop\/wp-json\/wp\/v2\/product_tag?post=49630"}],"curies":[{"name":"wp","href":"https:\/\/api.w.org\/{rel}","templated":true}]}}