{"id":49636,"date":"2021-02-26T15:00:07","date_gmt":"2021-02-26T13:00:07","guid":{"rendered":"https:\/\/www.pussycatmerida.com\/eshop\/product\/addicted-toys-kit-de-7-anillas-silicona-flexible\/"},"modified":"2026-03-11T12:27:19","modified_gmt":"2026-03-11T11:27:19","slug":"addicted-toys-kit-de-7-anillas-silicona-flexible","status":"publish","type":"product","link":"https:\/\/www.pussycatmerida.com\/eshop\/producto\/addicted-toys-kit-de-7-anillas-silicona-flexible\/","title":{"rendered":"ADDICTED TOYS KIT DE 7 ANILLAS SILICONA FLEXIBLE"},"content":{"rendered":"<p>Dentro de toda la extensa gama de productos ADDICTED TOYS queremos ofrecerte la posibilidad de explorar el juego sexual con formas excitantes y sensuales experiencias.<\/p>\n<p>Consigue un mejor y extenso orgasmos, con este set de 7 anillas de \u00a0silicona para el pene<\/p>\n<p>3 anillas deslizantes hechos en alta calidad y silicona higi\u00e9nica. Son anillos super el\u00e1sticos y se ajustan perfectamente a los diferentes tama\u00f1os de pene. Tambi\u00e9n pensado para sujetar los test\u00edculos y proporcionar mayor placer ayudando a prologar la eyaculaci\u00f3n. Sin ftalato<\/p>\n<p>4 Anillas flexibles para pene;\u00a0 Mejora tu experencia con este Kit de anillos para el pene, con 4 tama\u00f1os diferentes<\/p>\n<p>Este anillo permite retardar la eyaculaci\u00f3n, mantener tu pene erecto mucho m\u00e1s tiempo y alargar el tiempo de las relaciones sexuales.<\/p>\n<ul>\n<li>Fabricado con silicona de grado m\u00e9dico supersuave, agradable para la piel, suave al tacto y extremadamente higi\u00e9nica<\/li>\n<li>Material Seguro<\/li>\n<li>Resistente al agua<\/li>\n<\/ul>\n<p>Este producto de Addicted toys enriquece tanto los juegos sexuales en pareja como los amplios juegos en solitario. Para un disfrute suave con los juguetes definitivamente debes emplear lubricante. Lo ideal ser\u00eda utilizar uno de los lubricantes de AQUA , que se combinan con los materiales y est\u00e1n disponibles en diferentes tama\u00f1os seg\u00fan tu actividad sexual.<\/p>\n<p>Te aconsejamos que lo limpies y desinfectes con un limpiador de juguetes antes y despu\u00e9s de cada uso. La composici\u00f3n de Desinfectante Spray de Waterfeel se adapta a la silicona suave y es cuidadosa con el material para que la superficie permanezca lisa y flexible.<\/p>\n","protected":false},"excerpt":{"rendered":"<p>ADDICTED TOYS FLEXIBLE SILICONE  COCK RING SET 7 PIECES<\/p>\n","protected":false},"featured_media":49637,"template":"","meta":[],"pwb-brand":[464],"product_brand":[],"product_cat":[276,387,274,471],"product_tag":[],"class_list":{"0":"post-49636","1":"product","2":"type-product","3":"status-publish","4":"has-post-thumbnail","6":"pwb-brand-addicted-toys","7":"product_cat-juguetes-sexuales-xxxaccesorios-para-el-pene","8":"product_cat-juguetes-sexuales-xxxespecial-gays","9":"product_cat-juguetes-sexuales-xxx","10":"product_cat-novedades","11":"post_count_is_0","12":"boutique_post_style_4","14":"first","15":"instock","16":"taxable","17":"shipping-taxable","18":"purchasable","19":"product-type-simple","20":"boutique_image_style_2"},"brands":[{"id":464,"name":"ADDICTED TOYS","slug":"addicted-toys"}],"_links":{"self":[{"href":"https:\/\/www.pussycatmerida.com\/eshop\/wp-json\/wp\/v2\/product\/49636","targetHints":{"allow":["GET"]}}],"collection":[{"href":"https:\/\/www.pussycatmerida.com\/eshop\/wp-json\/wp\/v2\/product"}],"about":[{"href":"https:\/\/www.pussycatmerida.com\/eshop\/wp-json\/wp\/v2\/types\/product"}],"wp:featuredmedia":[{"embeddable":true,"href":"https:\/\/www.pussycatmerida.com\/eshop\/wp-json\/wp\/v2\/media\/49637"}],"wp:attachment":[{"href":"https:\/\/www.pussycatmerida.com\/eshop\/wp-json\/wp\/v2\/media?parent=49636"}],"wp:term":[{"taxonomy":"pwb-brand","embeddable":true,"href":"https:\/\/www.pussycatmerida.com\/eshop\/wp-json\/wp\/v2\/pwb-brand?post=49636"},{"taxonomy":"product_brand","embeddable":true,"href":"https:\/\/www.pussycatmerida.com\/eshop\/wp-json\/wp\/v2\/product_brand?post=49636"},{"taxonomy":"product_cat","embeddable":true,"href":"https:\/\/www.pussycatmerida.com\/eshop\/wp-json\/wp\/v2\/product_cat?post=49636"},{"taxonomy":"product_tag","embeddable":true,"href":"https:\/\/www.pussycatmerida.com\/eshop\/wp-json\/wp\/v2\/product_tag?post=49636"}],"curies":[{"name":"wp","href":"https:\/\/api.w.org\/{rel}","templated":true}]}}