{"id":49660,"date":"2021-02-26T15:00:24","date_gmt":"2021-02-26T13:00:24","guid":{"rendered":"https:\/\/www.pussycatmerida.com\/eshop\/product\/anal-fantasy-plug-anal-silicona-mini\/"},"modified":"2026-03-11T12:39:38","modified_gmt":"2026-03-11T11:39:38","slug":"anal-fantasy-plug-anal-silicona-mini","status":"publish","type":"product","link":"https:\/\/www.pussycatmerida.com\/eshop\/producto\/anal-fantasy-plug-anal-silicona-mini\/","title":{"rendered":"ANAL FANTASY PLUG ANAL SILICONA MINI"},"content":{"rendered":"<p>Si nunca has probado el juego anal, el Mini Silicone Plug es justo lo que necesitas para explorar el maravilloso mundo de la estimulaci\u00f3n anal.<\/p>\n<p>El Mini Silicone Plug cuenta con una punta c\u00f3nica para facilitar la entrada y su eje abombado que te proporcionar\u00e1 sensaciones \u00fanicas. Su cuello estrecho permite que tus m\u00fasculos lo envuelvan y lo mantengan en su sitio.<\/p>\n<ul>\n<li>Longitud insertable: 7,5 cm. Di\u00e1metro m\u00e1ximo: 2,9 cm.<\/li>\n<\/ul>\n<p>El dise\u00f1o ergon\u00f3mico de la base asegura que no se deslice demasiado lejos en tu interior.<\/p>\n<p>Fabricado con silicona Elite\u2122 es libre de ftalatos, hipoalerg\u00e9nica, y se puede usar durante todo el d\u00eda para la diversi\u00f3n de larga duraci\u00f3n.<\/p>\n<p>La limpieza es una obligaci\u00f3n despu\u00e9s de la diversi\u00f3n con el Pipedream toy Cleaner y agua tibia.<\/p>\n<ul>\n<li>100% Libre de phalatos<\/li>\n<li>100% Silicona<\/li>\n<li>Unisex<\/li>\n<\/ul>\n<p><strong>Anal Fantasy<\/strong> es una linea perfecta para estimular la zona anal, donde concentramos puntos sensitivos perfectos para alcanzar el orgasmo, todos los juguetes estan orientados para la maxima satisfaci\u00f3n anal.<\/p>\n<p>Descubre nuevas sensaciones!<\/p>\n<p style=\"text-align: center;\"><iframe loading=\"lazy\" allowfullscreen=\"\" frameborder=\"0\" height=\"400\" mozallowfullscreen=\"\" src=\"https:\/\/player.vimeo.com\/video\/118534855\" webkitallowfullscreen=\"\" width=\"700\"><\/iframe><\/p>\n","protected":false},"excerpt":{"rendered":"<p>ANAL FANTASY MINI SILICONE PLUG<\/p>\n","protected":false},"featured_media":49661,"template":"","meta":[],"pwb-brand":[496,476],"product_brand":[],"product_cat":[280,387,274,300],"product_tag":[],"class_list":{"0":"post-49660","1":"product","2":"type-product","3":"status-publish","4":"has-post-thumbnail","6":"pwb-brand-pipedreams-anal-fantasy-series","7":"pwb-brand-pipedreams","8":"product_cat-juguetes-sexuales-xxxanal","9":"product_cat-juguetes-sexuales-xxxespecial-gays","10":"product_cat-juguetes-sexuales-xxx","11":"product_cat-juguetes-sexuales-xxxplugs-anales","12":"post_count_is_0","13":"boutique_post_style_4","15":"first","16":"instock","17":"taxable","18":"shipping-taxable","19":"purchasable","20":"product-type-simple","21":"boutique_image_style_2"},"brands":[{"id":496,"name":"ANAL FANTASY SERIES","slug":"pipedreams-anal-fantasy-series"},{"id":476,"name":"PIPEDREAMS","slug":"pipedreams"}],"_links":{"self":[{"href":"https:\/\/www.pussycatmerida.com\/eshop\/wp-json\/wp\/v2\/product\/49660","targetHints":{"allow":["GET"]}}],"collection":[{"href":"https:\/\/www.pussycatmerida.com\/eshop\/wp-json\/wp\/v2\/product"}],"about":[{"href":"https:\/\/www.pussycatmerida.com\/eshop\/wp-json\/wp\/v2\/types\/product"}],"wp:featuredmedia":[{"embeddable":true,"href":"https:\/\/www.pussycatmerida.com\/eshop\/wp-json\/wp\/v2\/media\/49661"}],"wp:attachment":[{"href":"https:\/\/www.pussycatmerida.com\/eshop\/wp-json\/wp\/v2\/media?parent=49660"}],"wp:term":[{"taxonomy":"pwb-brand","embeddable":true,"href":"https:\/\/www.pussycatmerida.com\/eshop\/wp-json\/wp\/v2\/pwb-brand?post=49660"},{"taxonomy":"product_brand","embeddable":true,"href":"https:\/\/www.pussycatmerida.com\/eshop\/wp-json\/wp\/v2\/product_brand?post=49660"},{"taxonomy":"product_cat","embeddable":true,"href":"https:\/\/www.pussycatmerida.com\/eshop\/wp-json\/wp\/v2\/product_cat?post=49660"},{"taxonomy":"product_tag","embeddable":true,"href":"https:\/\/www.pussycatmerida.com\/eshop\/wp-json\/wp\/v2\/product_tag?post=49660"}],"curies":[{"name":"wp","href":"https:\/\/api.w.org\/{rel}","templated":true}]}}