{"id":49669,"date":"2021-02-26T15:00:27","date_gmt":"2021-02-26T13:00:27","guid":{"rendered":"https:\/\/www.pussycatmerida.com\/eshop\/product\/anal-fantasy-plug-anal-silicona-mediano\/"},"modified":"2026-03-11T12:39:38","modified_gmt":"2026-03-11T11:39:38","slug":"anal-fantasy-plug-anal-silicona-mediano","status":"publish","type":"product","link":"https:\/\/www.pussycatmerida.com\/eshop\/producto\/anal-fantasy-plug-anal-silicona-mediano\/","title":{"rendered":"ANAL FANTASY PLUG ANAL SILICONA MEDIANO"},"content":{"rendered":"<p>Si nunca has probado el juego anal, el Small Silicone Plug es justo lo que necesitas para explorar el maravilloso mundo de la estimulaci\u00f3n anal.<\/p>\n<p>El Small Silicone Plug cuenta con una punta c\u00f3nica para facilitar la entrada y su eje abombado que te proporcionar\u00e1 sensaciones \u00fanicas.<\/p>\n<ul>\n<li>Longitud insertable: 10.6 cm. Di\u00e1metro m\u00e1ximo: 4.3 cm<\/li>\n<\/ul>\n<p>Su cuello estrecho permite que tus m\u00fasculos lo envuelvan y lo mantengan en su sitio.<\/p>\n<p>El dise\u00f1o ergon\u00f3mico de la base asegura que no se deslice demasiado lejos en tu interior.<\/p>\n<p>Fabricado con silicona Elite\u2122 es libre de ftalatos, hipoalerg\u00e9nica, y se puede usar durante todo el d\u00eda para la diversi\u00f3n de larga duraci\u00f3n.<\/p>\n<p>La limpieza es una obligaci\u00f3n despu\u00e9s de la diversi\u00f3n con el Pipedream toy Cleaner y agua tibia<\/p>\n<ul>\n<li>100% Libre de phalatos<\/li>\n<li>100% Silicona<\/li>\n<li>Unisex<\/li>\n<\/ul>\n<p><strong>Anal Fantasy<\/strong> es una linea perfecta para estimular la zona anal, donde concentramos puntos sensitivos perfectos para alcanzar el orgasmo, todos los juguetes estan orientados para la maxima satisfaci\u00f3n anal.<\/p>\n<p><span style=\"line-height: 20.8px;\">Lubricante monodosis y ToyCleaner no incluido.<\/span><\/p>\n<p>Descubre nuevas sensaciones!<\/p>\n<p style=\"text-align: center;\"><iframe loading=\"lazy\" allowfullscreen=\"\" frameborder=\"0\" height=\"400\" mozallowfullscreen=\"\" src=\"https:\/\/player.vimeo.com\/video\/118535463\" webkitallowfullscreen=\"\" width=\"700\"><\/iframe><\/p>\n","protected":false},"excerpt":{"rendered":"<p>ANAL FANTASY MEDIUM SILICONE PLUG<\/p>\n","protected":false},"featured_media":49670,"template":"","meta":[],"pwb-brand":[496,476],"product_brand":[],"product_cat":[280,387,288,274,300],"product_tag":[],"class_list":{"0":"post-49669","1":"product","2":"type-product","3":"status-publish","4":"has-post-thumbnail","6":"pwb-brand-pipedreams-anal-fantasy-series","7":"pwb-brand-pipedreams","8":"product_cat-juguetes-sexuales-xxxanal","9":"product_cat-juguetes-sexuales-xxxespecial-gays","10":"product_cat-juguetes-sexuales-xxxestimuladores","11":"product_cat-juguetes-sexuales-xxx","12":"product_cat-juguetes-sexuales-xxxplugs-anales","13":"post_count_is_0","14":"boutique_post_style_4","16":"first","17":"instock","18":"taxable","19":"shipping-taxable","20":"purchasable","21":"product-type-simple","22":"boutique_image_style_2"},"brands":[{"id":496,"name":"ANAL FANTASY SERIES","slug":"pipedreams-anal-fantasy-series"},{"id":476,"name":"PIPEDREAMS","slug":"pipedreams"}],"_links":{"self":[{"href":"https:\/\/www.pussycatmerida.com\/eshop\/wp-json\/wp\/v2\/product\/49669","targetHints":{"allow":["GET"]}}],"collection":[{"href":"https:\/\/www.pussycatmerida.com\/eshop\/wp-json\/wp\/v2\/product"}],"about":[{"href":"https:\/\/www.pussycatmerida.com\/eshop\/wp-json\/wp\/v2\/types\/product"}],"wp:featuredmedia":[{"embeddable":true,"href":"https:\/\/www.pussycatmerida.com\/eshop\/wp-json\/wp\/v2\/media\/49670"}],"wp:attachment":[{"href":"https:\/\/www.pussycatmerida.com\/eshop\/wp-json\/wp\/v2\/media?parent=49669"}],"wp:term":[{"taxonomy":"pwb-brand","embeddable":true,"href":"https:\/\/www.pussycatmerida.com\/eshop\/wp-json\/wp\/v2\/pwb-brand?post=49669"},{"taxonomy":"product_brand","embeddable":true,"href":"https:\/\/www.pussycatmerida.com\/eshop\/wp-json\/wp\/v2\/product_brand?post=49669"},{"taxonomy":"product_cat","embeddable":true,"href":"https:\/\/www.pussycatmerida.com\/eshop\/wp-json\/wp\/v2\/product_cat?post=49669"},{"taxonomy":"product_tag","embeddable":true,"href":"https:\/\/www.pussycatmerida.com\/eshop\/wp-json\/wp\/v2\/product_tag?post=49669"}],"curies":[{"name":"wp","href":"https:\/\/api.w.org\/{rel}","templated":true}]}}