{"id":49719,"date":"2021-02-26T15:00:50","date_gmt":"2021-02-26T13:00:50","guid":{"rendered":"https:\/\/www.pussycatmerida.com\/eshop\/product\/anal-fantasy-estimulador-vibrating-reach-around\/"},"modified":"2026-03-11T12:27:54","modified_gmt":"2026-03-11T11:27:54","slug":"anal-fantasy-estimulador-vibrating-reach-around","status":"publish","type":"product","link":"https:\/\/www.pussycatmerida.com\/eshop\/producto\/anal-fantasy-estimulador-vibrating-reach-around\/","title":{"rendered":"ANAL FANTASY ESTIMULADOR VIBRATING REACH AROUND"},"content":{"rendered":"<p>Si nunca has probado el juego anal, el Beginners Prostate Stimulator es justo lo que necesitas para explorar el maravilloso mundo de la estimulaci\u00f3n anal.<\/p>\n<p>El Beginners Prostate Stimulator cuenta con un perfecto eje bulboso curvado para alcanzar el punto-P, mientras que las poderosas vibraciones estimulan tu \u00e1rea m\u00e1s sensible. Las protuberancias en la base proporcionan una presi\u00f3n externa en el perineo que te har\u00e1n disfrutar de orgasmos m\u00e1s intensos!<\/p>\n<ul>\n<li>Sumergible, apto para la ducha<\/li>\n<li>100% Silicona<\/li>\n<li>Unisex<\/li>\n<li>Libre de Phalatos.<\/li>\n<li>Longitud insertable: 9,5 cm. Di\u00e1metro m\u00e1ximo: 3 cm.<\/li>\n<li>Funciona con 1 pila AAA no incluida.<\/li>\n<\/ul>\n<p>Fabricado con silicona Elite\u2122 libre de ftalatos, hipoalerg\u00e9nica, se puede usar durante todo el d\u00eda para la diversi\u00f3n de larga duraci\u00f3n.<\/p>\n<p>Para encender y apagar el vibrador, solamente debes pulsar el bot\u00f3n ubicado en su base.<\/p>\n<p><strong>Anal Fantasy<\/strong> es una linea perfecta para estimular la zona anal, donde concentramos puntos sensitivos perfectos para alcanzar el orgasmo, todos los juguetes estan orientados para la maxima satisfaci\u00f3n anal.<\/p>\n<p>Descubre nuevas sensaciones!<\/p>\n<p>\u00a0<\/p>\n<p style=\"text-align: center;\"><iframe loading=\"lazy\" allowfullscreen=\"\" frameborder=\"0\" height=\"400\" mozallowfullscreen=\"\" src=\"https:\/\/player.vimeo.com\/video\/118540389\" webkitallowfullscreen=\"\" width=\"700\"><\/iframe><\/p>\n","protected":false},"excerpt":{"rendered":"<p>ANAL FANTASY VIBRATING REACH AROUND<\/p>\n","protected":false},"featured_media":49720,"template":"","meta":[],"pwb-brand":[496,476],"product_brand":[],"product_cat":[280,387,288,274,307,299],"product_tag":[],"class_list":{"0":"post-49719","1":"product","2":"type-product","3":"status-publish","4":"has-post-thumbnail","6":"pwb-brand-pipedreams-anal-fantasy-series","7":"pwb-brand-pipedreams","8":"product_cat-juguetes-sexuales-xxxanal","9":"product_cat-juguetes-sexuales-xxxespecial-gays","10":"product_cat-juguetes-sexuales-xxxestimuladores","11":"product_cat-juguetes-sexuales-xxx","12":"product_cat-juguetes-sexuales-xxxpunto-g","13":"product_cat-juguetes-sexuales-xxxvibradores","14":"post_count_is_0","15":"boutique_post_style_4","17":"first","18":"instock","19":"taxable","20":"shipping-taxable","21":"purchasable","22":"product-type-simple","23":"boutique_image_style_2"},"brands":[{"id":496,"name":"ANAL FANTASY SERIES","slug":"pipedreams-anal-fantasy-series"},{"id":476,"name":"PIPEDREAMS","slug":"pipedreams"}],"_links":{"self":[{"href":"https:\/\/www.pussycatmerida.com\/eshop\/wp-json\/wp\/v2\/product\/49719","targetHints":{"allow":["GET"]}}],"collection":[{"href":"https:\/\/www.pussycatmerida.com\/eshop\/wp-json\/wp\/v2\/product"}],"about":[{"href":"https:\/\/www.pussycatmerida.com\/eshop\/wp-json\/wp\/v2\/types\/product"}],"wp:featuredmedia":[{"embeddable":true,"href":"https:\/\/www.pussycatmerida.com\/eshop\/wp-json\/wp\/v2\/media\/49720"}],"wp:attachment":[{"href":"https:\/\/www.pussycatmerida.com\/eshop\/wp-json\/wp\/v2\/media?parent=49719"}],"wp:term":[{"taxonomy":"pwb-brand","embeddable":true,"href":"https:\/\/www.pussycatmerida.com\/eshop\/wp-json\/wp\/v2\/pwb-brand?post=49719"},{"taxonomy":"product_brand","embeddable":true,"href":"https:\/\/www.pussycatmerida.com\/eshop\/wp-json\/wp\/v2\/product_brand?post=49719"},{"taxonomy":"product_cat","embeddable":true,"href":"https:\/\/www.pussycatmerida.com\/eshop\/wp-json\/wp\/v2\/product_cat?post=49719"},{"taxonomy":"product_tag","embeddable":true,"href":"https:\/\/www.pussycatmerida.com\/eshop\/wp-json\/wp\/v2\/product_tag?post=49719"}],"curies":[{"name":"wp","href":"https:\/\/api.w.org\/{rel}","templated":true}]}}