{"id":49869,"date":"2021-02-26T15:02:11","date_gmt":"2021-02-26T13:02:11","guid":{"rendered":"https:\/\/www.pussycatmerida.com\/eshop\/product\/fetish-fantasy-kit-ataduras-para-la-cama-2\/"},"modified":"2026-03-11T12:39:13","modified_gmt":"2026-03-11T11:39:13","slug":"fetish-fantasy-kit-ataduras-para-la-cama-2","status":"publish","type":"product","link":"https:\/\/www.pussycatmerida.com\/eshop\/producto\/fetish-fantasy-kit-ataduras-para-la-cama-2\/","title":{"rendered":"FETISH FANTASY KIT ATADURAS PARA LA CAMA"},"content":{"rendered":"<p>Transforma tu cama en una apasionante con zona de juegos. Este sistema f\u00e1cil de instalar es todo lo que necesitas para disfrutar de una noche de fetiche y diversi\u00f3n en tu propia habitaci\u00f3n, con tu propia cama!<\/p>\n<p>Siempre has so\u00f1ado con ser atado a los postes de la cama, pero qu\u00e9 hacer si tu cama no tiene ninguno?<\/p>\n<p>Este sistema ofrece dos grandes correas de nylon que se envuelven alrededor de tu cabecero y el pie, y se conecta con 4 correas y esposas.<\/p>\n<p>Cada correa cuenta con 6 anillos de metal que te permiten colocar las ataduras en cualquier lugar que desees, creando escenarios elaborados sin nudos ni complicaciones.<\/p>\n<p>El kit puede ser utilizado con cualquier tama\u00f1o de colch\u00f3n y se adapta f\u00e1cilmente en minutos.<\/p>\n<p>Es perfecto para las camas sin cabeceros y se puede utilizar en los sof\u00e1s tambi\u00e9n.<\/p>\n<p>Simplemente desliza la correa de tu cabecera, tira de la correa hasta que quede apretado, a continuaci\u00f3n cierra la pinza de autobloqueo para mantener la correa en su lugar.<\/p>\n<p>Repite los mismos pasos con el pie de cama y ya est\u00e1is listos para disfrutar de una noche de juegos bondage.<\/p>\n<p>Las esposas se ajustan f\u00e1cilmente para adaptarse a las mu\u00f1ecas o los tobillos, lo que te permite explorar nuevas posiciones que nunca pensaste que fueran posible. Usa tu imaginaci\u00f3n y no le pongas l\u00edmite a la diversi\u00f3n!<\/p>\n<ul>\n<li>Incluye m\u00e1scara de regalo.<\/li>\n<li>100% Ajustable.<\/li>\n<\/ul>\n","protected":false},"excerpt":{"rendered":"<p>FETISH FANTASY ULTIMATE BED RESTRAINT SYSTEM<\/p>\n","protected":false},"featured_media":49870,"template":"","meta":[],"pwb-brand":[485,476],"product_brand":[],"product_cat":[952,282,274,389],"product_tag":[],"class_list":{"0":"post-49869","1":"product","2":"type-product","3":"status-publish","4":"has-post-thumbnail","6":"pwb-brand-pipedreams-fetish-fantasy-series","7":"pwb-brand-pipedreams","8":"product_cat-bondage","9":"product_cat-juguetes-sexuales-xxxfetish-bondage","10":"product_cat-juguetes-sexuales-xxx","11":"product_cat-juguetes-sexuales-xxxmascaras-y-esposas","12":"post_count_is_0","13":"boutique_post_style_4","15":"first","16":"instock","17":"taxable","18":"shipping-taxable","19":"purchasable","20":"product-type-simple","21":"boutique_image_style_2"},"brands":[{"id":485,"name":"FETISH FANTASY SERIES","slug":"pipedreams-fetish-fantasy-series"},{"id":476,"name":"PIPEDREAMS","slug":"pipedreams"}],"_links":{"self":[{"href":"https:\/\/www.pussycatmerida.com\/eshop\/wp-json\/wp\/v2\/product\/49869","targetHints":{"allow":["GET"]}}],"collection":[{"href":"https:\/\/www.pussycatmerida.com\/eshop\/wp-json\/wp\/v2\/product"}],"about":[{"href":"https:\/\/www.pussycatmerida.com\/eshop\/wp-json\/wp\/v2\/types\/product"}],"wp:featuredmedia":[{"embeddable":true,"href":"https:\/\/www.pussycatmerida.com\/eshop\/wp-json\/wp\/v2\/media\/49870"}],"wp:attachment":[{"href":"https:\/\/www.pussycatmerida.com\/eshop\/wp-json\/wp\/v2\/media?parent=49869"}],"wp:term":[{"taxonomy":"pwb-brand","embeddable":true,"href":"https:\/\/www.pussycatmerida.com\/eshop\/wp-json\/wp\/v2\/pwb-brand?post=49869"},{"taxonomy":"product_brand","embeddable":true,"href":"https:\/\/www.pussycatmerida.com\/eshop\/wp-json\/wp\/v2\/product_brand?post=49869"},{"taxonomy":"product_cat","embeddable":true,"href":"https:\/\/www.pussycatmerida.com\/eshop\/wp-json\/wp\/v2\/product_cat?post=49869"},{"taxonomy":"product_tag","embeddable":true,"href":"https:\/\/www.pussycatmerida.com\/eshop\/wp-json\/wp\/v2\/product_tag?post=49869"}],"curies":[{"name":"wp","href":"https:\/\/api.w.org\/{rel}","templated":true}]}}