{"id":49875,"date":"2021-02-26T15:02:13","date_gmt":"2021-02-26T13:02:13","guid":{"rendered":"https:\/\/www.pussycatmerida.com\/eshop\/product\/fetish-fantasy-kit-de-ataduras-manos-y-pies\/"},"modified":"2026-03-11T12:39:13","modified_gmt":"2026-03-11T11:39:13","slug":"fetish-fantasy-kit-de-ataduras-manos-y-pies","status":"publish","type":"product","link":"https:\/\/www.pussycatmerida.com\/eshop\/producto\/fetish-fantasy-kit-de-ataduras-manos-y-pies\/","title":{"rendered":"FETISH FANTASY KIT DE ATADURAS MANOS Y PIES"},"content":{"rendered":"<p>Toma el control sobre cada movimiento de tu amante con este kit de ataduras de manos y tobillos.<\/p>\n<p>Es f\u00e1cil de usar, incluye las mu\u00f1equeras y las tobilleras de neopreno que se juntan en una arandela central. Disfruta de la emoci\u00f3n de sentirte amarrado de pies y manos como un cerdito y sin tener que preocuparte acerca de las t\u00e9cnicas complicadas y nudos dif\u00edciles.<\/p>\n<p>Las mu\u00f1equeras y tobilleras se juntan con clips met\u00e1licos y se anudan f\u00e1cilmente con velcro para ajustarse a la mayor\u00eda de los tama\u00f1os.<\/p>\n<p>Una vez que tu amante est\u00e1 tumbado sobre su est\u00f3mago, obligado y atado, lo que suceda despu\u00e9s depende de ti!<\/p>\n<ul>\n<li>Incluye una m\u00e1scara de regalo.<\/li>\n<\/ul>\n<p>Descubre nuevas experiencias!!<\/p>\n","protected":false},"excerpt":{"rendered":"<p>FETISH FANTASY HEAVY DUTY HOGTIE KIT<\/p>\n","protected":false},"featured_media":49876,"template":"","meta":[],"pwb-brand":[485,476],"product_brand":[],"product_cat":[952,390,282,274,389],"product_tag":[],"class_list":{"0":"post-49875","1":"product","2":"type-product","3":"status-publish","4":"has-post-thumbnail","6":"pwb-brand-pipedreams-fetish-fantasy-series","7":"pwb-brand-pipedreams","8":"product_cat-bondage","9":"product_cat-juguetes-sexuales-xxxfetish-bondageesposas","10":"product_cat-juguetes-sexuales-xxxfetish-bondage","11":"product_cat-juguetes-sexuales-xxx","12":"product_cat-juguetes-sexuales-xxxmascaras-y-esposas","13":"post_count_is_0","14":"boutique_post_style_4","16":"first","17":"instock","18":"taxable","19":"shipping-taxable","20":"purchasable","21":"product-type-simple","22":"boutique_image_style_2"},"brands":[{"id":485,"name":"FETISH FANTASY SERIES","slug":"pipedreams-fetish-fantasy-series"},{"id":476,"name":"PIPEDREAMS","slug":"pipedreams"}],"_links":{"self":[{"href":"https:\/\/www.pussycatmerida.com\/eshop\/wp-json\/wp\/v2\/product\/49875","targetHints":{"allow":["GET"]}}],"collection":[{"href":"https:\/\/www.pussycatmerida.com\/eshop\/wp-json\/wp\/v2\/product"}],"about":[{"href":"https:\/\/www.pussycatmerida.com\/eshop\/wp-json\/wp\/v2\/types\/product"}],"wp:featuredmedia":[{"embeddable":true,"href":"https:\/\/www.pussycatmerida.com\/eshop\/wp-json\/wp\/v2\/media\/49876"}],"wp:attachment":[{"href":"https:\/\/www.pussycatmerida.com\/eshop\/wp-json\/wp\/v2\/media?parent=49875"}],"wp:term":[{"taxonomy":"pwb-brand","embeddable":true,"href":"https:\/\/www.pussycatmerida.com\/eshop\/wp-json\/wp\/v2\/pwb-brand?post=49875"},{"taxonomy":"product_brand","embeddable":true,"href":"https:\/\/www.pussycatmerida.com\/eshop\/wp-json\/wp\/v2\/product_brand?post=49875"},{"taxonomy":"product_cat","embeddable":true,"href":"https:\/\/www.pussycatmerida.com\/eshop\/wp-json\/wp\/v2\/product_cat?post=49875"},{"taxonomy":"product_tag","embeddable":true,"href":"https:\/\/www.pussycatmerida.com\/eshop\/wp-json\/wp\/v2\/product_tag?post=49875"}],"curies":[{"name":"wp","href":"https:\/\/api.w.org\/{rel}","templated":true}]}}