{"id":49930,"date":"2021-02-26T15:02:45","date_gmt":"2021-02-26T13:02:45","guid":{"rendered":"https:\/\/www.pussycatmerida.com\/eshop\/product\/control-adapta-nature-6-unid\/"},"modified":"2026-03-11T12:40:36","modified_gmt":"2026-03-11T11:40:36","slug":"control-adapta-nature-6-unid","status":"publish","type":"product","link":"https:\/\/www.pussycatmerida.com\/eshop\/producto\/control-adapta-nature-6-unid\/","title":{"rendered":"CONTROL ADAPTA NATURE 6 UNID"},"content":{"rendered":"<p>Preservativos de l\u00e1tex de caucho natural transparentes y con lubricante. Forma cil\u00edndrica lisa y con dep\u00f3sito<\/p>\n<ul>\n<li>Medidas: Ancho 54 mm.<\/li>\n<li>Dermatol\u00f3gicamente testados.<\/li>\n<li>Caja 6 preservativos.<\/li>\n<\/ul>\n<p style=\"text-align: center;\"><img loading=\"lazy\" decoding=\"async\" alt=\"\" height=\"230\" src=\"https:\/\/dreamlove.gesio.be\/UserFiles\/image\/homeGama.png\" width=\"505\" \/><\/p>\n","protected":false},"excerpt":{"rendered":"<p>CONTROL ADAPTA NATURE 6 UNID<\/p>\n","protected":false},"featured_media":49931,"template":"","meta":[],"pwb-brand":[50],"product_brand":[],"product_cat":[367,391],"product_tag":[],"class_list":{"0":"post-49930","1":"product","2":"type-product","3":"status-publish","4":"has-post-thumbnail","6":"pwb-brand-control","7":"product_cat-preservativos","8":"product_cat-preservativospreservativos-naturales","9":"post_count_is_0","10":"boutique_post_style_4","12":"first","13":"instock","14":"taxable","15":"shipping-taxable","16":"purchasable","17":"product-type-simple","18":"boutique_image_style_2"},"brands":[{"id":50,"name":"CONTROL","slug":"control"}],"_links":{"self":[{"href":"https:\/\/www.pussycatmerida.com\/eshop\/wp-json\/wp\/v2\/product\/49930","targetHints":{"allow":["GET"]}}],"collection":[{"href":"https:\/\/www.pussycatmerida.com\/eshop\/wp-json\/wp\/v2\/product"}],"about":[{"href":"https:\/\/www.pussycatmerida.com\/eshop\/wp-json\/wp\/v2\/types\/product"}],"wp:featuredmedia":[{"embeddable":true,"href":"https:\/\/www.pussycatmerida.com\/eshop\/wp-json\/wp\/v2\/media\/49931"}],"wp:attachment":[{"href":"https:\/\/www.pussycatmerida.com\/eshop\/wp-json\/wp\/v2\/media?parent=49930"}],"wp:term":[{"taxonomy":"pwb-brand","embeddable":true,"href":"https:\/\/www.pussycatmerida.com\/eshop\/wp-json\/wp\/v2\/pwb-brand?post=49930"},{"taxonomy":"product_brand","embeddable":true,"href":"https:\/\/www.pussycatmerida.com\/eshop\/wp-json\/wp\/v2\/product_brand?post=49930"},{"taxonomy":"product_cat","embeddable":true,"href":"https:\/\/www.pussycatmerida.com\/eshop\/wp-json\/wp\/v2\/product_cat?post=49930"},{"taxonomy":"product_tag","embeddable":true,"href":"https:\/\/www.pussycatmerida.com\/eshop\/wp-json\/wp\/v2\/product_tag?post=49930"}],"curies":[{"name":"wp","href":"https:\/\/api.w.org\/{rel}","templated":true}]}}