{"id":49946,"date":"2021-02-26T15:02:49","date_gmt":"2021-02-26T13:02:49","guid":{"rendered":"https:\/\/www.pussycatmerida.com\/eshop\/product\/control-adapta-forte-caja-144-uds\/"},"modified":"2026-03-11T12:40:37","modified_gmt":"2026-03-11T11:40:37","slug":"control-adapta-forte-caja-144-uds","status":"publish","type":"product","link":"https:\/\/www.pussycatmerida.com\/eshop\/producto\/control-adapta-forte-caja-144-uds\/","title":{"rendered":"CONTROL ADAPTA FORTE CAJA 144 UDS"},"content":{"rendered":"<p>Bienvenido a la gama Originals, la opci\u00f3n id\u00f3nea para quienes buscan vivir la pasi\u00f3n de la forma m\u00e1s natural.<\/p>\n<p>Esta gama con divertidos y exclusivos dise\u00f1os, cuenta con cinco variedades de preservativos para satisfacer los gustos de cada consumidor: preservativos retardantes, lubricados, m\u00e1s largos\u2026 y todos, con la exclusiva forma Adapta, ergon\u00f3mica y muy f\u00e1cil de colocar<\/p>\n<ul>\n<li>Mayor seguridad.<\/li>\n<li>Con forma Adapta.<\/li>\n<li>Su lubricaci\u00f3n adicional con Nonoxynol 9, un espermicida de gran eficacia, aporta una seguridad y tranquilidad adicional.<\/li>\n<li>Liso, anat\u00f3mico, transparente, lubricado y con dep\u00f3sito.<\/li>\n<li>Anchura nominal 54 mm.<\/li>\n<\/ul>\n<p>Gran Seguridad! Gran Sensaci\u00f3n!!<\/p>\n<p>Envase de 144 Unidades<\/p>\n<p style=\"text-align: center;\"><img loading=\"lazy\" decoding=\"async\" alt=\"\" height=\"230\" src=\"https:\/\/dreamlove.gesio.be\/UserFiles\/image\/homeGama.png\" width=\"505\" \/><\/p>\n","protected":false},"excerpt":{"rendered":"<p>CONTROL ADAPTA FORTE 144 UNITS<\/p>\n","protected":false},"featured_media":49947,"template":"","meta":[],"pwb-brand":[50],"product_brand":[],"product_cat":[367,371,391],"product_tag":[],"class_list":{"0":"post-49946","1":"product","2":"type-product","3":"status-publish","4":"has-post-thumbnail","6":"pwb-brand-control","7":"product_cat-preservativos","8":"product_cat-preservativospreservativos-a-granel","9":"product_cat-preservativospreservativos-naturales","10":"post_count_is_0","11":"boutique_post_style_4","13":"first","14":"instock","15":"taxable","16":"shipping-taxable","17":"purchasable","18":"product-type-simple","19":"boutique_image_style_2"},"brands":[{"id":50,"name":"CONTROL","slug":"control"}],"_links":{"self":[{"href":"https:\/\/www.pussycatmerida.com\/eshop\/wp-json\/wp\/v2\/product\/49946","targetHints":{"allow":["GET"]}}],"collection":[{"href":"https:\/\/www.pussycatmerida.com\/eshop\/wp-json\/wp\/v2\/product"}],"about":[{"href":"https:\/\/www.pussycatmerida.com\/eshop\/wp-json\/wp\/v2\/types\/product"}],"wp:featuredmedia":[{"embeddable":true,"href":"https:\/\/www.pussycatmerida.com\/eshop\/wp-json\/wp\/v2\/media\/49947"}],"wp:attachment":[{"href":"https:\/\/www.pussycatmerida.com\/eshop\/wp-json\/wp\/v2\/media?parent=49946"}],"wp:term":[{"taxonomy":"pwb-brand","embeddable":true,"href":"https:\/\/www.pussycatmerida.com\/eshop\/wp-json\/wp\/v2\/pwb-brand?post=49946"},{"taxonomy":"product_brand","embeddable":true,"href":"https:\/\/www.pussycatmerida.com\/eshop\/wp-json\/wp\/v2\/product_brand?post=49946"},{"taxonomy":"product_cat","embeddable":true,"href":"https:\/\/www.pussycatmerida.com\/eshop\/wp-json\/wp\/v2\/product_cat?post=49946"},{"taxonomy":"product_tag","embeddable":true,"href":"https:\/\/www.pussycatmerida.com\/eshop\/wp-json\/wp\/v2\/product_tag?post=49946"}],"curies":[{"name":"wp","href":"https:\/\/api.w.org\/{rel}","templated":true}]}}