{"id":50088,"date":"2021-02-26T15:04:51","date_gmt":"2021-02-26T13:04:51","guid":{"rendered":"https:\/\/www.pussycatmerida.com\/eshop\/product\/control-extra-lube-12-uds\/"},"modified":"2026-03-11T12:40:36","modified_gmt":"2026-03-11T11:40:36","slug":"control-extra-lube-12-uds","status":"publish","type":"product","link":"https:\/\/www.pussycatmerida.com\/eshop\/producto\/control-extra-lube-12-uds\/","title":{"rendered":"CONTROL EXTRA LUBE 12 UDS"},"content":{"rendered":"<p>Preservativos de l\u00e1tex de caucho natural transparentes, <span id=\"ctl12_UpdatePanel2\">Cond\u00f3n con extra lubricante para una mejor penetraci\u00f3n, gracias a su extra porci\u00f3n de lubricante. <\/span><\/p>\n<p>Forma cil\u00edndrica lisa y con dep\u00f3sito<br \/>\u00a0<\/p>\n<ul>\n<li>Medidas: Ancho 54 mm.<\/li>\n<li>Dermatol\u00f3gicamente testados.<\/li>\n<li>Anchura nominal: 54 mm.<\/li>\n<li>Caja 12 preservativos.<\/li>\n<\/ul>\n<p style=\"text-align: center;\"><img loading=\"lazy\" decoding=\"async\" alt=\"\" height=\"230\" src=\"https:\/\/dreamlove.gesio.be\/UserFiles\/image\/homeGama.png\" width=\"505\" \/><\/p>\n","protected":false},"excerpt":{"rendered":"<p>CONTROL ADAPTA NATURE EXTRALUBE 12 UNID<\/p>\n","protected":false},"featured_media":50089,"template":"","meta":[],"pwb-brand":[50],"product_brand":[],"product_cat":[367,392,391],"product_tag":[],"class_list":{"0":"post-50088","1":"product","2":"type-product","3":"status-publish","4":"has-post-thumbnail","6":"pwb-brand-control","7":"product_cat-preservativos","8":"product_cat-preservativospreservativos-gay","9":"product_cat-preservativospreservativos-naturales","10":"post_count_is_0","11":"boutique_post_style_4","13":"first","14":"instock","15":"taxable","16":"shipping-taxable","17":"purchasable","18":"product-type-simple","19":"boutique_image_style_2"},"brands":[{"id":50,"name":"CONTROL","slug":"control"}],"_links":{"self":[{"href":"https:\/\/www.pussycatmerida.com\/eshop\/wp-json\/wp\/v2\/product\/50088","targetHints":{"allow":["GET"]}}],"collection":[{"href":"https:\/\/www.pussycatmerida.com\/eshop\/wp-json\/wp\/v2\/product"}],"about":[{"href":"https:\/\/www.pussycatmerida.com\/eshop\/wp-json\/wp\/v2\/types\/product"}],"wp:featuredmedia":[{"embeddable":true,"href":"https:\/\/www.pussycatmerida.com\/eshop\/wp-json\/wp\/v2\/media\/50089"}],"wp:attachment":[{"href":"https:\/\/www.pussycatmerida.com\/eshop\/wp-json\/wp\/v2\/media?parent=50088"}],"wp:term":[{"taxonomy":"pwb-brand","embeddable":true,"href":"https:\/\/www.pussycatmerida.com\/eshop\/wp-json\/wp\/v2\/pwb-brand?post=50088"},{"taxonomy":"product_brand","embeddable":true,"href":"https:\/\/www.pussycatmerida.com\/eshop\/wp-json\/wp\/v2\/product_brand?post=50088"},{"taxonomy":"product_cat","embeddable":true,"href":"https:\/\/www.pussycatmerida.com\/eshop\/wp-json\/wp\/v2\/product_cat?post=50088"},{"taxonomy":"product_tag","embeddable":true,"href":"https:\/\/www.pussycatmerida.com\/eshop\/wp-json\/wp\/v2\/product_tag?post=50088"}],"curies":[{"name":"wp","href":"https:\/\/api.w.org\/{rel}","templated":true}]}}