{"id":50351,"date":"2021-02-26T15:08:34","date_gmt":"2021-02-26T13:08:34","guid":{"rendered":"https:\/\/www.pussycatmerida.com\/eshop\/product\/bijoux-burlesque-cubrepezones-negro\/"},"modified":"2026-03-11T12:40:06","modified_gmt":"2026-03-11T11:40:06","slug":"bijoux-burlesque-cubrepezones-negro","status":"publish","type":"product","link":"https:\/\/www.pussycatmerida.com\/eshop\/producto\/bijoux-burlesque-cubrepezones-negro\/","title":{"rendered":"BIJOUX BURLESQUE CUBREPEZONES NEGRO"},"content":{"rendered":"<p>Borlas con un movimiento \u00fanico e hipnotizador. Si disfrutas sinti\u00e9ndote atractiva y sexy, te encantar\u00e1 Burlesque Pasties que rescata el esp\u00edritu del cabaret para inspirarte y convertirte en una sensual bailarina de burlesco. Comb\u00ednala con transparencias o la lencer\u00eda m\u00e1s atrevida. \u00a1Va Va Voom! Contenido: set de cubre pezones autoadhesivos y reutilizables.<\/p>\n<p>Sab\u00edas que&#8230;<\/p>\n<p>&#8230; los pasties son reutilizables?<\/p>\n<p>&#8230; los pasties se adhieren a la piel con una fina capa de silicona hipoalerg\u00e9nica como los sujetadores invisibles, y que no dejan residuos?<\/p>\n<p>&#8230; los pasties se conservan como el primer d\u00eda lav\u00e1ndolos con un jab\u00f3n neutro, por la parte adhesiva, y dej\u00e1ndolos secar posteriormente?<\/p>\n<p>&#8230; con sus 6 cent\u00edmetros de di\u00e1metro se adaptan a cualquier forma y tama\u00f1o de pecho?<\/p>\n<p>&#8230; en el siglo XIX, Par\u00eds era una fiesta, y que las luces de los teatros de music hall deslumbraban en la noche francesa llenando las avenidas de tentaci\u00f3n y sensualidad?<\/p>\n<p>&#8230; la colecci\u00f3n Burlesque Pasties recupera el esplendor y la sofisticaci\u00f3n de aquellas a\u00f1os para ofrecerte aut\u00e9nticas armas de seducci\u00f3n con un toque de estilo vintage?<\/p>\n<p>&#8230; un baile sensual es una de las formas m\u00e1s efectivas de seducir y fantasear con la pareja?<\/p>\n<p>&#8230; a la hora de ofrecer un baile sensual a tu pareja la ambientaci\u00f3n y los detalles son cruciales? Por eso debes cuida \u00a0factores como la iluminaci\u00f3n y la m\u00fasica. Recuerda que el mobiliario de casa puede convertirse en un buen aliado: sillas, marcos de las puertas y columnas pueden ser magn\u00edficos compa\u00f1eros de baile. A la hora de bailar, col\u00f3cate cerca de \u00e9l, insin\u00faate, pero a una distancia en la que no pueda tocarte. Juega con la mirada, procurando no perder de vista la atenci\u00f3n de tu pareja. El pelo y la ropa son recursos importantes: comienza con el cabello recogido para soltarlo posteriormente, y guarda un orden al quitarte las prendas. \u00a1Lo dejar\u00e1s sin aliento!<\/p>\n<p>\u00a0<\/p>\n","protected":false},"excerpt":{"rendered":"<p>BURLESQUE PASTIES BLACK<\/p>\n","protected":false},"featured_media":50352,"template":"","meta":[],"pwb-brand":[826,51],"product_brand":[],"product_cat":[313,309,399],"product_tag":[],"class_list":{"0":"post-50351","1":"product","2":"type-product","3":"status-publish","4":"has-post-thumbnail","6":"pwb-brand-bijoux-indiscretsbijoux-burlesque-pasties","7":"pwb-brand-bijoux-indiscrets","8":"product_cat-lenceriacomplementos-lenceria","9":"product_cat-lenceria","10":"product_cat-lenceriapezoneras","11":"post_count_is_0","12":"boutique_post_style_4","14":"first","15":"instock","16":"taxable","17":"shipping-taxable","18":"purchasable","19":"product-type-simple","20":"boutique_image_style_2"},"brands":[{"id":826,"name":"BIJOUX BURLESQUE PASTIES","slug":"bijoux-indiscretsbijoux-burlesque-pasties"},{"id":51,"name":"BIJOUX INDISCRETS","slug":"bijoux-indiscrets"}],"_links":{"self":[{"href":"https:\/\/www.pussycatmerida.com\/eshop\/wp-json\/wp\/v2\/product\/50351","targetHints":{"allow":["GET"]}}],"collection":[{"href":"https:\/\/www.pussycatmerida.com\/eshop\/wp-json\/wp\/v2\/product"}],"about":[{"href":"https:\/\/www.pussycatmerida.com\/eshop\/wp-json\/wp\/v2\/types\/product"}],"wp:featuredmedia":[{"embeddable":true,"href":"https:\/\/www.pussycatmerida.com\/eshop\/wp-json\/wp\/v2\/media\/50352"}],"wp:attachment":[{"href":"https:\/\/www.pussycatmerida.com\/eshop\/wp-json\/wp\/v2\/media?parent=50351"}],"wp:term":[{"taxonomy":"pwb-brand","embeddable":true,"href":"https:\/\/www.pussycatmerida.com\/eshop\/wp-json\/wp\/v2\/pwb-brand?post=50351"},{"taxonomy":"product_brand","embeddable":true,"href":"https:\/\/www.pussycatmerida.com\/eshop\/wp-json\/wp\/v2\/product_brand?post=50351"},{"taxonomy":"product_cat","embeddable":true,"href":"https:\/\/www.pussycatmerida.com\/eshop\/wp-json\/wp\/v2\/product_cat?post=50351"},{"taxonomy":"product_tag","embeddable":true,"href":"https:\/\/www.pussycatmerida.com\/eshop\/wp-json\/wp\/v2\/product_tag?post=50351"}],"curies":[{"name":"wp","href":"https:\/\/api.w.org\/{rel}","templated":true}]}}