{"id":50878,"date":"2021-02-26T15:13:23","date_gmt":"2021-02-26T13:13:23","guid":{"rendered":"https:\/\/www.pussycatmerida.com\/eshop\/product\/control-nature-3-unid\/"},"modified":"2026-03-11T12:40:35","modified_gmt":"2026-03-11T11:40:35","slug":"control-nature-3-unid","status":"publish","type":"product","link":"https:\/\/www.pussycatmerida.com\/eshop\/producto\/control-nature-3-unid\/","title":{"rendered":"CONTROL NATURE 3 UNID"},"content":{"rendered":"<p>Preservativos de l\u00e1tex de caucho natural transparentes y con lubricante. Forma cil\u00edndrica lisa y con dep\u00f3sito<\/p>\n<ul>\n<li>Medidas: Ancho 54 mm.<\/li>\n<li>Dermatol\u00f3gicamente testados.<\/li>\n<li>Caja 3 preservativos.<\/li>\n<\/ul>\n<p style=\"text-align: center;\"><img loading=\"lazy\" decoding=\"async\" alt=\"\" height=\"230\" src=\"https:\/\/dreamlove.gesio.be\/UserFiles\/image\/homeGama.png\" width=\"505\" \/><\/p>\n","protected":false},"excerpt":{"rendered":"<p>CONTROL ADAPTA NATURE 3 UNID<\/p>\n","protected":false},"featured_media":50879,"template":"","meta":[],"pwb-brand":[50],"product_brand":[],"product_cat":[274,367,391,408],"product_tag":[],"class_list":{"0":"post-50878","1":"product","2":"type-product","3":"status-publish","4":"has-post-thumbnail","6":"pwb-brand-control","7":"product_cat-juguetes-sexuales-xxx","8":"product_cat-preservativos","9":"product_cat-preservativospreservativos-naturales","10":"product_cat-juguetes-sexuales-xxxseleccion-vending","11":"post_count_is_0","12":"boutique_post_style_4","14":"first","15":"instock","16":"taxable","17":"shipping-taxable","18":"purchasable","19":"product-type-simple","20":"boutique_image_style_2"},"brands":[{"id":50,"name":"CONTROL","slug":"control"}],"_links":{"self":[{"href":"https:\/\/www.pussycatmerida.com\/eshop\/wp-json\/wp\/v2\/product\/50878","targetHints":{"allow":["GET"]}}],"collection":[{"href":"https:\/\/www.pussycatmerida.com\/eshop\/wp-json\/wp\/v2\/product"}],"about":[{"href":"https:\/\/www.pussycatmerida.com\/eshop\/wp-json\/wp\/v2\/types\/product"}],"wp:featuredmedia":[{"embeddable":true,"href":"https:\/\/www.pussycatmerida.com\/eshop\/wp-json\/wp\/v2\/media\/50879"}],"wp:attachment":[{"href":"https:\/\/www.pussycatmerida.com\/eshop\/wp-json\/wp\/v2\/media?parent=50878"}],"wp:term":[{"taxonomy":"pwb-brand","embeddable":true,"href":"https:\/\/www.pussycatmerida.com\/eshop\/wp-json\/wp\/v2\/pwb-brand?post=50878"},{"taxonomy":"product_brand","embeddable":true,"href":"https:\/\/www.pussycatmerida.com\/eshop\/wp-json\/wp\/v2\/product_brand?post=50878"},{"taxonomy":"product_cat","embeddable":true,"href":"https:\/\/www.pussycatmerida.com\/eshop\/wp-json\/wp\/v2\/product_cat?post=50878"},{"taxonomy":"product_tag","embeddable":true,"href":"https:\/\/www.pussycatmerida.com\/eshop\/wp-json\/wp\/v2\/product_tag?post=50878"}],"curies":[{"name":"wp","href":"https:\/\/api.w.org\/{rel}","templated":true}]}}