{"id":50888,"date":"2021-02-26T15:13:26","date_gmt":"2021-02-26T13:13:26","guid":{"rendered":"https:\/\/www.pussycatmerida.com\/eshop\/product\/durex-natural-classic-6-unidades\/"},"modified":"2026-03-11T12:40:36","modified_gmt":"2026-03-11T11:40:36","slug":"durex-natural-classic-6-unidades","status":"publish","type":"product","link":"https:\/\/www.pussycatmerida.com\/eshop\/producto\/durex-natural-classic-6-unidades\/","title":{"rendered":"DUREX NATURAL CLASSIC 6 UNIDADES"},"content":{"rendered":"<p>Durex con forma easy on, m\u00e1s largos y m\u00e1s anchos que facilitan su colocaci\u00f3n.<\/p>\n<p>Con forma anat\u00f3mica que asegura la sujeci\u00f3n<\/p>\n<ul>\n<li>Lisos y con dep\u00f3sito.<\/li>\n<li>Con aroma Zeus que enmascara el olor a l\u00e1tex.<\/li>\n<li>Fabricado con l\u00e1tex de caucho natural.<\/li>\n<li>Verificados electr\u00f3nicamente uno por uno.<\/li>\n<\/ul>\n<p>Estuche 6 Unidades<\/p>\n","protected":false},"excerpt":{"rendered":"<p>DUREX NATURAL CLASSIC 6 UNITS<\/p>\n","protected":false},"featured_media":50889,"template":"","meta":[],"pwb-brand":[49,778],"product_brand":[],"product_cat":[274,367,391,408],"product_tag":[],"class_list":{"0":"post-50888","1":"product","2":"type-product","3":"status-publish","4":"has-post-thumbnail","6":"pwb-brand-durex","7":"pwb-brand-durexdurex-condoms","8":"product_cat-juguetes-sexuales-xxx","9":"product_cat-preservativos","10":"product_cat-preservativospreservativos-naturales","11":"product_cat-juguetes-sexuales-xxxseleccion-vending","12":"post_count_is_0","13":"boutique_post_style_4","15":"first","16":"instock","17":"taxable","18":"shipping-taxable","19":"purchasable","20":"product-type-simple","21":"boutique_image_style_2"},"brands":[{"id":49,"name":"DUREX","slug":"durex"},{"id":778,"name":"DUREX CONDOMS","slug":"durexdurex-condoms"}],"_links":{"self":[{"href":"https:\/\/www.pussycatmerida.com\/eshop\/wp-json\/wp\/v2\/product\/50888","targetHints":{"allow":["GET"]}}],"collection":[{"href":"https:\/\/www.pussycatmerida.com\/eshop\/wp-json\/wp\/v2\/product"}],"about":[{"href":"https:\/\/www.pussycatmerida.com\/eshop\/wp-json\/wp\/v2\/types\/product"}],"wp:featuredmedia":[{"embeddable":true,"href":"https:\/\/www.pussycatmerida.com\/eshop\/wp-json\/wp\/v2\/media\/50889"}],"wp:attachment":[{"href":"https:\/\/www.pussycatmerida.com\/eshop\/wp-json\/wp\/v2\/media?parent=50888"}],"wp:term":[{"taxonomy":"pwb-brand","embeddable":true,"href":"https:\/\/www.pussycatmerida.com\/eshop\/wp-json\/wp\/v2\/pwb-brand?post=50888"},{"taxonomy":"product_brand","embeddable":true,"href":"https:\/\/www.pussycatmerida.com\/eshop\/wp-json\/wp\/v2\/product_brand?post=50888"},{"taxonomy":"product_cat","embeddable":true,"href":"https:\/\/www.pussycatmerida.com\/eshop\/wp-json\/wp\/v2\/product_cat?post=50888"},{"taxonomy":"product_tag","embeddable":true,"href":"https:\/\/www.pussycatmerida.com\/eshop\/wp-json\/wp\/v2\/product_tag?post=50888"}],"curies":[{"name":"wp","href":"https:\/\/api.w.org\/{rel}","templated":true}]}}