{"id":51509,"date":"2021-02-26T15:19:55","date_gmt":"2021-02-26T13:19:55","guid":{"rendered":"https:\/\/www.pussycatmerida.com\/eshop\/product\/coquette-chic-desire-antifaz-encaje-negro\/"},"modified":"2026-03-11T12:39:45","modified_gmt":"2026-03-11T11:39:45","slug":"coquette-chic-desire-antifaz-encaje-negro","status":"publish","type":"product","link":"https:\/\/www.pussycatmerida.com\/eshop\/producto\/coquette-chic-desire-antifaz-encaje-negro\/","title":{"rendered":"COQUETTE CHIC DESIRE ANTIFAZ ENCAJE NEGRO"},"content":{"rendered":"<p>Es su vida sexual lo suficientemente excitante? \u00a1A\u00f1ada este antifaz de encaje de Coquette! Gracias a que este material permite pasar un poco de luz, se reduce su visi\u00f3n, pero sus otros sentidos estar\u00e1n m\u00e1s despiertos.<\/p>\n<ul>\n<li>Utilice este producto solo o en combinaci\u00f3n con otros productos de Coquette<\/li>\n<\/ul>\n<p>LA MARCA COQUETTE<\/p>\n<p>Llega las novedades de la colecci\u00f3n COQUETTE con inspiraci\u00f3n femenina y elegante. La marca se une a los adeptos del lujo placer vida  sensualidad armon\u00eda elplacercongarant\u00edas y nos ofrece looks \u00fanicos en la jugueter\u00eda sexual aptos para cualquier ocasi\u00f3n. \u201cNos trasladamos a newyork donde las tiendas inspiran a todos los humanos para convertir la inspiraci\u00f3n en realidad a trav\u00e9s de Coquette\u201d<\/p>\n<p>La mujer del siglo XXI es s\u00edmbolo de prosperidad, estabilidad y elegancia. Todo va asociado a la felicidad sexual y la paz interior, y para ello nace COQUETTE, una marca 100% inspirada en la mujer del siglo XXI europea.<\/p>\n","protected":false},"excerpt":{"rendered":"<p>COQUETTE CHIC DESIRE LACE MASK BLACK<\/p>\n","protected":false},"featured_media":51510,"template":"","meta":[],"pwb-brand":[473],"product_brand":[],"product_cat":[409,282,274,389,471],"product_tag":[],"class_list":{"0":"post-51509","1":"product","2":"type-product","3":"status-publish","4":"has-post-thumbnail","6":"pwb-brand-coquette","7":"product_cat-juguetes-sexuales-xxxfetish-bondageantifaces-mascaras","8":"product_cat-juguetes-sexuales-xxxfetish-bondage","9":"product_cat-juguetes-sexuales-xxx","10":"product_cat-juguetes-sexuales-xxxmascaras-y-esposas","11":"product_cat-novedades","12":"post_count_is_0","13":"boutique_post_style_4","15":"first","16":"instock","17":"taxable","18":"shipping-taxable","19":"purchasable","20":"product-type-simple","21":"boutique_image_style_2"},"brands":[{"id":473,"name":"COQUETTE","slug":"coquette"}],"_links":{"self":[{"href":"https:\/\/www.pussycatmerida.com\/eshop\/wp-json\/wp\/v2\/product\/51509","targetHints":{"allow":["GET"]}}],"collection":[{"href":"https:\/\/www.pussycatmerida.com\/eshop\/wp-json\/wp\/v2\/product"}],"about":[{"href":"https:\/\/www.pussycatmerida.com\/eshop\/wp-json\/wp\/v2\/types\/product"}],"wp:featuredmedia":[{"embeddable":true,"href":"https:\/\/www.pussycatmerida.com\/eshop\/wp-json\/wp\/v2\/media\/51510"}],"wp:attachment":[{"href":"https:\/\/www.pussycatmerida.com\/eshop\/wp-json\/wp\/v2\/media?parent=51509"}],"wp:term":[{"taxonomy":"pwb-brand","embeddable":true,"href":"https:\/\/www.pussycatmerida.com\/eshop\/wp-json\/wp\/v2\/pwb-brand?post=51509"},{"taxonomy":"product_brand","embeddable":true,"href":"https:\/\/www.pussycatmerida.com\/eshop\/wp-json\/wp\/v2\/product_brand?post=51509"},{"taxonomy":"product_cat","embeddable":true,"href":"https:\/\/www.pussycatmerida.com\/eshop\/wp-json\/wp\/v2\/product_cat?post=51509"},{"taxonomy":"product_tag","embeddable":true,"href":"https:\/\/www.pussycatmerida.com\/eshop\/wp-json\/wp\/v2\/product_tag?post=51509"}],"curies":[{"name":"wp","href":"https:\/\/api.w.org\/{rel}","templated":true}]}}