{"id":53511,"date":"2021-02-26T15:38:52","date_gmt":"2021-02-26T13:38:52","guid":{"rendered":"https:\/\/www.pussycatmerida.com\/eshop\/product\/addicted-toys-set-4-plugs-anales\/"},"modified":"2026-03-11T12:39:34","modified_gmt":"2026-03-11T11:39:34","slug":"addicted-toys-set-4-plugs-anales","status":"publish","type":"product","link":"https:\/\/www.pussycatmerida.com\/eshop\/producto\/addicted-toys-set-4-plugs-anales\/","title":{"rendered":"ADDICTED TOYS SET 4 PLUGS ANALES"},"content":{"rendered":"<p>Cualquier amante del placer sabe que debe de contar con todos los elementos para obtenerlo.\u00a0<\/p>\n<p>Addicted Toys sabe lo que necesitan, es por ello que presenta este fabuloso set de plugs anales. de m\u00faltiples formas y dise\u00f1os. Tan solo tienes que escoger el que prefieras, aplicar una buena cantidad de lubricante para facilitar la inserci\u00f3n, (desde Addicted Toys recomendamos Waterfeel base agua Natural) y a \u00a1disfrutar!\u00a0<\/p>\n<ul>\n<li>Set 4 plugs anales\u00a0<\/li>\n<li>Gran flexibilidad lo que permite alta estimulaci\u00f3n sobre el punto P\u00a0<\/li>\n<li>Material body-safe y sin ftalatos\u00a0<\/li>\n<li>Medidas:\n<ul>\n<li>Plug 1: Longitud total: 9 cm \/ Maximo di\u00e1metro del eje: 2.4 cm\u00a0<\/li>\n<li>Plug 2: Longitud total: 9.6 cm \/ Maximo di\u00e1metro del eje: 2.4 cm\u00a0<\/li>\n<li>Plug 3: Longitud total: 10.9\u00a0cm \/ Maximo di\u00e1metro del eje: 2.7\u00a0cm\u00a0<\/li>\n<li>Plug 4: Longitud total: 12.2\u00a0cm \/ Maximo di\u00e1metro del eje: 3.7\u00a0cm\u00a0<\/li>\n<\/ul>\n<\/li>\n<\/ul>\n<p>Para los adictos al\u00a0placer, \u00a1un set de plugs anales!<\/p>\n","protected":false},"excerpt":{"rendered":"<p>ADDICTED TOYS 4  ANAL PLUGS SET<\/p>\n","protected":false},"featured_media":53512,"template":"","meta":[],"pwb-brand":[464],"product_brand":[],"product_cat":[275,280,387,274,471,306,300],"product_tag":[],"class_list":{"0":"post-53511","1":"product","2":"type-product","3":"status-publish","4":"has-post-thumbnail","6":"pwb-brand-addicted-toys","7":"product_cat-juguetes-sexuales-xxxacuaticos","8":"product_cat-juguetes-sexuales-xxxanal","9":"product_cat-juguetes-sexuales-xxxespecial-gays","10":"product_cat-juguetes-sexuales-xxx","11":"product_cat-novedades","12":"product_cat-juguetes-sexuales-xxxpara-el","13":"product_cat-juguetes-sexuales-xxxplugs-anales","14":"post_count_is_0","15":"boutique_post_style_4","17":"first","18":"instock","19":"taxable","20":"shipping-taxable","21":"purchasable","22":"product-type-simple","23":"boutique_image_style_2"},"brands":[{"id":464,"name":"ADDICTED TOYS","slug":"addicted-toys"}],"_links":{"self":[{"href":"https:\/\/www.pussycatmerida.com\/eshop\/wp-json\/wp\/v2\/product\/53511","targetHints":{"allow":["GET"]}}],"collection":[{"href":"https:\/\/www.pussycatmerida.com\/eshop\/wp-json\/wp\/v2\/product"}],"about":[{"href":"https:\/\/www.pussycatmerida.com\/eshop\/wp-json\/wp\/v2\/types\/product"}],"wp:featuredmedia":[{"embeddable":true,"href":"https:\/\/www.pussycatmerida.com\/eshop\/wp-json\/wp\/v2\/media\/53512"}],"wp:attachment":[{"href":"https:\/\/www.pussycatmerida.com\/eshop\/wp-json\/wp\/v2\/media?parent=53511"}],"wp:term":[{"taxonomy":"pwb-brand","embeddable":true,"href":"https:\/\/www.pussycatmerida.com\/eshop\/wp-json\/wp\/v2\/pwb-brand?post=53511"},{"taxonomy":"product_brand","embeddable":true,"href":"https:\/\/www.pussycatmerida.com\/eshop\/wp-json\/wp\/v2\/product_brand?post=53511"},{"taxonomy":"product_cat","embeddable":true,"href":"https:\/\/www.pussycatmerida.com\/eshop\/wp-json\/wp\/v2\/product_cat?post=53511"},{"taxonomy":"product_tag","embeddable":true,"href":"https:\/\/www.pussycatmerida.com\/eshop\/wp-json\/wp\/v2\/product_tag?post=53511"}],"curies":[{"name":"wp","href":"https:\/\/api.w.org\/{rel}","templated":true}]}}